{"id":2885,"date":"2023-12-13T13:12:40","date_gmt":"2023-12-13T12:12:40","guid":{"rendered":"https:\/\/sportyheaven.pl\/produkty\/cisnieniomierz-manometr-do-pilek\/"},"modified":"2024-05-24T09:11:25","modified_gmt":"2024-05-24T07:11:25","slug":"cisnieniomierz-manometr-do-pilek","status":"publish","type":"product","link":"https:\/\/sportyheaven.pl\/en\/sklep\/cisnieniomierz-manometr-do-pilek\/","title":{"rendered":"Ci\u015bnieniomierz, manometr do pi\u0142ek"},"content":{"rendered":"<p><span style=\"font-family:'Open Sans', sans-serif;font-size:10pt;\"><strong>Ci\u015bnieniomierz\u00a0<br \/><\/strong><br \/>&#8211; Ci\u015bnieniomierz do kontroli ci\u015bnienia powietrza\u00a0w pi\u0142kach\u00a0no\u017cnych i r\u0119cznych.\u00a0<br \/><\/span><span style=\"font-size:10pt;\"><span style=\"font-family:'Open Sans', sans-serif;\">&#8211; W komplecie ig\u0142a i regulator ci\u015bnienia.<br \/><\/span><span style=\"font-family:'Open Sans', sans-serif;\"><br \/>Kod produktu: 100131<\/span><\/span><\/p>\n","protected":false},"excerpt":{"rendered":"<p>YAKIMASPORT<br \/>\nEAN: 5903796712193<\/p>\n","protected":false},"featured_media":2883,"template":"","meta":{"_acf_changed":false},"marka":[],"product_cat":[233,292,234,299,367],"product_tag":[],"class_list":{"0":"post-2885","1":"product","2":"type-product","3":"status-publish","4":"has-post-thumbnail","6":"product_cat-school-accessories","7":"product_cat-football","8":"product_cat-pumps-compressors","9":"product_cat-football-training-equipment","10":"product_cat-yakimasport-en","12":"first","13":"instock","14":"taxable","15":"shipping-taxable","16":"purchasable","17":"product-type-simple"},"acf":{"informacje_o_zakupach":"Bezpieczne zakupy, 12 miesi\u0119czna gwarancja!","informacje_o_dostawie_ys":"Szybka realizacja zam\u00f3wienia i dostawa","informacje_o_zwrocie":"14-dniowa mo\u017cliwo\u015b\u0107 zwrotu!"},"_links":{"self":[{"href":"https:\/\/sportyheaven.pl\/en\/wp-json\/wp\/v2\/product\/2885","targetHints":{"allow":["GET"]}}],"collection":[{"href":"https:\/\/sportyheaven.pl\/en\/wp-json\/wp\/v2\/product"}],"about":[{"href":"https:\/\/sportyheaven.pl\/en\/wp-json\/wp\/v2\/types\/product"}],"version-history":[{"count":0,"href":"https:\/\/sportyheaven.pl\/en\/wp-json\/wp\/v2\/product\/2885\/revisions"}],"wp:featuredmedia":[{"embeddable":true,"href":"https:\/\/sportyheaven.pl\/en\/wp-json\/wp\/v2\/media\/2883"}],"wp:attachment":[{"href":"https:\/\/sportyheaven.pl\/en\/wp-json\/wp\/v2\/media?parent=2885"}],"wp:term":[{"taxonomy":"marka","embeddable":true,"href":"https:\/\/sportyheaven.pl\/en\/wp-json\/wp\/v2\/marka?post=2885"},{"taxonomy":"product_cat","embeddable":true,"href":"https:\/\/sportyheaven.pl\/en\/wp-json\/wp\/v2\/product_cat?post=2885"},{"taxonomy":"product_tag","embeddable":true,"href":"https:\/\/sportyheaven.pl\/en\/wp-json\/wp\/v2\/product_tag?post=2885"}],"curies":[{"name":"wp","href":"https:\/\/api.w.org\/{rel}","templated":true}]}}