{"id":2882,"date":"2023-12-13T13:12:40","date_gmt":"2023-12-13T12:12:40","guid":{"rendered":"https:\/\/sportyheaven.pl\/produkty\/zestaw-igla-z-wezykiem\/"},"modified":"2025-04-29T06:34:35","modified_gmt":"2025-04-29T04:34:35","slug":"zestaw-igla-z-wezykiem","status":"publish","type":"product","link":"https:\/\/sportyheaven.pl\/en\/sklep\/zestaw-igla-z-wezykiem\/","title":{"rendered":"Zestaw ig\u0142a z w\u0119\u017cykiem"},"content":{"rendered":"<p><span style=\"font-family: 'Open Sans', sans-serif; font-size: 10pt;\">\u2705 W zestawie: ig\u0142a do pompki, 1 w\u0119\u017cyk, 1 ko\u0144c\u00f3wka<\/span><\/p>\n","protected":false},"excerpt":{"rendered":"<p>YAKIMASPORT<br \/>\nEAN: 5903796710991<\/p>\n","protected":false},"featured_media":5565,"template":"","meta":{"_acf_changed":false},"marka":[],"product_cat":[130,133,123,74,82],"product_tag":[],"class_list":{"0":"post-2882","1":"product","2":"type-product","3":"status-publish","4":"has-post-thumbnail","6":"product_cat-akcesoria-dla-szkol","7":"product_cat-pompki-kompresory","8":"product_cat-yakimasport","9":"product_cat-pilka-nozna","10":"product_cat-sprzet-treningowy-pilka-nozna","12":"first","13":"instock","14":"taxable","15":"shipping-taxable","16":"purchasable","17":"product-type-simple"},"acf":[],"_links":{"self":[{"href":"https:\/\/sportyheaven.pl\/en\/wp-json\/wp\/v2\/product\/2882","targetHints":{"allow":["GET"]}}],"collection":[{"href":"https:\/\/sportyheaven.pl\/en\/wp-json\/wp\/v2\/product"}],"about":[{"href":"https:\/\/sportyheaven.pl\/en\/wp-json\/wp\/v2\/types\/product"}],"version-history":[{"count":1,"href":"https:\/\/sportyheaven.pl\/en\/wp-json\/wp\/v2\/product\/2882\/revisions"}],"predecessor-version":[{"id":5733,"href":"https:\/\/sportyheaven.pl\/en\/wp-json\/wp\/v2\/product\/2882\/revisions\/5733"}],"wp:featuredmedia":[{"embeddable":true,"href":"https:\/\/sportyheaven.pl\/en\/wp-json\/wp\/v2\/media\/5565"}],"wp:attachment":[{"href":"https:\/\/sportyheaven.pl\/en\/wp-json\/wp\/v2\/media?parent=2882"}],"wp:term":[{"taxonomy":"marka","embeddable":true,"href":"https:\/\/sportyheaven.pl\/en\/wp-json\/wp\/v2\/marka?post=2882"},{"taxonomy":"product_cat","embeddable":true,"href":"https:\/\/sportyheaven.pl\/en\/wp-json\/wp\/v2\/product_cat?post=2882"},{"taxonomy":"product_tag","embeddable":true,"href":"https:\/\/sportyheaven.pl\/en\/wp-json\/wp\/v2\/product_tag?post=2882"}],"curies":[{"name":"wp","href":"https:\/\/api.w.org\/{rel}","templated":true}]}}