{"id":2870,"date":"2023-12-13T13:12:34","date_gmt":"2023-12-13T12:12:34","guid":{"rendered":"https:\/\/sportyheaven.pl\/produkty\/pilka-nozna-piankowa-dla-dzieci-1-6-lat\/"},"modified":"2025-04-29T06:34:34","modified_gmt":"2025-04-29T04:34:34","slug":"pilka-nozna-piankowa-dla-dzieci-1-6-lat","status":"publish","type":"product","link":"https:\/\/sportyheaven.pl\/en\/sklep\/pilka-nozna-piankowa-dla-dzieci-1-6-lat\/","title":{"rendered":"Pi\u0142ka piankowa, g\u0105bczasta dla dzieci 3-7 lat"},"content":{"rendered":"<p><span style=\"font-family:'Open Sans', sans-serif;font-size:10pt;\">\u2705 Rozmiar 3 (dla dzieci 3-7 lat)<\/span><br \/><span style=\"font-family:'Open Sans', sans-serif;font-size:10pt;\">\u2705 Pi\u0142ka wykonana z utwardzonej pianki wg specjalnego projektu przeznaczona dla dzieci <\/span><br \/><span style=\"font-family:'Open Sans', sans-serif;font-size:10pt;\">\u2705 Doskona\u0142a do nauki &#8211; mi\u0119kka, lekka i trwa\u0142a. Wykonana z bezpiecznego materia\u0142u <\/span><br \/><span style=\"font-family:'Open Sans', sans-serif;font-size:10pt;\">\u2705 Na ka\u017cdy rodzaj nawierzchni<\/span><\/p>\n","protected":false},"excerpt":{"rendered":"<p>YAKIMASPORT<br \/>\nEAN: 5903137554802<\/p>\n","protected":false},"featured_media":5699,"template":"","meta":{"_acf_changed":false},"marka":[],"product_cat":[127,123,74,75],"product_tag":[],"class_list":{"0":"post-2870","1":"product","2":"type-product","3":"status-publish","4":"has-post-thumbnail","6":"product_cat-pilki","7":"product_cat-yakimasport","8":"product_cat-pilka-nozna","9":"product_cat-pilki-do-pilki-noznej","11":"first","12":"instock","13":"taxable","14":"shipping-taxable","15":"purchasable","16":"product-type-simple"},"acf":[],"_links":{"self":[{"href":"https:\/\/sportyheaven.pl\/en\/wp-json\/wp\/v2\/product\/2870","targetHints":{"allow":["GET"]}}],"collection":[{"href":"https:\/\/sportyheaven.pl\/en\/wp-json\/wp\/v2\/product"}],"about":[{"href":"https:\/\/sportyheaven.pl\/en\/wp-json\/wp\/v2\/types\/product"}],"version-history":[{"count":2,"href":"https:\/\/sportyheaven.pl\/en\/wp-json\/wp\/v2\/product\/2870\/revisions"}],"predecessor-version":[{"id":5701,"href":"https:\/\/sportyheaven.pl\/en\/wp-json\/wp\/v2\/product\/2870\/revisions\/5701"}],"wp:featuredmedia":[{"embeddable":true,"href":"https:\/\/sportyheaven.pl\/en\/wp-json\/wp\/v2\/media\/5699"}],"wp:attachment":[{"href":"https:\/\/sportyheaven.pl\/en\/wp-json\/wp\/v2\/media?parent=2870"}],"wp:term":[{"taxonomy":"marka","embeddable":true,"href":"https:\/\/sportyheaven.pl\/en\/wp-json\/wp\/v2\/marka?post=2870"},{"taxonomy":"product_cat","embeddable":true,"href":"https:\/\/sportyheaven.pl\/en\/wp-json\/wp\/v2\/product_cat?post=2870"},{"taxonomy":"product_tag","embeddable":true,"href":"https:\/\/sportyheaven.pl\/en\/wp-json\/wp\/v2\/product_tag?post=2870"}],"curies":[{"name":"wp","href":"https:\/\/api.w.org\/{rel}","templated":true}]}}