{"id":2858,"date":"2023-12-13T13:12:29","date_gmt":"2023-12-13T12:12:29","guid":{"rendered":"https:\/\/sportyheaven.pl\/produkty\/bramka-pop-up-kwadratowa-12x08-m-2-sztuki-torba-120x80cm\/"},"modified":"2025-04-29T06:28:51","modified_gmt":"2025-04-29T04:28:51","slug":"bramka-pop-up-kwadratowa-12x08-m-2-sztuki-torba-120x80cm","status":"publish","type":"product","link":"https:\/\/sportyheaven.pl\/en\/sklep\/bramka-pop-up-kwadratowa-12x08-m-2-sztuki-torba-120x80cm\/","title":{"rendered":"Bramka POP-UP kwadratowa 1,2&#215;0,8 m (2 sztuki + torba) 120x80cm"},"content":{"rendered":"<p><span style=\"font-family: 'Open Sans', sans-serif; font-size: 10pt;\"><strong>\u2705<\/strong>\u00a0Wymiary: 120x86x88cm,<\/span><br \/><span style=\"font-family: 'Open Sans', sans-serif; font-size: 10pt;\"><strong>\u2705<\/strong>\u00a0Demonta\u017c bramki zajmuje mniej ni\u017c 2 minuty<\/span><br \/><span style=\"font-family: 'Open Sans', sans-serif; font-size: 10pt;\"><strong>\u2705<\/strong>\u00a0Bramk\u0119 przechowujemy w specjalnej torbie, do\u0142\u0105czonej do zestawu<\/span><\/p>\n","protected":false},"excerpt":{"rendered":"<p>YAKIMASPORT<br \/>\nEAN: 5906718236401<\/p>\n","protected":false},"featured_media":2856,"template":"","meta":{"_acf_changed":false},"marka":[],"product_cat":[123,74,76],"product_tag":[],"class_list":{"0":"post-2858","1":"product","2":"type-product","3":"status-publish","4":"has-post-thumbnail","6":"product_cat-yakimasport","7":"product_cat-pilka-nozna","8":"product_cat-bramki-pilka-nozna","10":"first","11":"instock","12":"taxable","13":"shipping-taxable","14":"purchasable","15":"product-type-simple"},"acf":[],"_links":{"self":[{"href":"https:\/\/sportyheaven.pl\/en\/wp-json\/wp\/v2\/product\/2858","targetHints":{"allow":["GET"]}}],"collection":[{"href":"https:\/\/sportyheaven.pl\/en\/wp-json\/wp\/v2\/product"}],"about":[{"href":"https:\/\/sportyheaven.pl\/en\/wp-json\/wp\/v2\/types\/product"}],"version-history":[{"count":1,"href":"https:\/\/sportyheaven.pl\/en\/wp-json\/wp\/v2\/product\/2858\/revisions"}],"predecessor-version":[{"id":5817,"href":"https:\/\/sportyheaven.pl\/en\/wp-json\/wp\/v2\/product\/2858\/revisions\/5817"}],"wp:featuredmedia":[{"embeddable":true,"href":"https:\/\/sportyheaven.pl\/en\/wp-json\/wp\/v2\/media\/2856"}],"wp:attachment":[{"href":"https:\/\/sportyheaven.pl\/en\/wp-json\/wp\/v2\/media?parent=2858"}],"wp:term":[{"taxonomy":"marka","embeddable":true,"href":"https:\/\/sportyheaven.pl\/en\/wp-json\/wp\/v2\/marka?post=2858"},{"taxonomy":"product_cat","embeddable":true,"href":"https:\/\/sportyheaven.pl\/en\/wp-json\/wp\/v2\/product_cat?post=2858"},{"taxonomy":"product_tag","embeddable":true,"href":"https:\/\/sportyheaven.pl\/en\/wp-json\/wp\/v2\/product_tag?post=2858"}],"curies":[{"name":"wp","href":"https:\/\/api.w.org\/{rel}","templated":true}]}}