{"id":2855,"date":"2023-12-13T13:12:28","date_gmt":"2023-12-13T12:12:28","guid":{"rendered":"https:\/\/sportyheaven.pl\/produkty\/bramka-przenosna-pop-up-12x08-m-2-sztuki-torba-120x80cm\/"},"modified":"2025-04-29T06:28:51","modified_gmt":"2025-04-29T04:28:51","slug":"bramka-przenosna-pop-up-12x08-m-2-sztuki-torba-120x80cm","status":"publish","type":"product","link":"https:\/\/sportyheaven.pl\/en\/sklep\/bramka-przenosna-pop-up-12x08-m-2-sztuki-torba-120x80cm\/","title":{"rendered":"Bramka przeno\u015bna POP-UP 1,2m x 0,8 m (2 sztuki + torba) 120x80cm"},"content":{"rendered":"<p><span style=\"font-family: 'Open Sans', sans-serif; font-size: 10pt;\">\u2705 Wymiary: 120cm x 86cm x 88cm<\/span><br \/><span style=\"font-family: 'Open Sans', sans-serif; font-size: 10pt;\">\u2705 Bramki s\u0105 gotowe do gry zaraz po roz\u0142o\u017ceniu<\/span><br \/><span style=\"font-family: 'Open Sans', sans-serif; font-size: 10pt;\">\u2705 Bramki przechowujemy w specjalnej torbie, do\u0142\u0105czonej do zestawu<br \/>\u2705 W zestawie s\u0105 dwie bramki<br \/><\/span><\/p>\n","protected":false},"excerpt":{"rendered":"<p>YAKIMASPORT<br \/>\nEAN: 5903137554192<\/p>\n","protected":false},"featured_media":2853,"template":"","meta":{"_acf_changed":false},"marka":[],"product_cat":[76,74,123],"product_tag":[],"class_list":{"0":"post-2855","1":"product","2":"type-product","3":"status-publish","4":"has-post-thumbnail","6":"product_cat-bramki-pilka-nozna","7":"product_cat-pilka-nozna","8":"product_cat-yakimasport","10":"first","11":"instock","12":"taxable","13":"shipping-taxable","14":"purchasable","15":"product-type-simple"},"acf":[],"_links":{"self":[{"href":"https:\/\/sportyheaven.pl\/en\/wp-json\/wp\/v2\/product\/2855","targetHints":{"allow":["GET"]}}],"collection":[{"href":"https:\/\/sportyheaven.pl\/en\/wp-json\/wp\/v2\/product"}],"about":[{"href":"https:\/\/sportyheaven.pl\/en\/wp-json\/wp\/v2\/types\/product"}],"version-history":[{"count":3,"href":"https:\/\/sportyheaven.pl\/en\/wp-json\/wp\/v2\/product\/2855\/revisions"}],"predecessor-version":[{"id":5754,"href":"https:\/\/sportyheaven.pl\/en\/wp-json\/wp\/v2\/product\/2855\/revisions\/5754"}],"wp:featuredmedia":[{"embeddable":true,"href":"https:\/\/sportyheaven.pl\/en\/wp-json\/wp\/v2\/media\/2853"}],"wp:attachment":[{"href":"https:\/\/sportyheaven.pl\/en\/wp-json\/wp\/v2\/media?parent=2855"}],"wp:term":[{"taxonomy":"marka","embeddable":true,"href":"https:\/\/sportyheaven.pl\/en\/wp-json\/wp\/v2\/marka?post=2855"},{"taxonomy":"product_cat","embeddable":true,"href":"https:\/\/sportyheaven.pl\/en\/wp-json\/wp\/v2\/product_cat?post=2855"},{"taxonomy":"product_tag","embeddable":true,"href":"https:\/\/sportyheaven.pl\/en\/wp-json\/wp\/v2\/product_tag?post=2855"}],"curies":[{"name":"wp","href":"https:\/\/api.w.org\/{rel}","templated":true}]}}