{"id":2849,"date":"2023-12-13T13:12:25","date_gmt":"2023-12-13T12:12:25","guid":{"rendered":"https:\/\/sportyheaven.pl\/produkty\/mata-do-celnosci-strzalow-na-bramke-giza-zak-3m-x-155m-300cm-x-155cm\/"},"modified":"2024-11-28T00:47:03","modified_gmt":"2024-11-27T23:47:03","slug":"mata-do-celnosci-strzalow-na-bramke-giza-zak-3m-x-155m-300cm-x-155cm","status":"publish","type":"product","link":"https:\/\/sportyheaven.pl\/en\/sklep\/mata-do-celnosci-strzalow-na-bramke-giza-zak-3m-x-155m-300cm-x-155cm\/","title":{"rendered":"Mata do celno\u015bci strza\u0142\u00f3w na bramk\u0119 GIZA \u017bAK 3m x 1,55m | 300cm x 155cm"},"content":{"rendered":"<p><span style=\"font-size: 10pt; font-family: 'Open Sans', sans-serif;\"><strong>Mata do celno\u015bci strza\u0142\u00f3w na bramk\u0119 GIZA 300X155 cm<\/strong><\/p>\n<p>&#8211; Mata\u00a0posiada\u00a04\u00a0otwory\u00a0w ka\u017cdym\u00a0rogu.<br \/>&#8211; Przygotowana na bramk\u0119 Giza w rozmiarze 300&#215;155 cm<br \/>&#8211; \u0141atwo montuje si\u0119 j\u0105 i demontuje<\/p>\n<p>Kod produktu:\u00a0100284 <\/span><\/p>\n","protected":false},"excerpt":{"rendered":"<p>YAKIMASPORT<br \/>\nEAN: 5906718236531<\/p>\n","protected":false},"featured_media":2847,"template":"","meta":{"_acf_changed":false},"marka":[],"product_cat":[123,74,82],"product_tag":[],"class_list":{"0":"post-2849","1":"product","2":"type-product","3":"status-publish","4":"has-post-thumbnail","6":"product_cat-yakimasport","7":"product_cat-pilka-nozna","8":"product_cat-sprzet-treningowy-pilka-nozna","10":"first","11":"instock","12":"taxable","13":"shipping-taxable","14":"purchasable","15":"product-type-simple"},"acf":[],"_links":{"self":[{"href":"https:\/\/sportyheaven.pl\/en\/wp-json\/wp\/v2\/product\/2849","targetHints":{"allow":["GET"]}}],"collection":[{"href":"https:\/\/sportyheaven.pl\/en\/wp-json\/wp\/v2\/product"}],"about":[{"href":"https:\/\/sportyheaven.pl\/en\/wp-json\/wp\/v2\/types\/product"}],"version-history":[{"count":1,"href":"https:\/\/sportyheaven.pl\/en\/wp-json\/wp\/v2\/product\/2849\/revisions"}],"predecessor-version":[{"id":5654,"href":"https:\/\/sportyheaven.pl\/en\/wp-json\/wp\/v2\/product\/2849\/revisions\/5654"}],"wp:featuredmedia":[{"embeddable":true,"href":"https:\/\/sportyheaven.pl\/en\/wp-json\/wp\/v2\/media\/2847"}],"wp:attachment":[{"href":"https:\/\/sportyheaven.pl\/en\/wp-json\/wp\/v2\/media?parent=2849"}],"wp:term":[{"taxonomy":"marka","embeddable":true,"href":"https:\/\/sportyheaven.pl\/en\/wp-json\/wp\/v2\/marka?post=2849"},{"taxonomy":"product_cat","embeddable":true,"href":"https:\/\/sportyheaven.pl\/en\/wp-json\/wp\/v2\/product_cat?post=2849"},{"taxonomy":"product_tag","embeddable":true,"href":"https:\/\/sportyheaven.pl\/en\/wp-json\/wp\/v2\/product_tag?post=2849"}],"curies":[{"name":"wp","href":"https:\/\/api.w.org\/{rel}","templated":true}]}}