{"id":2846,"date":"2023-12-13T13:12:24","date_gmt":"2023-12-13T12:12:24","guid":{"rendered":"https:\/\/sportyheaven.pl\/produkty\/mata-do-celnosci-strzalow-na-bramke-giza-18m-x-12m-180cm-x-120cm\/"},"modified":"2024-12-07T14:36:57","modified_gmt":"2024-12-07T13:36:57","slug":"mata-do-celnosci-strzalow-na-bramke-giza-18m-x-12m-180cm-x-120cm","status":"publish","type":"product","link":"https:\/\/sportyheaven.pl\/en\/sklep\/mata-do-celnosci-strzalow-na-bramke-giza-18m-x-12m-180cm-x-120cm\/","title":{"rendered":"Mata do celno\u015bci strza\u0142\u00f3w na bramk\u0119 GIZA 1,8m x 1,2m | 180cm x 120cm"},"content":{"rendered":"<p><span style=\"font-family: 'Open Sans', sans-serif; font-size: 10pt;\">\u2705 Urozmaica trening oraz zabaw\u0119 na bramce GIZA 180cm x 120cm<\/span><br \/><span style=\"font-family: 'Open Sans', sans-serif; font-size: 10pt;\">\u2705 Posiada 4 otwory do celowania pi\u0142k\u0105<\/span><\/p>\n","protected":false},"excerpt":{"rendered":"<p>YAKIMASPORT<br \/>\nEAN: 5903796710540<\/p>\n","protected":false},"featured_media":2844,"template":"","meta":{"_acf_changed":false},"marka":[],"product_cat":[123,74,82],"product_tag":[],"class_list":{"0":"post-2846","1":"product","2":"type-product","3":"status-publish","4":"has-post-thumbnail","6":"product_cat-yakimasport","7":"product_cat-pilka-nozna","8":"product_cat-sprzet-treningowy-pilka-nozna","10":"first","11":"instock","12":"taxable","13":"shipping-taxable","14":"purchasable","15":"product-type-simple"},"acf":[],"_links":{"self":[{"href":"https:\/\/sportyheaven.pl\/en\/wp-json\/wp\/v2\/product\/2846","targetHints":{"allow":["GET"]}}],"collection":[{"href":"https:\/\/sportyheaven.pl\/en\/wp-json\/wp\/v2\/product"}],"about":[{"href":"https:\/\/sportyheaven.pl\/en\/wp-json\/wp\/v2\/types\/product"}],"version-history":[{"count":2,"href":"https:\/\/sportyheaven.pl\/en\/wp-json\/wp\/v2\/product\/2846\/revisions"}],"predecessor-version":[{"id":5769,"href":"https:\/\/sportyheaven.pl\/en\/wp-json\/wp\/v2\/product\/2846\/revisions\/5769"}],"wp:featuredmedia":[{"embeddable":true,"href":"https:\/\/sportyheaven.pl\/en\/wp-json\/wp\/v2\/media\/2844"}],"wp:attachment":[{"href":"https:\/\/sportyheaven.pl\/en\/wp-json\/wp\/v2\/media?parent=2846"}],"wp:term":[{"taxonomy":"marka","embeddable":true,"href":"https:\/\/sportyheaven.pl\/en\/wp-json\/wp\/v2\/marka?post=2846"},{"taxonomy":"product_cat","embeddable":true,"href":"https:\/\/sportyheaven.pl\/en\/wp-json\/wp\/v2\/product_cat?post=2846"},{"taxonomy":"product_tag","embeddable":true,"href":"https:\/\/sportyheaven.pl\/en\/wp-json\/wp\/v2\/product_tag?post=2846"}],"curies":[{"name":"wp","href":"https:\/\/api.w.org\/{rel}","templated":true}]}}