{"id":2843,"date":"2023-12-13T13:12:22","date_gmt":"2023-12-13T12:12:22","guid":{"rendered":"https:\/\/sportyheaven.pl\/produkty\/mata-do-celnosci-strzalow-na-bramke-giza-12m-x-08m-120x80cm\/"},"modified":"2025-03-24T07:30:46","modified_gmt":"2025-03-24T06:30:46","slug":"mata-do-celnosci-strzalow-na-bramke-giza-12m-x-08m-120x80cm","status":"publish","type":"product","link":"https:\/\/sportyheaven.pl\/en\/sklep\/mata-do-celnosci-strzalow-na-bramke-giza-12m-x-08m-120x80cm\/","title":{"rendered":"Mata do celno\u015bci strza\u0142\u00f3w na bramk\u0119 GIZA 1,2m x 0,8m | 120x80cm"},"content":{"rendered":"<div style=\"text-align:left;\"><span style=\"font-family:'Open Sans', sans-serif;font-size:10pt;\">\u2705 Prosty monta\u017c:\u00a0Dzi\u0119ki wygodnemu systemowi mocowania, mata mo\u017ce by\u0107 szybko za\u0142o\u017cona i zdj\u0119ta, co u\u0142atwia organizacj\u0119 \u0107wicze\u0144.<\/span><\/div>\n<div style=\"text-align:left;\"><span style=\"font-family:'Open Sans', sans-serif;font-size:10pt;\">\u2705 Trening w ka\u017cdych warunkach:\u00a0Odporna na warunki atmosferyczne, co pozwala na korzystanie z niej na zewn\u0105trz przez ca\u0142y rok.<\/span><\/div>\n<div style=\"text-align:left;\"><span style=\"font-family:'Open Sans', sans-serif;font-size:10pt;\">\u2705 Poprawa umiej\u0119tno\u015bci:\u00a0Regularne korzystanie z maty zwi\u0119ksza skuteczno\u015b\u0107 strza\u0142\u00f3w i rozwija zdolno\u015bci ofensywne.<\/span><\/div>\n","protected":false},"excerpt":{"rendered":"<p>YAKIMASPORT<br \/>\nEAN: 5906718236524<\/p>\n","protected":false},"featured_media":2841,"template":"","meta":{"_acf_changed":false},"marka":[],"product_cat":[292,299,367],"product_tag":[],"class_list":{"0":"post-2843","1":"product","2":"type-product","3":"status-publish","4":"has-post-thumbnail","6":"product_cat-football","7":"product_cat-football-training-equipment","8":"product_cat-yakimasport-en","10":"first","11":"instock","12":"taxable","13":"shipping-taxable","14":"purchasable","15":"product-type-simple"},"acf":{"informacje_o_zakupach":"Bezpieczne zakupy, 12 miesi\u0119czna gwarancja!","informacje_o_dostawie_ys":"Szybka realizacja zam\u00f3wienia i dostawa","informacje_o_zwrocie":"14-dniowa mo\u017cliwo\u015b\u0107 zwrotu!"},"_links":{"self":[{"href":"https:\/\/sportyheaven.pl\/en\/wp-json\/wp\/v2\/product\/2843","targetHints":{"allow":["GET"]}}],"collection":[{"href":"https:\/\/sportyheaven.pl\/en\/wp-json\/wp\/v2\/product"}],"about":[{"href":"https:\/\/sportyheaven.pl\/en\/wp-json\/wp\/v2\/types\/product"}],"version-history":[{"count":3,"href":"https:\/\/sportyheaven.pl\/en\/wp-json\/wp\/v2\/product\/2843\/revisions"}],"predecessor-version":[{"id":5942,"href":"https:\/\/sportyheaven.pl\/en\/wp-json\/wp\/v2\/product\/2843\/revisions\/5942"}],"wp:featuredmedia":[{"embeddable":true,"href":"https:\/\/sportyheaven.pl\/en\/wp-json\/wp\/v2\/media\/2841"}],"wp:attachment":[{"href":"https:\/\/sportyheaven.pl\/en\/wp-json\/wp\/v2\/media?parent=2843"}],"wp:term":[{"taxonomy":"marka","embeddable":true,"href":"https:\/\/sportyheaven.pl\/en\/wp-json\/wp\/v2\/marka?post=2843"},{"taxonomy":"product_cat","embeddable":true,"href":"https:\/\/sportyheaven.pl\/en\/wp-json\/wp\/v2\/product_cat?post=2843"},{"taxonomy":"product_tag","embeddable":true,"href":"https:\/\/sportyheaven.pl\/en\/wp-json\/wp\/v2\/product_tag?post=2843"}],"curies":[{"name":"wp","href":"https:\/\/api.w.org\/{rel}","templated":true}]}}