{"id":2822,"date":"2023-12-13T13:12:15","date_gmt":"2023-12-13T12:12:15","guid":{"rendered":"https:\/\/sportyheaven.pl\/produkty\/mur-dmuchany-samowstajacy-postac\/"},"modified":"2025-04-22T02:12:04","modified_gmt":"2025-04-22T00:12:04","slug":"mur-dmuchany-samowstajacy-postac","status":"publish","type":"product","link":"https:\/\/sportyheaven.pl\/en\/sklep\/mur-dmuchany-samowstajacy-postac\/","title":{"rendered":"Mur dmuchany samowstaj\u0105cy, Posta\u0107"},"content":{"rendered":"<p><span style=\"font-family: 'Open Sans', sans-serif; font-size: 10pt;\">\u2705 Dolna komora nape\u0142niana jest wod\u0105, dzi\u0119ki temu utrzymuje pozycj\u0119 pionow\u0105 oraz wraca do takiej pozycji po uchyleniu<\/span><br \/><span style=\"font-family: 'Open Sans', sans-serif; font-size: 10pt;\">\u2705 Wysoko\u015b\u0107 postaci: 205 cm<\/span><br \/><span style=\"font-family: 'Open Sans', sans-serif; font-size: 10pt;\">\u2705 Bezpieczny dla zawodnik\u00f3w jako pasywny obro\u0144ca<br \/>\u2705 Nie wymaga wbicia w nawierzchni\u0119, dzi\u0119ki temu umo\u017cliwia trening nawet na sztucznej nawierzchni <br \/><\/span><\/p>\n","protected":false},"excerpt":{"rendered":"<p>YAKIMASPORT<br \/>\nEAN: 5903137554284<\/p>\n","protected":false},"featured_media":5366,"template":"","meta":{"_acf_changed":false},"marka":[],"product_cat":[74,82,123],"product_tag":[],"class_list":{"0":"post-2822","1":"product","2":"type-product","3":"status-publish","4":"has-post-thumbnail","6":"product_cat-pilka-nozna","7":"product_cat-sprzet-treningowy-pilka-nozna","8":"product_cat-yakimasport","10":"first","11":"instock","12":"taxable","13":"shipping-taxable","14":"purchasable","15":"product-type-simple"},"acf":[],"_links":{"self":[{"href":"https:\/\/sportyheaven.pl\/en\/wp-json\/wp\/v2\/product\/2822","targetHints":{"allow":["GET"]}}],"collection":[{"href":"https:\/\/sportyheaven.pl\/en\/wp-json\/wp\/v2\/product"}],"about":[{"href":"https:\/\/sportyheaven.pl\/en\/wp-json\/wp\/v2\/types\/product"}],"version-history":[{"count":3,"href":"https:\/\/sportyheaven.pl\/en\/wp-json\/wp\/v2\/product\/2822\/revisions"}],"predecessor-version":[{"id":5815,"href":"https:\/\/sportyheaven.pl\/en\/wp-json\/wp\/v2\/product\/2822\/revisions\/5815"}],"wp:featuredmedia":[{"embeddable":true,"href":"https:\/\/sportyheaven.pl\/en\/wp-json\/wp\/v2\/media\/5366"}],"wp:attachment":[{"href":"https:\/\/sportyheaven.pl\/en\/wp-json\/wp\/v2\/media?parent=2822"}],"wp:term":[{"taxonomy":"marka","embeddable":true,"href":"https:\/\/sportyheaven.pl\/en\/wp-json\/wp\/v2\/marka?post=2822"},{"taxonomy":"product_cat","embeddable":true,"href":"https:\/\/sportyheaven.pl\/en\/wp-json\/wp\/v2\/product_cat?post=2822"},{"taxonomy":"product_tag","embeddable":true,"href":"https:\/\/sportyheaven.pl\/en\/wp-json\/wp\/v2\/product_tag?post=2822"}],"curies":[{"name":"wp","href":"https:\/\/api.w.org\/{rel}","templated":true}]}}