{"id":2819,"date":"2023-12-13T13:12:14","date_gmt":"2023-12-13T12:12:14","guid":{"rendered":"https:\/\/sportyheaven.pl\/produkty\/mur-na-sprezynie-senior-180-cm-1-sztuka\/"},"modified":"2025-04-29T06:20:43","modified_gmt":"2025-04-29T04:20:43","slug":"mur-na-sprezynie-senior-180-cm-1-sztuka","status":"publish","type":"product","link":"https:\/\/sportyheaven.pl\/en\/sklep\/mur-na-sprezynie-senior-180-cm-1-sztuka\/","title":{"rendered":"Mur na spr\u0119\u017cynie Senior 180cm"},"content":{"rendered":"<p><span style=\"font-family: 'Open Sans', sans-serif; font-size: 10pt;\">\u2705 Wysoko\u015b\u0107 postaci: 180cm<\/span><br \/><span style=\"font-family: 'Open Sans', sans-serif; font-size: 10pt;\">\u2705 Odporno\u015b\u0107 na uszkodzenia<br \/>\u2705 Spr\u0119\u017cyny amortyzuj\u0105ce uderzenie<br \/><\/span><\/p>\n","protected":false},"excerpt":{"rendered":"<p>YAKIMASPORT<br \/>\nEAN: 5906718236739<\/p>\n","protected":false},"featured_media":5848,"template":"","meta":{"_acf_changed":false},"marka":[],"product_cat":[123,74,82],"product_tag":[],"class_list":{"0":"post-2819","1":"product","2":"type-product","3":"status-publish","4":"has-post-thumbnail","6":"product_cat-yakimasport","7":"product_cat-pilka-nozna","8":"product_cat-sprzet-treningowy-pilka-nozna","10":"first","11":"instock","12":"taxable","13":"shipping-taxable","14":"purchasable","15":"product-type-simple"},"acf":[],"_links":{"self":[{"href":"https:\/\/sportyheaven.pl\/en\/wp-json\/wp\/v2\/product\/2819","targetHints":{"allow":["GET"]}}],"collection":[{"href":"https:\/\/sportyheaven.pl\/en\/wp-json\/wp\/v2\/product"}],"about":[{"href":"https:\/\/sportyheaven.pl\/en\/wp-json\/wp\/v2\/types\/product"}],"version-history":[{"count":3,"href":"https:\/\/sportyheaven.pl\/en\/wp-json\/wp\/v2\/product\/2819\/revisions"}],"predecessor-version":[{"id":5850,"href":"https:\/\/sportyheaven.pl\/en\/wp-json\/wp\/v2\/product\/2819\/revisions\/5850"}],"wp:featuredmedia":[{"embeddable":true,"href":"https:\/\/sportyheaven.pl\/en\/wp-json\/wp\/v2\/media\/5848"}],"wp:attachment":[{"href":"https:\/\/sportyheaven.pl\/en\/wp-json\/wp\/v2\/media?parent=2819"}],"wp:term":[{"taxonomy":"marka","embeddable":true,"href":"https:\/\/sportyheaven.pl\/en\/wp-json\/wp\/v2\/marka?post=2819"},{"taxonomy":"product_cat","embeddable":true,"href":"https:\/\/sportyheaven.pl\/en\/wp-json\/wp\/v2\/product_cat?post=2819"},{"taxonomy":"product_tag","embeddable":true,"href":"https:\/\/sportyheaven.pl\/en\/wp-json\/wp\/v2\/product_tag?post=2819"}],"curies":[{"name":"wp","href":"https:\/\/api.w.org\/{rel}","templated":true}]}}