{"id":2816,"date":"2023-12-13T13:12:14","date_gmt":"2023-12-13T12:12:14","guid":{"rendered":"https:\/\/sportyheaven.pl\/produkty\/mur-na-sprezynie-junior-zak-150-cm-1-sztuka\/"},"modified":"2025-04-29T06:20:43","modified_gmt":"2025-04-29T04:20:43","slug":"mur-na-sprezynie-junior-zak-150-cm-1-sztuka","status":"publish","type":"product","link":"https:\/\/sportyheaven.pl\/en\/sklep\/mur-na-sprezynie-junior-zak-150-cm-1-sztuka\/","title":{"rendered":"Mur na spr\u0119\u017cynie Junior \u017bak 150cm"},"content":{"rendered":"<p><span style=\"font-family: 'Open Sans', sans-serif; font-size: 10pt;\">\u2705 Wysoko\u015b\u0107 postaci 150cm<\/span><br \/><span style=\"font-family: 'Open Sans', sans-serif; font-size: 10pt;\">\u2705 Spr\u0119\u017cyny powoduj\u0105 amortyzacj\u0119 uderzenia pi\u0142ki<br \/>\u2705 Spr\u0119\u017cyny amortyzuj\u0105ce uderzenie pi\u0142ki<br \/><\/span><\/p>\n","protected":false},"excerpt":{"rendered":"<p>YAKIMASPORT<br \/>\nEAN: 5906718236746<\/p>\n","protected":false},"featured_media":5845,"template":"","meta":{"_acf_changed":false},"marka":[],"product_cat":[292,299,367],"product_tag":[],"class_list":{"0":"post-2816","1":"product","2":"type-product","3":"status-publish","4":"has-post-thumbnail","6":"product_cat-football","7":"product_cat-football-training-equipment","8":"product_cat-yakimasport-en","10":"first","11":"instock","12":"taxable","13":"shipping-taxable","14":"purchasable","15":"product-type-simple"},"acf":[],"_links":{"self":[{"href":"https:\/\/sportyheaven.pl\/en\/wp-json\/wp\/v2\/product\/2816","targetHints":{"allow":["GET"]}}],"collection":[{"href":"https:\/\/sportyheaven.pl\/en\/wp-json\/wp\/v2\/product"}],"about":[{"href":"https:\/\/sportyheaven.pl\/en\/wp-json\/wp\/v2\/types\/product"}],"version-history":[{"count":2,"href":"https:\/\/sportyheaven.pl\/en\/wp-json\/wp\/v2\/product\/2816\/revisions"}],"predecessor-version":[{"id":5847,"href":"https:\/\/sportyheaven.pl\/en\/wp-json\/wp\/v2\/product\/2816\/revisions\/5847"}],"wp:featuredmedia":[{"embeddable":true,"href":"https:\/\/sportyheaven.pl\/en\/wp-json\/wp\/v2\/media\/5845"}],"wp:attachment":[{"href":"https:\/\/sportyheaven.pl\/en\/wp-json\/wp\/v2\/media?parent=2816"}],"wp:term":[{"taxonomy":"marka","embeddable":true,"href":"https:\/\/sportyheaven.pl\/en\/wp-json\/wp\/v2\/marka?post=2816"},{"taxonomy":"product_cat","embeddable":true,"href":"https:\/\/sportyheaven.pl\/en\/wp-json\/wp\/v2\/product_cat?post=2816"},{"taxonomy":"product_tag","embeddable":true,"href":"https:\/\/sportyheaven.pl\/en\/wp-json\/wp\/v2\/product_tag?post=2816"}],"curies":[{"name":"wp","href":"https:\/\/api.w.org\/{rel}","templated":true}]}}