{"id":2801,"date":"2023-12-13T13:12:09","date_gmt":"2023-12-13T12:12:09","guid":{"rendered":"https:\/\/sportyheaven.pl\/produkty\/gumka-do-reboundera-5-szt\/"},"modified":"2024-05-13T22:12:10","modified_gmt":"2024-05-13T20:12:10","slug":"gumka-do-reboundera-5-szt","status":"publish","type":"product","link":"https:\/\/sportyheaven.pl\/en\/sklep\/gumka-do-reboundera-5-szt\/","title":{"rendered":"Gumka do reboundera 5 szt."},"content":{"rendered":"<p><span style=\"font-size:10pt;font-family:'Open Sans', sans-serif;\"><strong>Gumki do\u00a0reboundera<\/strong><\/span><\/p>\n<p><span style=\"font-size:10pt;font-family:'Open Sans', sans-serif;\">&#8211; Gumki do r\u00f3\u017cnych modeli rebounder\u00f3w.<br \/>&#8211; Cena za 5szt.<\/p>\n<p>Kod produktu: 100207<\/span><\/p>\n","protected":false},"excerpt":{"rendered":"<p>YAKIMASPORT<br \/>\nEAN: 5903796711905<\/p>\n","protected":false},"featured_media":2799,"template":"","meta":{"_acf_changed":false},"marka":[],"product_cat":[123,74,82],"product_tag":[],"class_list":{"0":"post-2801","1":"product","2":"type-product","3":"status-publish","4":"has-post-thumbnail","6":"product_cat-yakimasport","7":"product_cat-pilka-nozna","8":"product_cat-sprzet-treningowy-pilka-nozna","10":"first","11":"instock","12":"taxable","13":"shipping-taxable","14":"purchasable","15":"product-type-simple"},"acf":[],"_links":{"self":[{"href":"https:\/\/sportyheaven.pl\/en\/wp-json\/wp\/v2\/product\/2801","targetHints":{"allow":["GET"]}}],"collection":[{"href":"https:\/\/sportyheaven.pl\/en\/wp-json\/wp\/v2\/product"}],"about":[{"href":"https:\/\/sportyheaven.pl\/en\/wp-json\/wp\/v2\/types\/product"}],"version-history":[{"count":0,"href":"https:\/\/sportyheaven.pl\/en\/wp-json\/wp\/v2\/product\/2801\/revisions"}],"wp:featuredmedia":[{"embeddable":true,"href":"https:\/\/sportyheaven.pl\/en\/wp-json\/wp\/v2\/media\/2799"}],"wp:attachment":[{"href":"https:\/\/sportyheaven.pl\/en\/wp-json\/wp\/v2\/media?parent=2801"}],"wp:term":[{"taxonomy":"marka","embeddable":true,"href":"https:\/\/sportyheaven.pl\/en\/wp-json\/wp\/v2\/marka?post=2801"},{"taxonomy":"product_cat","embeddable":true,"href":"https:\/\/sportyheaven.pl\/en\/wp-json\/wp\/v2\/product_cat?post=2801"},{"taxonomy":"product_tag","embeddable":true,"href":"https:\/\/sportyheaven.pl\/en\/wp-json\/wp\/v2\/product_tag?post=2801"}],"curies":[{"name":"wp","href":"https:\/\/api.w.org\/{rel}","templated":true}]}}