{"id":2789,"date":"2023-12-13T13:12:05","date_gmt":"2023-12-13T12:12:05","guid":{"rendered":"https:\/\/sportyheaven.pl\/produkty\/rebounder-mini-dla-trenera-bramkarzy\/"},"modified":"2024-05-13T22:12:09","modified_gmt":"2024-05-13T20:12:09","slug":"rebounder-mini-dla-trenera-bramkarzy","status":"publish","type":"product","link":"https:\/\/sportyheaven.pl\/en\/sklep\/rebounder-mini-dla-trenera-bramkarzy\/","title":{"rendered":"Rebounder MINI dla trenera bramkarzy"},"content":{"rendered":"<p><span style=\"font-size:14pt;font-family:'Open Sans', sans-serif;\"><span style=\"font-family:'Open Sans', sans-serif;\"><strong><span style=\"font-size:18pt;\">Rebounder dla trenera\u00a0bramkarzy<\/span><\/p>\n<p> <\/strong><\/span><\/span><\/p>\n<p><span style=\"font-size:14pt;\"><strong>Nowoczesny, a przede wszystkim efektywny trening wymaga odpowiedniego sprz\u0119tu. Ka\u017cda jednostka treningowa powinna by\u0107 maksymalnie anga\u017cuj\u0105ca, a pom\u00f3c w tym mog\u0105 reboundery marki Yakimasport. Proponowany model\u00a0 to sprz\u0119t przeznaczony zar\u00f3wno dla profesjonalist\u00f3w, jak i amator\u00f3w. Pozwoli rozwija\u0107 technik\u0119 bramkarza, tak wa\u017cn\u0105 w dzisiejszej pi\u0142ce no\u017cnej.<\/strong><\/span><\/p>\n<\/p>\n<p><span style=\"font-size:14pt;font-family:verdana, geneva;\">Rebounder to sprz\u0119t przeznaczony do treningu bramkarzy .<\/span><span style=\"font-family:verdana, geneva;font-size:14pt;\">Sk\u0142ada si\u0119 z por\u0119cznej \u015bciany do odbijania pi\u0142ek z dwoma uchwytami do trzymania\u00a0w d\u0142oniach<\/span><br \/><span style=\"font-size:14pt;\"><span style=\"font-family:verdana, geneva;\">Poprzez trzymanie reboundera w r\u0119kach, trener mo\u017ce szybko zmienia\u0107 k\u0105t odbicia pi\u0142ki. Z jego wykorzystaniem szybko poprawimy technik\u0119 zawodnika, co prze\u0142o\u017cy si\u0119 na lepsz\u0105 gr\u0119. Rebounder pozwala w stosunkowo kr\u00f3tkim czasie udoskonali\u0107 przyj\u0119cie pi\u0142ki, poprawi\u0107 u\u0142o\u017cenie stopy podczas podania i strza\u0142u. Co wi\u0119cej,<\/span> trening z nim wp\u0142ynie na koordynacj\u0119 ruchow\u0105 oraz umiej\u0119tno\u015b\u0107 ustawiania si\u0119 zawodnika w momencie przyj\u0119cia pi\u0142ki. W dzisiejszej pi\u0142ce no\u017cnej to niezb\u0119dne wyposa\u017cenie ka\u017cdego trenera.<\/span><\/p>\n<\/p>\n<p><span style=\"font-size:14pt;\"><strong>Rebounder marki Yakimasport wyr\u00f3\u017cnia m.in.:<\/strong><\/span><\/p>\n<ul style=\"list-style-type:disc;\">\n<li><span style=\"font-size:14pt;\">ponadprzeci\u0119tna trwa\u0142o\u015b\u0107 wynikaj\u0105ca z u\u017cycia wysokogatunkowych materia\u0142\u00f3w;<\/span><\/li>\n<li>\n<p><span style=\"font-size:14pt;\">maksymalna mobilno\u015b\u0107 \u2014 \u0142atwy w transporcie;<\/span><\/p>\n<\/li>\n<li>\n<p><span style=\"font-size:14pt;\">Waga: 3 kg<\/span><\/p>\n<\/li>\n<\/ul>\n<ul style=\"list-style-type:disc;\">\n<li><span style=\"font-size:14pt;\">Wymiary: 80 x 80 cm<\/span><\/li>\n<\/ul>\n<p><span style=\"font-size:14pt;\">Je\u015bli masz jakiekolwiek pytania \u2014 <a href=\"https:\/\/yakimasport.com\/pl\/kontakt\"><span style=\"text-decoration:underline;\">skontaktuj si\u0119 z nami<\/span><\/a>. Ch\u0119tnie opowiemy o mo\u017cliwo\u015bciach, jakie daje proponowany sprz\u0119t. Zapraszamy.<\/p>\n<p><\/span><\/p>\n<p><span style=\"font-size:14pt;font-family:'Open Sans', sans-serif;\">Kod produktu: 100149<\/span><\/p>\n","protected":false},"excerpt":{"rendered":"<p>YAKIMASPORT<br \/>\nEAN: 5903137554826<\/p>\n","protected":false},"featured_media":5358,"template":"","meta":{"_acf_changed":false},"marka":[],"product_cat":[123,74,82],"product_tag":[],"class_list":{"0":"post-2789","1":"product","2":"type-product","3":"status-publish","4":"has-post-thumbnail","6":"product_cat-yakimasport","7":"product_cat-pilka-nozna","8":"product_cat-sprzet-treningowy-pilka-nozna","10":"first","11":"instock","12":"taxable","13":"shipping-taxable","14":"purchasable","15":"product-type-simple"},"acf":[],"_links":{"self":[{"href":"https:\/\/sportyheaven.pl\/en\/wp-json\/wp\/v2\/product\/2789","targetHints":{"allow":["GET"]}}],"collection":[{"href":"https:\/\/sportyheaven.pl\/en\/wp-json\/wp\/v2\/product"}],"about":[{"href":"https:\/\/sportyheaven.pl\/en\/wp-json\/wp\/v2\/types\/product"}],"version-history":[{"count":0,"href":"https:\/\/sportyheaven.pl\/en\/wp-json\/wp\/v2\/product\/2789\/revisions"}],"wp:featuredmedia":[{"embeddable":true,"href":"https:\/\/sportyheaven.pl\/en\/wp-json\/wp\/v2\/media\/5358"}],"wp:attachment":[{"href":"https:\/\/sportyheaven.pl\/en\/wp-json\/wp\/v2\/media?parent=2789"}],"wp:term":[{"taxonomy":"marka","embeddable":true,"href":"https:\/\/sportyheaven.pl\/en\/wp-json\/wp\/v2\/marka?post=2789"},{"taxonomy":"product_cat","embeddable":true,"href":"https:\/\/sportyheaven.pl\/en\/wp-json\/wp\/v2\/product_cat?post=2789"},{"taxonomy":"product_tag","embeddable":true,"href":"https:\/\/sportyheaven.pl\/en\/wp-json\/wp\/v2\/product_tag?post=2789"}],"curies":[{"name":"wp","href":"https:\/\/api.w.org\/{rel}","templated":true}]}}