{"id":1931,"date":"2023-10-17T15:57:51","date_gmt":"2023-10-17T13:57:51","guid":{"rendered":"https:\/\/sportyheaven.pl\/produkty\/rower-poziomy-vision-r60-04\/"},"modified":"2024-06-21T00:37:05","modified_gmt":"2024-06-20T22:37:05","slug":"rower-poziomy-vision-r60-04","status":"publish","type":"product","link":"https:\/\/sportyheaven.pl\/en\/sklep\/rower-poziomy-vision-r60-04\/","title":{"rendered":"Rower poziomy Vision R60-04"},"content":{"rendered":"<p>VRB0183-00PL<\/p>\n","protected":false},"excerpt":{"rendered":"<p>VRB0183-00PL<\/p>\n","protected":false},"featured_media":0,"template":"","meta":{"_acf_changed":false},"marka":[148],"product_cat":[332],"product_tag":[],"class_list":{"0":"post-1931","1":"product","2":"type-product","3":"status-publish","5":"marka-vision-fitness","6":"product_cat-stationary-bikes","8":"first","9":"outofstock","10":"taxable","11":"shipping-taxable","12":"product-type-simple"},"acf":{"inforacje_o_dostawie":"Darmowa standardowa dostawa kurierska","informacje_o_gwarancji":"Gwarancja domowa 3 lata Door - to - Door","informacja_o_serwisie":"Autoryzowany serwis producenta na terenie Polski","informacja_o_finansowaniu":"Mo\u017cliwo\u015b\u0107 zakupu w systemie ratalnym"},"_links":{"self":[{"href":"https:\/\/sportyheaven.pl\/en\/wp-json\/wp\/v2\/product\/1931","targetHints":{"allow":["GET"]}}],"collection":[{"href":"https:\/\/sportyheaven.pl\/en\/wp-json\/wp\/v2\/product"}],"about":[{"href":"https:\/\/sportyheaven.pl\/en\/wp-json\/wp\/v2\/types\/product"}],"version-history":[{"count":0,"href":"https:\/\/sportyheaven.pl\/en\/wp-json\/wp\/v2\/product\/1931\/revisions"}],"wp:attachment":[{"href":"https:\/\/sportyheaven.pl\/en\/wp-json\/wp\/v2\/media?parent=1931"}],"wp:term":[{"taxonomy":"marka","embeddable":true,"href":"https:\/\/sportyheaven.pl\/en\/wp-json\/wp\/v2\/marka?post=1931"},{"taxonomy":"product_cat","embeddable":true,"href":"https:\/\/sportyheaven.pl\/en\/wp-json\/wp\/v2\/product_cat?post=1931"},{"taxonomy":"product_tag","embeddable":true,"href":"https:\/\/sportyheaven.pl\/en\/wp-json\/wp\/v2\/product_tag?post=1931"}],"curies":[{"name":"wp","href":"https:\/\/api.w.org\/{rel}","templated":true}]}}