{"id":1891,"date":"2023-10-17T15:56:21","date_gmt":"2023-10-17T13:56:21","guid":{"rendered":"https:\/\/sportyheaven.pl\/produkty\/fotel-do-masazu-circ-plus-espresso-massage-chair-circ-plus-espresso\/"},"modified":"2025-04-22T07:44:43","modified_gmt":"2025-04-22T05:44:43","slug":"fotel-do-masazu-circ-plus-espresso-massage-chair-circ-plus-espresso","status":"publish","type":"product","link":"https:\/\/sportyheaven.pl\/en\/sklep\/fotel-do-masazu-circ-plus-espresso-massage-chair-circ-plus-espresso\/","title":{"rendered":"Fotel do masa\u017cu CirC Plus &#8211; espresso \/ Massage Chair CirC Plus &#8211; Espresso"},"content":{"rendered":"<p>CirC+ wykorzystuje japo\u0144ski styl projektowania Shibui w efekcie powsta\u0142 dopracowany fotel masuj\u0105cy<\/p>\n","protected":false},"excerpt":{"rendered":"<p>SYNCA WELLNESS<\/p>\n","protected":false},"featured_media":1889,"template":"","meta":{"_acf_changed":false},"marka":[150],"product_cat":[54],"product_tag":[],"class_list":{"0":"post-1891","1":"product","2":"type-product","3":"status-publish","4":"has-post-thumbnail","6":"marka-synca-wellness","7":"product_cat-wellness","9":"first","10":"instock","11":"taxable","12":"shipping-taxable","13":"purchasable","14":"product-type-simple"},"acf":[],"_links":{"self":[{"href":"https:\/\/sportyheaven.pl\/en\/wp-json\/wp\/v2\/product\/1891","targetHints":{"allow":["GET"]}}],"collection":[{"href":"https:\/\/sportyheaven.pl\/en\/wp-json\/wp\/v2\/product"}],"about":[{"href":"https:\/\/sportyheaven.pl\/en\/wp-json\/wp\/v2\/types\/product"}],"version-history":[{"count":0,"href":"https:\/\/sportyheaven.pl\/en\/wp-json\/wp\/v2\/product\/1891\/revisions"}],"wp:featuredmedia":[{"embeddable":true,"href":"https:\/\/sportyheaven.pl\/en\/wp-json\/wp\/v2\/media\/1889"}],"wp:attachment":[{"href":"https:\/\/sportyheaven.pl\/en\/wp-json\/wp\/v2\/media?parent=1891"}],"wp:term":[{"taxonomy":"marka","embeddable":true,"href":"https:\/\/sportyheaven.pl\/en\/wp-json\/wp\/v2\/marka?post=1891"},{"taxonomy":"product_cat","embeddable":true,"href":"https:\/\/sportyheaven.pl\/en\/wp-json\/wp\/v2\/product_cat?post=1891"},{"taxonomy":"product_tag","embeddable":true,"href":"https:\/\/sportyheaven.pl\/en\/wp-json\/wp\/v2\/product_tag?post=1891"}],"curies":[{"name":"wp","href":"https:\/\/api.w.org\/{rel}","templated":true}]}}