{"id":1876,"date":"2023-10-17T15:56:04","date_gmt":"2023-10-17T13:56:04","guid":{"rendered":"https:\/\/sportyheaven.pl\/produkty\/mx-rower-indukcyjny-u50-xer-02\/"},"modified":"2025-04-22T07:39:13","modified_gmt":"2025-04-22T05:39:13","slug":"mx-rower-indukcyjny-u50-xer-02","status":"publish","type":"product","link":"https:\/\/sportyheaven.pl\/en\/sklep\/mx-rower-indukcyjny-u50-xer-02\/","title":{"rendered":"MX Rower indukcyjny U50 XER-02"},"content":{"rendered":"<p>Rower treningowy pionowy MATRIX U50 z dotykow\u0105 konsol\u0105 steruj\u0105c\u0105 XER zapewnia r\u00f3\u017cnorodny trening<\/p>\n","protected":false},"excerpt":{"rendered":"<p>MATRIX<\/p>\n","protected":false},"featured_media":1874,"template":"","meta":{"_acf_changed":false},"marka":[149],"product_cat":[49,66],"product_tag":[],"class_list":{"0":"post-1876","1":"product","2":"type-product","3":"status-publish","4":"has-post-thumbnail","6":"marka-matrix","7":"product_cat-home-fitness","8":"product_cat-rowery-stacjonarne","10":"first","11":"instock","12":"taxable","13":"shipping-taxable","14":"purchasable","15":"product-type-simple"},"acf":[],"_links":{"self":[{"href":"https:\/\/sportyheaven.pl\/en\/wp-json\/wp\/v2\/product\/1876","targetHints":{"allow":["GET"]}}],"collection":[{"href":"https:\/\/sportyheaven.pl\/en\/wp-json\/wp\/v2\/product"}],"about":[{"href":"https:\/\/sportyheaven.pl\/en\/wp-json\/wp\/v2\/types\/product"}],"version-history":[{"count":0,"href":"https:\/\/sportyheaven.pl\/en\/wp-json\/wp\/v2\/product\/1876\/revisions"}],"wp:featuredmedia":[{"embeddable":true,"href":"https:\/\/sportyheaven.pl\/en\/wp-json\/wp\/v2\/media\/1874"}],"wp:attachment":[{"href":"https:\/\/sportyheaven.pl\/en\/wp-json\/wp\/v2\/media?parent=1876"}],"wp:term":[{"taxonomy":"marka","embeddable":true,"href":"https:\/\/sportyheaven.pl\/en\/wp-json\/wp\/v2\/marka?post=1876"},{"taxonomy":"product_cat","embeddable":true,"href":"https:\/\/sportyheaven.pl\/en\/wp-json\/wp\/v2\/product_cat?post=1876"},{"taxonomy":"product_tag","embeddable":true,"href":"https:\/\/sportyheaven.pl\/en\/wp-json\/wp\/v2\/product_tag?post=1876"}],"curies":[{"name":"wp","href":"https:\/\/api.w.org\/{rel}","templated":true}]}}