{"id":1873,"date":"2023-10-17T15:56:01","date_gmt":"2023-10-17T13:56:01","guid":{"rendered":"https:\/\/sportyheaven.pl\/produkty\/mx-rower-magnetyczny-u30-xr-03\/"},"modified":"2025-04-22T07:32:22","modified_gmt":"2025-04-22T05:32:22","slug":"mx-rower-magnetyczny-u30-xr-03","status":"publish","type":"product","link":"https:\/\/sportyheaven.pl\/en\/sklep\/mx-rower-magnetyczny-u30-xr-03\/","title":{"rendered":"MX Rower magnetyczny U30 XR-03"},"content":{"rendered":"<p>Rower treningowy pionowy MATRIX U30 z 8,5&#8243; intuicyjn\u0105, przejrzyst\u0105 konsol\u0105 steruj\u0105c\u0105 XR<\/p>\n","protected":false},"excerpt":{"rendered":"<p>MATRIX<\/p>\n","protected":false},"featured_media":1871,"template":"","meta":{"_acf_changed":false},"marka":[149],"product_cat":[49,66],"product_tag":[],"class_list":{"0":"post-1873","1":"product","2":"type-product","3":"status-publish","4":"has-post-thumbnail","6":"marka-matrix","7":"product_cat-home-fitness","8":"product_cat-rowery-stacjonarne","10":"first","11":"instock","12":"taxable","13":"shipping-taxable","14":"purchasable","15":"product-type-simple"},"acf":[],"_links":{"self":[{"href":"https:\/\/sportyheaven.pl\/en\/wp-json\/wp\/v2\/product\/1873","targetHints":{"allow":["GET"]}}],"collection":[{"href":"https:\/\/sportyheaven.pl\/en\/wp-json\/wp\/v2\/product"}],"about":[{"href":"https:\/\/sportyheaven.pl\/en\/wp-json\/wp\/v2\/types\/product"}],"version-history":[{"count":0,"href":"https:\/\/sportyheaven.pl\/en\/wp-json\/wp\/v2\/product\/1873\/revisions"}],"wp:featuredmedia":[{"embeddable":true,"href":"https:\/\/sportyheaven.pl\/en\/wp-json\/wp\/v2\/media\/1871"}],"wp:attachment":[{"href":"https:\/\/sportyheaven.pl\/en\/wp-json\/wp\/v2\/media?parent=1873"}],"wp:term":[{"taxonomy":"marka","embeddable":true,"href":"https:\/\/sportyheaven.pl\/en\/wp-json\/wp\/v2\/marka?post=1873"},{"taxonomy":"product_cat","embeddable":true,"href":"https:\/\/sportyheaven.pl\/en\/wp-json\/wp\/v2\/product_cat?post=1873"},{"taxonomy":"product_tag","embeddable":true,"href":"https:\/\/sportyheaven.pl\/en\/wp-json\/wp\/v2\/product_tag?post=1873"}],"curies":[{"name":"wp","href":"https:\/\/api.w.org\/{rel}","templated":true}]}}