{"id":1839,"date":"2023-10-17T15:55:25","date_gmt":"2023-10-17T13:55:25","guid":{"rendered":"https:\/\/sportyheaven.pl\/produkty\/matrix-rower-rxp-wifi-rfid-ergometr-wioslarski\/"},"modified":"2024-06-20T19:55:01","modified_gmt":"2024-06-20T17:55:01","slug":"matrix-rower-rxp-wifi-rfid-ergometr-wioslarski","status":"publish","type":"product","link":"https:\/\/sportyheaven.pl\/en\/sklep\/matrix-rower-rxp-wifi-rfid-ergometr-wioslarski\/","title":{"rendered":"Matrix Rower RXP WIFI + RFID Ergometr wio\u015blarski"},"content":{"rendered":"","protected":false},"excerpt":{"rendered":"","protected":false},"featured_media":0,"template":"","meta":{"_acf_changed":false},"marka":[149],"product_cat":[66],"product_tag":[],"class_list":{"0":"post-1839","1":"product","2":"type-product","3":"status-publish","5":"marka-matrix","6":"product_cat-rowery-stacjonarne","8":"first","9":"outofstock","10":"taxable","11":"shipping-taxable","12":"purchasable","13":"product-type-simple"},"acf":{"inforacje_o_dostawie":"Darmowa standardowa dostawa kurierska","informacje_o_gwarancji":"Gwarancja domowa 3 lata Door - to - Door","informacja_o_serwisie":"Autoryzowany serwis producenta na terenie Polski","informacja_o_finansowaniu":"Mo\u017cliwo\u015b\u0107 zakupu w systemie ratalnym"},"_links":{"self":[{"href":"https:\/\/sportyheaven.pl\/en\/wp-json\/wp\/v2\/product\/1839","targetHints":{"allow":["GET"]}}],"collection":[{"href":"https:\/\/sportyheaven.pl\/en\/wp-json\/wp\/v2\/product"}],"about":[{"href":"https:\/\/sportyheaven.pl\/en\/wp-json\/wp\/v2\/types\/product"}],"version-history":[{"count":0,"href":"https:\/\/sportyheaven.pl\/en\/wp-json\/wp\/v2\/product\/1839\/revisions"}],"wp:attachment":[{"href":"https:\/\/sportyheaven.pl\/en\/wp-json\/wp\/v2\/media?parent=1839"}],"wp:term":[{"taxonomy":"marka","embeddable":true,"href":"https:\/\/sportyheaven.pl\/en\/wp-json\/wp\/v2\/marka?post=1839"},{"taxonomy":"product_cat","embeddable":true,"href":"https:\/\/sportyheaven.pl\/en\/wp-json\/wp\/v2\/product_cat?post=1839"},{"taxonomy":"product_tag","embeddable":true,"href":"https:\/\/sportyheaven.pl\/en\/wp-json\/wp\/v2\/product_tag?post=1839"}],"curies":[{"name":"wp","href":"https:\/\/api.w.org\/{rel}","templated":true}]}}