{"id":1828,"date":"2023-10-17T15:55:17","date_gmt":"2023-10-17T13:55:17","guid":{"rendered":"https:\/\/sportyheaven.pl\/produkty\/mx-trenazer-eliptyczny-elliptical-e50-xur-02\/"},"modified":"2025-04-22T07:23:59","modified_gmt":"2025-04-22T05:23:59","slug":"mx-trenazer-eliptyczny-elliptical-e50-xur-02","status":"publish","type":"product","link":"https:\/\/sportyheaven.pl\/en\/sklep\/mx-trenazer-eliptyczny-elliptical-e50-xur-02\/","title":{"rendered":"MX Trena\u017cer eliptyczny &#8211; Elliptical E50 XUR-02"},"content":{"rendered":"<p>Trena\u017cer eliptyczny MATRIX E50 z 22&#8243; dotykow\u0105 konsol\u0105 steruj\u0105c\u0105 XUR zapewnia r\u00f3\u017cnorodny trening<\/p>\n","protected":false},"excerpt":{"rendered":"<p>MATRIX<\/p>\n","protected":false},"featured_media":1826,"template":"","meta":{"_acf_changed":false},"marka":[149],"product_cat":[68,49],"product_tag":[],"class_list":{"0":"post-1828","1":"product","2":"type-product","3":"status-publish","4":"has-post-thumbnail","6":"marka-matrix","7":"product_cat-eliptyki","8":"product_cat-home-fitness","10":"first","11":"outofstock","12":"taxable","13":"shipping-taxable","14":"purchasable","15":"product-type-simple"},"acf":[],"_links":{"self":[{"href":"https:\/\/sportyheaven.pl\/en\/wp-json\/wp\/v2\/product\/1828","targetHints":{"allow":["GET"]}}],"collection":[{"href":"https:\/\/sportyheaven.pl\/en\/wp-json\/wp\/v2\/product"}],"about":[{"href":"https:\/\/sportyheaven.pl\/en\/wp-json\/wp\/v2\/types\/product"}],"version-history":[{"count":0,"href":"https:\/\/sportyheaven.pl\/en\/wp-json\/wp\/v2\/product\/1828\/revisions"}],"wp:featuredmedia":[{"embeddable":true,"href":"https:\/\/sportyheaven.pl\/en\/wp-json\/wp\/v2\/media\/1826"}],"wp:attachment":[{"href":"https:\/\/sportyheaven.pl\/en\/wp-json\/wp\/v2\/media?parent=1828"}],"wp:term":[{"taxonomy":"marka","embeddable":true,"href":"https:\/\/sportyheaven.pl\/en\/wp-json\/wp\/v2\/marka?post=1828"},{"taxonomy":"product_cat","embeddable":true,"href":"https:\/\/sportyheaven.pl\/en\/wp-json\/wp\/v2\/product_cat?post=1828"},{"taxonomy":"product_tag","embeddable":true,"href":"https:\/\/sportyheaven.pl\/en\/wp-json\/wp\/v2\/product_tag?post=1828"}],"curies":[{"name":"wp","href":"https:\/\/api.w.org\/{rel}","templated":true}]}}