{"id":1805,"date":"2023-10-17T15:54:54","date_gmt":"2023-10-17T13:54:54","guid":{"rendered":"https:\/\/sportyheaven.pl\/produkty\/matrix-system-treningowy-connexus-advanced\/"},"modified":"2025-04-22T07:19:30","modified_gmt":"2025-04-22T05:19:30","slug":"matrix-system-treningowy-connexus-advanced","status":"publish","type":"product","link":"https:\/\/sportyheaven.pl\/en\/sklep\/matrix-system-treningowy-connexus-advanced\/","title":{"rendered":"Matrix System treningowy &#8211; Connexus Advanced"},"content":{"rendered":"<p>Brama do treningu funkcjonalnego MATRIX Connexus MX-CXR50 umo\u017cliwia wykonanie treningu w domu.<\/p>\n","protected":false},"excerpt":{"rendered":"<p>MATRIX<\/p>\n","protected":false},"featured_media":1803,"template":"","meta":{"_acf_changed":false},"marka":[149],"product_cat":[334,335],"product_tag":[],"class_list":{"0":"post-1805","1":"product","2":"type-product","3":"status-publish","4":"has-post-thumbnail","6":"marka-matrix","7":"product_cat-strength-matrix-retail-en","8":"product_cat-training-systems","10":"first","11":"instock","12":"taxable","13":"shipping-taxable","14":"purchasable","15":"product-type-simple"},"acf":{"inforacje_o_dostawie":"Darmowa standardowa dostawa kurierska","informacje_o_gwarancji":"Gwarancja domowa 3 lata Door - to - Door","informacja_o_serwisie":"Autoryzowany serwis producenta na terenie Polski","informacja_o_finansowaniu":"Mo\u017cliwo\u015b\u0107 zakupu w systemie ratalnym"},"_links":{"self":[{"href":"https:\/\/sportyheaven.pl\/en\/wp-json\/wp\/v2\/product\/1805","targetHints":{"allow":["GET"]}}],"collection":[{"href":"https:\/\/sportyheaven.pl\/en\/wp-json\/wp\/v2\/product"}],"about":[{"href":"https:\/\/sportyheaven.pl\/en\/wp-json\/wp\/v2\/types\/product"}],"version-history":[{"count":0,"href":"https:\/\/sportyheaven.pl\/en\/wp-json\/wp\/v2\/product\/1805\/revisions"}],"wp:featuredmedia":[{"embeddable":true,"href":"https:\/\/sportyheaven.pl\/en\/wp-json\/wp\/v2\/media\/1803"}],"wp:attachment":[{"href":"https:\/\/sportyheaven.pl\/en\/wp-json\/wp\/v2\/media?parent=1805"}],"wp:term":[{"taxonomy":"marka","embeddable":true,"href":"https:\/\/sportyheaven.pl\/en\/wp-json\/wp\/v2\/marka?post=1805"},{"taxonomy":"product_cat","embeddable":true,"href":"https:\/\/sportyheaven.pl\/en\/wp-json\/wp\/v2\/product_cat?post=1805"},{"taxonomy":"product_tag","embeddable":true,"href":"https:\/\/sportyheaven.pl\/en\/wp-json\/wp\/v2\/product_tag?post=1805"}],"curies":[{"name":"wp","href":"https:\/\/api.w.org\/{rel}","templated":true}]}}