{"id":1786,"date":"2023-10-17T15:54:31","date_gmt":"2023-10-17T13:54:31","guid":{"rendered":"https:\/\/sportyheaven.pl\/produkty\/mx-schody-climbmill-c50-xir-02\/"},"modified":"2025-04-22T07:11:53","modified_gmt":"2025-04-22T05:11:53","slug":"mx-schody-climbmill-c50-xir-02","status":"publish","type":"product","link":"https:\/\/sportyheaven.pl\/en\/sklep\/mx-schody-climbmill-c50-xir-02\/","title":{"rendered":"MX Schody &#8211; Climbmill C50 XIR-02"},"content":{"rendered":"<p>Schody treningowe MATRIX C50 z 16 calow\u0105, dotykow\u0105 konsol\u0105 steruj\u0105c\u0105 zapewnia r\u00f3\u017cnorodny trening<\/p>\n","protected":false},"excerpt":{"rendered":"<p>MATRIX<\/p>\n","protected":false},"featured_media":1784,"template":"","meta":{"_acf_changed":false},"marka":[149],"product_cat":[49,69],"product_tag":[],"class_list":{"0":"post-1786","1":"product","2":"type-product","3":"status-publish","4":"has-post-thumbnail","6":"marka-matrix","7":"product_cat-home-fitness","8":"product_cat-schody","10":"first","11":"instock","12":"taxable","13":"shipping-taxable","14":"purchasable","15":"product-type-simple"},"acf":[],"_links":{"self":[{"href":"https:\/\/sportyheaven.pl\/en\/wp-json\/wp\/v2\/product\/1786","targetHints":{"allow":["GET"]}}],"collection":[{"href":"https:\/\/sportyheaven.pl\/en\/wp-json\/wp\/v2\/product"}],"about":[{"href":"https:\/\/sportyheaven.pl\/en\/wp-json\/wp\/v2\/types\/product"}],"version-history":[{"count":0,"href":"https:\/\/sportyheaven.pl\/en\/wp-json\/wp\/v2\/product\/1786\/revisions"}],"wp:featuredmedia":[{"embeddable":true,"href":"https:\/\/sportyheaven.pl\/en\/wp-json\/wp\/v2\/media\/1784"}],"wp:attachment":[{"href":"https:\/\/sportyheaven.pl\/en\/wp-json\/wp\/v2\/media?parent=1786"}],"wp:term":[{"taxonomy":"marka","embeddable":true,"href":"https:\/\/sportyheaven.pl\/en\/wp-json\/wp\/v2\/marka?post=1786"},{"taxonomy":"product_cat","embeddable":true,"href":"https:\/\/sportyheaven.pl\/en\/wp-json\/wp\/v2\/product_cat?post=1786"},{"taxonomy":"product_tag","embeddable":true,"href":"https:\/\/sportyheaven.pl\/en\/wp-json\/wp\/v2\/product_tag?post=1786"}],"curies":[{"name":"wp","href":"https:\/\/api.w.org\/{rel}","templated":true}]}}