{"id":1757,"date":"2023-10-17T15:54:06","date_gmt":"2023-10-17T13:54:06","guid":{"rendered":"https:\/\/sportyheaven.pl\/produkty\/trenazer-wioslarski-horizon-rower-oxford-6\/"},"modified":"2025-04-22T06:54:18","modified_gmt":"2025-04-22T04:54:18","slug":"trenazer-wioslarski-horizon-rower-oxford-6","status":"publish","type":"product","link":"https:\/\/sportyheaven.pl\/en\/sklep\/trenazer-wioslarski-horizon-rower-oxford-6\/","title":{"rendered":"Trena\u017cer wio\u015blarski Horizon Rower OXFORD 6"},"content":{"rendered":"<p>Ergonomiczne wios\u0142a Oxford 6 Horizon z indukcyjnym systemem hamowania, 20 stopniami regulacji oporu.<\/p>\n","protected":false},"excerpt":{"rendered":"<p>HORIZON FITNESS<\/p>\n","protected":false},"featured_media":0,"template":"","meta":{"_acf_changed":false},"marka":[146],"product_cat":[50,71],"product_tag":[],"class_list":{"0":"post-1757","1":"product","2":"type-product","3":"status-publish","5":"marka-horizon-fitness","6":"product_cat-cardio-matrix-retail","7":"product_cat-trenazery","9":"first","10":"instock","11":"taxable","12":"shipping-taxable","13":"purchasable","14":"product-type-simple"},"acf":[],"_links":{"self":[{"href":"https:\/\/sportyheaven.pl\/en\/wp-json\/wp\/v2\/product\/1757","targetHints":{"allow":["GET"]}}],"collection":[{"href":"https:\/\/sportyheaven.pl\/en\/wp-json\/wp\/v2\/product"}],"about":[{"href":"https:\/\/sportyheaven.pl\/en\/wp-json\/wp\/v2\/types\/product"}],"version-history":[{"count":0,"href":"https:\/\/sportyheaven.pl\/en\/wp-json\/wp\/v2\/product\/1757\/revisions"}],"wp:attachment":[{"href":"https:\/\/sportyheaven.pl\/en\/wp-json\/wp\/v2\/media?parent=1757"}],"wp:term":[{"taxonomy":"marka","embeddable":true,"href":"https:\/\/sportyheaven.pl\/en\/wp-json\/wp\/v2\/marka?post=1757"},{"taxonomy":"product_cat","embeddable":true,"href":"https:\/\/sportyheaven.pl\/en\/wp-json\/wp\/v2\/product_cat?post=1757"},{"taxonomy":"product_tag","embeddable":true,"href":"https:\/\/sportyheaven.pl\/en\/wp-json\/wp\/v2\/product_tag?post=1757"}],"curies":[{"name":"wp","href":"https:\/\/api.w.org\/{rel}","templated":true}]}}