{"id":1731,"date":"2023-10-17T15:53:47","date_gmt":"2023-10-17T13:53:47","guid":{"rendered":"https:\/\/sportyheaven.pl\/produkty\/trenazer-eliptyczny-horizon-elliptical-andes-5-1\/"},"modified":"2025-04-22T06:45:08","modified_gmt":"2025-04-22T04:45:08","slug":"trenazer-eliptyczny-horizon-elliptical-andes-5-1","status":"publish","type":"product","link":"https:\/\/sportyheaven.pl\/en\/sklep\/trenazer-eliptyczny-horizon-elliptical-andes-5-1\/","title":{"rendered":"Trena\u017cer eliptyczny Horizon Elliptical ANDES 5.1"},"content":{"rendered":"<p>Urz\u0105dzenie Elitpyczne Andes 5.1 Horizon z przednim nap\u0119dem i naturlan\u0105 pozycj\u0105 treningow\u0105. Nowy mode<\/p>\n","protected":false},"excerpt":{"rendered":"<p>HORIZON FITNESS<\/p>\n","protected":false},"featured_media":0,"template":"","meta":{"_acf_changed":false},"marka":[146],"product_cat":[68,49],"product_tag":[],"class_list":{"0":"post-1731","1":"product","2":"type-product","3":"status-publish","5":"marka-horizon-fitness","6":"product_cat-eliptyki","7":"product_cat-home-fitness","9":"first","10":"instock","11":"taxable","12":"shipping-taxable","13":"purchasable","14":"product-type-simple"},"acf":[],"_links":{"self":[{"href":"https:\/\/sportyheaven.pl\/en\/wp-json\/wp\/v2\/product\/1731","targetHints":{"allow":["GET"]}}],"collection":[{"href":"https:\/\/sportyheaven.pl\/en\/wp-json\/wp\/v2\/product"}],"about":[{"href":"https:\/\/sportyheaven.pl\/en\/wp-json\/wp\/v2\/types\/product"}],"version-history":[{"count":0,"href":"https:\/\/sportyheaven.pl\/en\/wp-json\/wp\/v2\/product\/1731\/revisions"}],"wp:attachment":[{"href":"https:\/\/sportyheaven.pl\/en\/wp-json\/wp\/v2\/media?parent=1731"}],"wp:term":[{"taxonomy":"marka","embeddable":true,"href":"https:\/\/sportyheaven.pl\/en\/wp-json\/wp\/v2\/marka?post=1731"},{"taxonomy":"product_cat","embeddable":true,"href":"https:\/\/sportyheaven.pl\/en\/wp-json\/wp\/v2\/product_cat?post=1731"},{"taxonomy":"product_tag","embeddable":true,"href":"https:\/\/sportyheaven.pl\/en\/wp-json\/wp\/v2\/product_tag?post=1731"}],"curies":[{"name":"wp","href":"https:\/\/api.w.org\/{rel}","templated":true}]}}