{"id":1723,"date":"2023-10-17T15:53:42","date_gmt":"2023-10-17T13:53:42","guid":{"rendered":"https:\/\/sportyheaven.pl\/produkty\/lawka-uniwersalna-horizon-adonis\/"},"modified":"2025-04-22T06:44:15","modified_gmt":"2025-04-22T04:44:15","slug":"lawka-uniwersalna-horizon-adonis","status":"publish","type":"product","link":"https:\/\/sportyheaven.pl\/en\/sklep\/lawka-uniwersalna-horizon-adonis\/","title":{"rendered":"\u0141awka uniwersalna Horizon Adonis"},"content":{"rendered":"<p>Horizon Adonis to wielofunkcyjna \u0142awka, zapewnia maksymaln\u0105 stabilno\u015b\u0107 i wysoki poziom komfortu.<\/p>\n","protected":false},"excerpt":{"rendered":"<p>HORIZON FITNESS<\/p>\n","protected":false},"featured_media":0,"template":"","meta":{"_acf_changed":false},"marka":[146],"product_cat":[329,335],"product_tag":[],"class_list":{"0":"post-1723","1":"product","2":"type-product","3":"status-publish","5":"marka-horizon-fitness","6":"product_cat-home-fitness-en","7":"product_cat-training-systems","9":"first","10":"instock","11":"taxable","12":"shipping-taxable","13":"purchasable","14":"product-type-simple"},"acf":{"inforacje_o_dostawie":"Darmowa standardowa dostawa kurierska","informacje_o_gwarancji":"Gwarancja domowa 3 lata Door - to - Door","informacja_o_serwisie":"Autoryzowany serwis producenta na terenie Polski","informacja_o_finansowaniu":"Mo\u017cliwo\u015b\u0107 zakupu w systemie ratalnym"},"_links":{"self":[{"href":"https:\/\/sportyheaven.pl\/en\/wp-json\/wp\/v2\/product\/1723","targetHints":{"allow":["GET"]}}],"collection":[{"href":"https:\/\/sportyheaven.pl\/en\/wp-json\/wp\/v2\/product"}],"about":[{"href":"https:\/\/sportyheaven.pl\/en\/wp-json\/wp\/v2\/types\/product"}],"version-history":[{"count":0,"href":"https:\/\/sportyheaven.pl\/en\/wp-json\/wp\/v2\/product\/1723\/revisions"}],"wp:attachment":[{"href":"https:\/\/sportyheaven.pl\/en\/wp-json\/wp\/v2\/media?parent=1723"}],"wp:term":[{"taxonomy":"marka","embeddable":true,"href":"https:\/\/sportyheaven.pl\/en\/wp-json\/wp\/v2\/marka?post=1723"},{"taxonomy":"product_cat","embeddable":true,"href":"https:\/\/sportyheaven.pl\/en\/wp-json\/wp\/v2\/product_cat?post=1723"},{"taxonomy":"product_tag","embeddable":true,"href":"https:\/\/sportyheaven.pl\/en\/wp-json\/wp\/v2\/product_tag?post=1723"}],"curies":[{"name":"wp","href":"https:\/\/api.w.org\/{rel}","templated":true}]}}