{"id":1720,"date":"2023-10-17T15:53:40","date_gmt":"2023-10-17T13:53:40","guid":{"rendered":"https:\/\/sportyheaven.pl\/produkty\/bieznia-horizon-7-0-at-02\/"},"modified":"2024-08-13T11:16:18","modified_gmt":"2024-08-13T09:16:18","slug":"bieznia-horizon-7-0-at-02","status":"publish","type":"product","link":"https:\/\/sportyheaven.pl\/en\/sklep\/bieznia-horizon-7-0-at-02\/","title":{"rendered":"Bie\u017cnia Horizon 7.0 AT-02"},"content":{"rendered":"<p>Nasza bie\u017cnia 7.0AT to idealne rozwi\u0105zanie, kt\u00f3re zaspokoi wszystkie Twoje potrzeby zwi\u0105zane z treningiem na bie\u017cni. Bez wzgl\u0119du na to, czy preferujesz intensywny bieg, czy te\u017c spokojny spacer, \u0142atwo dost\u0119pne przyciski bezpo\u015brednie umo\u017cliwiaj\u0105 szybkie dostosowanie pr\u0119dko\u015bci i nachylenia, aby dostosowa\u0107 intensywno\u015b\u0107 treningu do w\u0142asnych preferencji. Smartwheel u\u0142atwia nawigacj\u0119 po r\u00f3\u017cnorodnych programach treningowych.<\/p>\n<p>Podczas bardziej wymagaj\u0105cych sesji treningowych, pot\u0119\u017cny silnik o mocy 3,0 KM przy\u015bpiesza bie\u017cni\u0119 do 20 km\/h, co pozwala pe\u0142ni korzysta\u0107 z du\u017cej powierzchni biegowej. Solidna rama gwarantuje doskona\u0142\u0105 stabilno\u015b\u0107, umo\u017cliwiaj\u0105c bezpieczne zako\u0144czenie ka\u017cdej sesji treningowej. Dodatkowo, dzi\u0119ki technologii Bluetooth i wbudowanym g\u0142o\u015bnikom, a tak\u017ce r\u00f3\u017cnorodnym programom treningowym, trening staje si\u0119 nie tylko efektywny, ale tak\u017ce przyjemny.<\/p>\n","protected":false},"excerpt":{"rendered":"<p>HORIZON Fitness<\/p>\n","protected":false},"featured_media":1718,"template":"","meta":{"_acf_changed":false},"marka":[146],"product_cat":[67,49],"product_tag":[],"class_list":{"0":"post-1720","1":"product","2":"type-product","3":"status-publish","4":"has-post-thumbnail","6":"marka-horizon-fitness","7":"product_cat-bieznie","8":"product_cat-home-fitness","10":"first","11":"instock","12":"taxable","13":"shipping-taxable","14":"purchasable","15":"product-type-simple"},"acf":[],"_links":{"self":[{"href":"https:\/\/sportyheaven.pl\/en\/wp-json\/wp\/v2\/product\/1720","targetHints":{"allow":["GET"]}}],"collection":[{"href":"https:\/\/sportyheaven.pl\/en\/wp-json\/wp\/v2\/product"}],"about":[{"href":"https:\/\/sportyheaven.pl\/en\/wp-json\/wp\/v2\/types\/product"}],"version-history":[{"count":0,"href":"https:\/\/sportyheaven.pl\/en\/wp-json\/wp\/v2\/product\/1720\/revisions"}],"wp:featuredmedia":[{"embeddable":true,"href":"https:\/\/sportyheaven.pl\/en\/wp-json\/wp\/v2\/media\/1718"}],"wp:attachment":[{"href":"https:\/\/sportyheaven.pl\/en\/wp-json\/wp\/v2\/media?parent=1720"}],"wp:term":[{"taxonomy":"marka","embeddable":true,"href":"https:\/\/sportyheaven.pl\/en\/wp-json\/wp\/v2\/marka?post=1720"},{"taxonomy":"product_cat","embeddable":true,"href":"https:\/\/sportyheaven.pl\/en\/wp-json\/wp\/v2\/product_cat?post=1720"},{"taxonomy":"product_tag","embeddable":true,"href":"https:\/\/sportyheaven.pl\/en\/wp-json\/wp\/v2\/product_tag?post=1720"}],"curies":[{"name":"wp","href":"https:\/\/api.w.org\/{rel}","templated":true}]}}