{"id":4685,"date":"2023-10-26T16:01:44","date_gmt":"2023-10-26T14:01:44","guid":{"rendered":"https:\/\/sportyheaven.pl\/thank-you\/"},"modified":"2024-01-22T12:32:37","modified_gmt":"2024-01-22T11:32:37","slug":"thank-you","status":"publish","type":"page","link":"https:\/\/sportyheaven.pl\/en\/thank-you\/","title":{"rendered":"Thank you"},"content":{"rendered":"\t\t<div data-elementor-type=\"wp-page\" data-elementor-id=\"4685\" class=\"elementor elementor-4685 elementor-2416\">\n\t\t\t\t\t\t<section class=\"elementor-section elementor-top-section elementor-element elementor-element-2764abff elementor-section-boxed elementor-section-height-default elementor-section-height-default\" data-id=\"2764abff\" data-element_type=\"section\" data-settings=\"{&quot;jet_parallax_layout_list&quot;:[{&quot;jet_parallax_layout_image&quot;:{&quot;url&quot;:&quot;&quot;,&quot;id&quot;:&quot;&quot;,&quot;size&quot;:&quot;&quot;},&quot;_id&quot;:&quot;080d269&quot;,&quot;jet_parallax_layout_image_tablet&quot;:{&quot;url&quot;:&quot;&quot;,&quot;id&quot;:&quot;&quot;,&quot;size&quot;:&quot;&quot;},&quot;jet_parallax_layout_image_mobile&quot;:{&quot;url&quot;:&quot;&quot;,&quot;id&quot;:&quot;&quot;,&quot;size&quot;:&quot;&quot;},&quot;jet_parallax_layout_speed&quot;:{&quot;unit&quot;:&quot;%&quot;,&quot;size&quot;:&quot;50&quot;,&quot;sizes&quot;:[]},&quot;jet_parallax_layout_bg_x&quot;:&quot;50&quot;,&quot;jet_parallax_layout_bg_y&quot;:&quot;50&quot;,&quot;jet_parallax_layout_type&quot;:&quot;scroll&quot;,&quot;jet_parallax_layout_direction&quot;:null,&quot;jet_parallax_layout_fx_direction&quot;:null,&quot;jet_parallax_layout_z_index&quot;:&quot;&quot;,&quot;jet_parallax_layout_bg_x_tablet&quot;:&quot;&quot;,&quot;jet_parallax_layout_bg_x_mobile&quot;:&quot;&quot;,&quot;jet_parallax_layout_bg_y_tablet&quot;:&quot;&quot;,&quot;jet_parallax_layout_bg_y_mobile&quot;:&quot;&quot;,&quot;jet_parallax_layout_bg_size&quot;:&quot;auto&quot;,&quot;jet_parallax_layout_bg_size_tablet&quot;:&quot;&quot;,&quot;jet_parallax_layout_bg_size_mobile&quot;:&quot;&quot;,&quot;jet_parallax_layout_animation_prop&quot;:&quot;transform&quot;,&quot;jet_parallax_layout_on&quot;:[&quot;desktop&quot;,&quot;tablet&quot;]}],&quot;background_background&quot;:&quot;classic&quot;}\">\n\t\t\t\t\t\t\t<div class=\"elementor-background-overlay\"><\/div>\n\t\t\t\t\t\t\t<div class=\"elementor-container elementor-column-gap-no\">\n\t\t\t\t\t<div class=\"elementor-column elementor-col-50 elementor-top-column elementor-element elementor-element-4a2c1f40\" data-id=\"4a2c1f40\" data-element_type=\"column\">\n\t\t\t<div class=\"elementor-widget-wrap elementor-element-populated\">\n\t\t\t\t\t\t<div class=\"elementor-element elementor-element-4c2a88e4 elementor-widget elementor-widget-heading\" data-id=\"4c2a88e4\" data-element_type=\"widget\" data-widget_type=\"heading.default\">\n\t\t\t\t<div class=\"elementor-widget-container\">\n\t\t\t<style>\/*! elementor - v3.19.0 - 26-02-2024 *\/\n.elementor-heading-title{padding:0;margin:0;line-height:1}.elementor-widget-heading .elementor-heading-title[class*=elementor-size-]>a{color:inherit;font-size:inherit;line-height:inherit}.elementor-widget-heading .elementor-heading-title.elementor-size-small{font-size:15px}.elementor-widget-heading .elementor-heading-title.elementor-size-medium{font-size:19px}.elementor-widget-heading .elementor-heading-title.elementor-size-large{font-size:29px}.elementor-widget-heading .elementor-heading-title.elementor-size-xl{font-size:39px}.elementor-widget-heading .elementor-heading-title.elementor-size-xxl{font-size:59px}<\/style><h1 class=\"elementor-heading-title elementor-size-default\">Thank you<\/h1>\t\t<\/div>\n\t\t\t\t<\/div>\n\t\t\t\t\t<\/div>\n\t\t<\/div>\n\t\t\t\t<div class=\"elementor-column elementor-col-50 elementor-top-column elementor-element elementor-element-659159f2\" data-id=\"659159f2\" data-element_type=\"column\">\n\t\t\t<div class=\"elementor-widget-wrap elementor-element-populated\">\n\t\t\t\t\t\t<div class=\"elementor-element elementor-element-37a9e082 elementor-widget elementor-widget-heading\" data-id=\"37a9e082\" data-element_type=\"widget\" data-widget_type=\"heading.default\">\n\t\t\t\t<div class=\"elementor-widget-container\">\n\t\t\t<h2 class=\"elementor-heading-title elementor-size-default\">Your order has been received! <\/h2>\t\t<\/div>\n\t\t\t\t<\/div>\n\t\t\t\t\t<\/div>\n\t\t<\/div>\n\t\t\t\t\t<\/div>\n\t\t<\/section>\n\t\t\t\t<section class=\"elementor-section elementor-top-section elementor-element elementor-element-7a26d527 elementor-section-full_width elementor-section-height-default elementor-section-height-default\" data-id=\"7a26d527\" data-element_type=\"section\" data-settings=\"{&quot;jet_parallax_layout_list&quot;:[{&quot;jet_parallax_layout_image&quot;:{&quot;url&quot;:&quot;&quot;,&quot;id&quot;:&quot;&quot;,&quot;size&quot;:&quot;&quot;},&quot;_id&quot;:&quot;a9547c8&quot;,&quot;jet_parallax_layout_image_tablet&quot;:{&quot;url&quot;:&quot;&quot;,&quot;id&quot;:&quot;&quot;,&quot;size&quot;:&quot;&quot;},&quot;jet_parallax_layout_image_mobile&quot;:{&quot;url&quot;:&quot;&quot;,&quot;id&quot;:&quot;&quot;,&quot;size&quot;:&quot;&quot;},&quot;jet_parallax_layout_speed&quot;:{&quot;unit&quot;:&quot;%&quot;,&quot;size&quot;:&quot;50&quot;,&quot;sizes&quot;:[]},&quot;jet_parallax_layout_bg_x&quot;:&quot;50&quot;,&quot;jet_parallax_layout_bg_y&quot;:&quot;50&quot;,&quot;jet_parallax_layout_type&quot;:&quot;scroll&quot;,&quot;jet_parallax_layout_direction&quot;:null,&quot;jet_parallax_layout_fx_direction&quot;:null,&quot;jet_parallax_layout_z_index&quot;:&quot;&quot;,&quot;jet_parallax_layout_bg_x_tablet&quot;:&quot;&quot;,&quot;jet_parallax_layout_bg_x_mobile&quot;:&quot;&quot;,&quot;jet_parallax_layout_bg_y_tablet&quot;:&quot;&quot;,&quot;jet_parallax_layout_bg_y_mobile&quot;:&quot;&quot;,&quot;jet_parallax_layout_bg_size&quot;:&quot;auto&quot;,&quot;jet_parallax_layout_bg_size_tablet&quot;:&quot;&quot;,&quot;jet_parallax_layout_bg_size_mobile&quot;:&quot;&quot;,&quot;jet_parallax_layout_animation_prop&quot;:&quot;transform&quot;,&quot;jet_parallax_layout_on&quot;:[&quot;desktop&quot;,&quot;tablet&quot;]}]}\">\n\t\t\t\t\t\t<div class=\"elementor-container elementor-column-gap-no\">\n\t\t\t\t\t<div class=\"elementor-column elementor-col-100 elementor-top-column elementor-element elementor-element-3ea20396\" data-id=\"3ea20396\" data-element_type=\"column\" data-settings=\"{&quot;background_background&quot;:&quot;classic&quot;}\">\n\t\t\t<div class=\"elementor-widget-wrap elementor-element-populated\">\n\t\t\t\t\t\t<div class=\"elementor-element elementor-element-48cf82c elementor-widget elementor-widget-heading\" data-id=\"48cf82c\" data-element_type=\"widget\" data-widget_type=\"heading.default\">\n\t\t\t\t<div class=\"elementor-widget-container\">\n\t\t\t<h2 class=\"elementor-heading-title elementor-size-default\">Thank you for shopping at Sporty Heaven!<br> An email with the order details has been sent to your email address.<\/h2>\t\t<\/div>\n\t\t\t\t<\/div>\n\t\t\t\t<div class=\"elementor-element elementor-element-a1e3da4 elementor-view-default elementor-widget elementor-widget-icon\" data-id=\"a1e3da4\" data-element_type=\"widget\" data-widget_type=\"icon.default\">\n\t\t\t\t<div class=\"elementor-widget-container\">\n\t\t\t\t\t<div class=\"elementor-icon-wrapper\">\n\t\t\t<div class=\"elementor-icon\">\n\t\t\t<i aria-hidden=\"true\" class=\"far fa-check-circle\"><\/i>\t\t\t<\/div>\n\t\t<\/div>\n\t\t\t\t<\/div>\n\t\t\t\t<\/div>\n\t\t\t\t<div class=\"elementor-element elementor-element-b090fd4 elementor-widget elementor-widget-sellkit-order-details\" data-id=\"b090fd4\" data-element_type=\"widget\" data-settings=\"{&quot;fields&quot;:[{&quot;label&quot;:&quot;Numer Zam\\u00f3wienia&quot;,&quot;_id&quot;:&quot;f34ec0f&quot;,&quot;detail_item_width&quot;:&quot;25&quot;,&quot;type&quot;:&quot;order_number&quot;,&quot;detail_item_icon&quot;:{&quot;value&quot;:&quot;&quot;,&quot;library&quot;:&quot;&quot;}},{&quot;_id&quot;:&quot;abcc83d&quot;,&quot;type&quot;:&quot;order_status&quot;,&quot;label&quot;:&quot;Status Zam\\u00f3wienia&quot;,&quot;detail_item_width&quot;:&quot;25&quot;,&quot;detail_item_icon&quot;:{&quot;value&quot;:&quot;&quot;,&quot;library&quot;:&quot;&quot;}},{&quot;_id&quot;:&quot;b2d69fd&quot;,&quot;type&quot;:&quot;payment_method&quot;,&quot;label&quot;:&quot;Metoda P\\u0142atno\\u015bci&quot;,&quot;detail_item_width&quot;:&quot;25&quot;,&quot;detail_item_icon&quot;:{&quot;value&quot;:&quot;&quot;,&quot;library&quot;:&quot;&quot;}},{&quot;_id&quot;:&quot;f488b97&quot;,&quot;type&quot;:&quot;shipping_method&quot;,&quot;label&quot;:&quot;Metoda Wysy\\u0142ki&quot;,&quot;detail_item_width&quot;:&quot;25&quot;,&quot;detail_item_icon&quot;:{&quot;value&quot;:&quot;&quot;,&quot;library&quot;:&quot;&quot;}}]}\" data-widget_type=\"sellkit-order-details.default\">\n\t\t\t\t<div class=\"elementor-widget-container\">\n\t\t\t\t\t<div class=\"woocommerce-order-overview woocommerce-thankyou-order-details order_details sellkit-order-details sellkit-order-details-left\" id=\"sellkit-order-details-b090fd4\">\n\t\t\t<h3>Szczeg\u00f3\u0142y Zam\u00f3wienia<\/h3>\n<div class=\"woocommerce-order\">\n\n\t\n\t\t\n\t\t\t<ul class=\"sellkit-order-details-content sellkit-flex sellkit-flex-wrap col-100\" >\n\t\t\t\t\t\t<li id=\"sellkit-order-details-items-group-f34ec0f\" class=\"order_details woocommerce-order-overview__order order sellkit-flex-wrap sellkit-item-type-order_number sellkit-order-details-items-group elementor-column elementor-col-25\">\n\t\t\t<div class=\"order-details-heading-group\">\n\t\t\t\t\t<span class=\"sellkit-order-details-icon\">\n\t\t\t\t\t<\/span>\n\t\t\t\t<h5\n\t\t\tclass=\"sellkit-order-details-heading\">\n\t\t\tNumer Zam\u00f3wienia\t\t\t<\/h5>\n\t\t\t\t\t<\/div>\n\t\t\t\t\t<\/li>\n\t\t\t\t<li id=\"sellkit-order-details-items-group-abcc83d\" class=\"order_details woocommerce-order-overview__status status sellkit-flex-wrap sellkit-item-type-order_status sellkit-order-details-items-group elementor-column elementor-col-25\">\n\t\t\t<div class=\"order-details-heading-group\">\n\t\t\t\t\t<span class=\"sellkit-order-details-icon\">\n\t\t\t\t\t<\/span>\n\t\t\t\t<h5\n\t\t\tclass=\"sellkit-order-details-heading\">\n\t\t\tStatus Zam\u00f3wienia\t\t\t<\/h5>\n\t\t\t\t\t<\/div>\n\t\t\t\t\t<\/li>\n\t\t\t\t<li id=\"sellkit-order-details-items-group-b2d69fd\" class=\"order_details woocommerce-order-overview__payment payment sellkit-flex-wrap sellkit-item-type-payment_method sellkit-order-details-items-group elementor-column elementor-col-25\">\n\t\t\t<div class=\"order-details-heading-group\">\n\t\t\t\t\t<span class=\"sellkit-order-details-icon\">\n\t\t\t\t\t<\/span>\n\t\t\t\t<h5\n\t\t\tclass=\"sellkit-order-details-heading\">\n\t\t\tMetoda P\u0142atno\u015bci\t\t\t<\/h5>\n\t\t\t\t\t<\/div>\n\t\t\t\t\t<\/li>\n\t\t\t\t<li id=\"sellkit-order-details-items-group-f488b97\" class=\"order_details woocommerce-order-overview__method method sellkit-flex-wrap sellkit-item-type-shipping_method sellkit-order-details-items-group elementor-column elementor-col-25\">\n\t\t\t<div class=\"order-details-heading-group\">\n\t\t\t\t\t<span class=\"sellkit-order-details-icon\">\n\t\t\t\t\t<\/span>\n\t\t\t\t<h5\n\t\t\tclass=\"sellkit-order-details-heading\">\n\t\t\tMetoda Wysy\u0142ki\t\t\t<\/h5>\n\t\t\t\t\t<\/div>\n\t\t\t\t\t<\/li>\n\t\t\t\t\t<\/ul>\n\n\t\t\n\n<\/div>\n\t\t<\/div>\n\t\t\t\t<\/div>\n\t\t\t\t<\/div>\n\t\t\t\t<div class=\"elementor-element elementor-element-cc758f0 elementor-widget elementor-widget-sellkit-order-cart-details\" data-id=\"cc758f0\" data-element_type=\"widget\" data-widget_type=\"sellkit-order-cart-details.default\">\n\t\t\t\t<div class=\"elementor-widget-container\">\n\t\t\t\t<section class=\"woocommerce-order-details sellkit-order-cart-detail\">\n\t\t\n\t\t<table class=\"woocommerce-table woocommerce-table--order-details shop_table order_details\">\n\t\t\t\t\t\t<thead>\n\t\t\t<tr>\n\t\t\t\t<th class=\"woocommerce-table__product-name product-name sellkit-cart-detail-heading\">Koszyk<\/th>\n\t\t\t\t<th class=\"woocommerce-table__product-table product-total\"><\/th>\n\t\t\t<\/tr>\n\t\t\t<\/thead>\n\t\t\t\t\t\t<tbody>\n\t\t\t<tr class=\"woocommerce-table__line-item order_item\">\n\t<td class=\"woocommerce-table__product-name product-name\">\n\t\t\t\t\t<div class=\"sellkit-order-cart-detail-items-thumbnail\">\n\t\t\t\t<div class=\"sellkit-order-cart-detail-items-thumbnail-image-wrapper\">\n\t\t\t\t\t\t\t\t\t<img decoding=\"async\" src=\"https:\/\/sportyheaven.pl\/wp-content\/uploads\/2023\/10\/ikona-produktu.jpg\" alt=\"\">\n\t\t\t\t\t\t\t\t<\/div>\n\t\t\t\t<div class=\"sellkit-order-cart-detail-items-thumbnail-quantity\">\n\t\t\t\t\t3\t\t\t\t<\/div>\n\t\t\t<\/div>\n\t\t\t\t\t\t\t\t<div class=\"sellkit-order-cart-detail-items-product-title\">\n\t\t\t\t\tFlying ninja\t\t\t\t<\/div>\n\t\t\t\t<\/td>\n\n\t<td class=\"woocommerce-table__product-total product-total\">\n\t\t\t\t\t<div class=\"sellkit-order-cart-detail-items-price\">\n\t\t\t<span class=\"woocommerce-Price-amount amount\"><bdi>82.00&nbsp;<span class=\"woocommerce-Price-currencySymbol\">&#122;&#322;<\/span><\/bdi><\/span>\t\t\t<\/div>\n\t\t\t\t<\/td>\n<\/tr>\n\n<tr class=\"woocommerce-table__line-item order_item\">\n\t<td class=\"woocommerce-table__product-name product-name\">\n\t\t\t\t\t<div class=\"sellkit-order-cart-detail-items-thumbnail\">\n\t\t\t\t<div class=\"sellkit-order-cart-detail-items-thumbnail-image-wrapper\">\n\t\t\t\t\t\t\t\t\t<img decoding=\"async\" src=\"https:\/\/sportyheaven.pl\/wp-content\/uploads\/2023\/10\/ikona-produktu.jpg\" alt=\"\">\n\t\t\t\t\t\t\t\t<\/div>\n\t\t\t\t<div class=\"sellkit-order-cart-detail-items-thumbnail-quantity\">\n\t\t\t\t\t2\t\t\t\t<\/div>\n\t\t\t<\/div>\n\t\t\t\t\t\t\t\t<div class=\"sellkit-order-cart-detail-items-product-title\">\n\t\t\t\t\tGucci watch\t\t\t\t<\/div>\n\t\t\t\t<\/td>\n\n\t<td class=\"woocommerce-table__product-total product-total\">\n\t\t\t\t\t<div class=\"sellkit-order-cart-detail-items-price\">\n\t\t\t<span class=\"woocommerce-Price-amount amount\"><bdi>82.00&nbsp;<span class=\"woocommerce-Price-currencySymbol\">&#122;&#322;<\/span><\/bdi><\/span>\t\t\t<\/div>\n\t\t\t\t<\/td>\n<\/tr>\n\n\t\t\t<\/tbody>\n\t\t\t<tfoot>\n\t\t\t\t\t\t\t<tr>\n\t\t\t\t\t<th scope=\"row\">subtotal<\/th>\n\t\t\t\t\t<td>$164.00<\/td>\n\t\t\t\t<\/tr>\n\t\t\t\t\t\t\t\t<tr>\n\t\t\t\t\t<th scope=\"row\">shipping<\/th>\n\t\t\t\t\t<td>$10.00<\/td>\n\t\t\t\t<\/tr>\n\t\t\t\t\t\t\t\t<tr>\n\t\t\t\t\t<th scope=\"row\">discount<\/th>\n\t\t\t\t\t<td>$17.00<\/td>\n\t\t\t\t<\/tr>\n\t\t\t\t\t\t\t\t<tr>\n\t\t\t\t\t<th scope=\"row\">total<\/th>\n\t\t\t\t\t<td>$75.00<\/td>\n\t\t\t\t<\/tr>\n\t\t\t\t\t\t\t\t\t\t<\/tfoot>\n\t\t<\/table>\n\n\t\t\t<\/section>\n\t\t<\/div>\n\t\t\t\t<\/div>\n\t\t\t\t<div class=\"elementor-element elementor-element-eddfa6a elementor-widget elementor-widget-sellkit-order-details\" data-id=\"eddfa6a\" data-element_type=\"widget\" data-settings=\"{&quot;fields&quot;:[{&quot;type&quot;:&quot;contact_details&quot;,&quot;label&quot;:&quot;Adres rozliczeniowy&quot;,&quot;_id&quot;:&quot;f34ec0f&quot;,&quot;detail_item_width&quot;:&quot;50&quot;,&quot;detail_item_icon&quot;:{&quot;value&quot;:&quot;&quot;,&quot;library&quot;:&quot;&quot;}},{&quot;_id&quot;:&quot;abcc83d&quot;,&quot;type&quot;:&quot;shipping_address&quot;,&quot;label&quot;:&quot;Adres wysy\\u0142ki&quot;,&quot;detail_item_width&quot;:&quot;50&quot;,&quot;detail_item_icon&quot;:{&quot;value&quot;:&quot;&quot;,&quot;library&quot;:&quot;&quot;}}]}\" data-widget_type=\"sellkit-order-details.default\">\n\t\t\t\t<div class=\"elementor-widget-container\">\n\t\t\t\t\t<div class=\"woocommerce-order-overview woocommerce-thankyou-order-details order_details sellkit-order-details sellkit-order-details-left\" id=\"sellkit-order-details-eddfa6a\">\n\t\t\t<h3>Adres rozliczeniowy i adres wysy\u0142ki<\/h3>\n<div class=\"woocommerce-order\">\n\n\t\n\t\t\n\t\t\t<ul class=\"sellkit-order-details-content sellkit-flex sellkit-flex-wrap col-100\" >\n\t\t\t\t\t\t<li id=\"sellkit-order-details-items-group-f34ec0f\" class=\"order_details woocommerce-order-overview__contact contact sellkit-flex-wrap sellkit-item-type-contact_details sellkit-order-details-items-group elementor-column elementor-col-50\">\n\t\t\t<div class=\"order-details-heading-group\">\n\t\t\t\t\t<span class=\"sellkit-order-details-icon\">\n\t\t\t\t\t<\/span>\n\t\t\t\t<h5\n\t\t\tclass=\"sellkit-order-details-heading\">\n\t\t\tAdres rozliczeniowy\t\t\t<\/h5>\n\t\t\t\t\t<\/div>\n\t\t\t\t\t<\/li>\n\t\t\t\t<li id=\"sellkit-order-details-items-group-abcc83d\" class=\"order_details woocommerce-order-overview__address address sellkit-flex-wrap sellkit-item-type-shipping_address sellkit-order-details-items-group elementor-column elementor-col-50\">\n\t\t\t<div class=\"order-details-heading-group\">\n\t\t\t\t\t<span class=\"sellkit-order-details-icon\">\n\t\t\t\t\t<\/span>\n\t\t\t\t<h5\n\t\t\tclass=\"sellkit-order-details-heading\">\n\t\t\tAdres wysy\u0142ki\t\t\t<\/h5>\n\t\t\t\t\t<\/div>\n\t\t\t\t\t<\/li>\n\t\t\t\t\t<\/ul>\n\n\t\t\n\n<\/div>\n\t\t<\/div>\n\t\t\t\t<\/div>\n\t\t\t\t<\/div>\n\t\t\t\t<div class=\"elementor-element elementor-element-4d7c1860 elementor-widget elementor-widget-text-editor\" data-id=\"4d7c1860\" data-element_type=\"widget\" data-widget_type=\"text-editor.default\">\n\t\t\t\t<div class=\"elementor-widget-container\">\n\t\t\t<style>\/*! elementor - v3.19.0 - 26-02-2024 *\/\n.elementor-widget-text-editor.elementor-drop-cap-view-stacked .elementor-drop-cap{background-color:#69727d;color:#fff}.elementor-widget-text-editor.elementor-drop-cap-view-framed .elementor-drop-cap{color:#69727d;border:3px solid;background-color:transparent}.elementor-widget-text-editor:not(.elementor-drop-cap-view-default) .elementor-drop-cap{margin-top:8px}.elementor-widget-text-editor:not(.elementor-drop-cap-view-default) .elementor-drop-cap-letter{width:1em;height:1em}.elementor-widget-text-editor .elementor-drop-cap{float:left;text-align:center;line-height:1;font-size:50px}.elementor-widget-text-editor .elementor-drop-cap-letter{display:inline-block}<\/style>\t\t\t\t<p style=\"text-align: center;\">Thank you for your purchase and we look forward to seeing you again!<\/p>\n\t\t\t\t\t\t<\/div>\n\t\t\t\t<\/div>\n\t\t\t\t\t<\/div>\n\t\t<\/div>\n\t\t\t\t\t<\/div>\n\t\t<\/section>\n\t\t\t\t<section class=\"elementor-section elementor-top-section elementor-element elementor-element-2b9863f2 elementor-section-boxed elementor-section-height-default elementor-section-height-default\" data-id=\"2b9863f2\" data-element_type=\"section\" data-settings=\"{&quot;jet_parallax_layout_list&quot;:[{&quot;jet_parallax_layout_image&quot;:{&quot;url&quot;:&quot;&quot;,&quot;id&quot;:&quot;&quot;,&quot;size&quot;:&quot;&quot;},&quot;_id&quot;:&quot;0cf1efd&quot;,&quot;jet_parallax_layout_image_tablet&quot;:{&quot;url&quot;:&quot;&quot;,&quot;id&quot;:&quot;&quot;,&quot;size&quot;:&quot;&quot;},&quot;jet_parallax_layout_image_mobile&quot;:{&quot;url&quot;:&quot;&quot;,&quot;id&quot;:&quot;&quot;,&quot;size&quot;:&quot;&quot;},&quot;jet_parallax_layout_speed&quot;:{&quot;unit&quot;:&quot;%&quot;,&quot;size&quot;:&quot;50&quot;,&quot;sizes&quot;:[]},&quot;jet_parallax_layout_bg_x&quot;:&quot;50&quot;,&quot;jet_parallax_layout_bg_y&quot;:&quot;50&quot;,&quot;jet_parallax_layout_type&quot;:&quot;scroll&quot;,&quot;jet_parallax_layout_direction&quot;:null,&quot;jet_parallax_layout_fx_direction&quot;:null,&quot;jet_parallax_layout_z_index&quot;:&quot;&quot;,&quot;jet_parallax_layout_bg_x_tablet&quot;:&quot;&quot;,&quot;jet_parallax_layout_bg_x_mobile&quot;:&quot;&quot;,&quot;jet_parallax_layout_bg_y_tablet&quot;:&quot;&quot;,&quot;jet_parallax_layout_bg_y_mobile&quot;:&quot;&quot;,&quot;jet_parallax_layout_bg_size&quot;:&quot;auto&quot;,&quot;jet_parallax_layout_bg_size_tablet&quot;:&quot;&quot;,&quot;jet_parallax_layout_bg_size_mobile&quot;:&quot;&quot;,&quot;jet_parallax_layout_animation_prop&quot;:&quot;transform&quot;,&quot;jet_parallax_layout_on&quot;:[&quot;desktop&quot;,&quot;tablet&quot;]}]}\">\n\t\t\t\t\t\t<div class=\"elementor-container elementor-column-gap-default\">\n\t\t\t\t\t<div class=\"elementor-column elementor-col-100 elementor-top-column elementor-element elementor-element-40159330\" data-id=\"40159330\" data-element_type=\"column\">\n\t\t\t<div class=\"elementor-widget-wrap elementor-element-populated\">\n\t\t\t\t\t\t<div class=\"elementor-element elementor-element-5dcb8080 elementor-widget elementor-widget-spacer\" data-id=\"5dcb8080\" data-element_type=\"widget\" data-widget_type=\"spacer.default\">\n\t\t\t\t<div class=\"elementor-widget-container\">\n\t\t\t<style>\/*! elementor - v3.19.0 - 26-02-2024 *\/\n.elementor-column .elementor-spacer-inner{height:var(--spacer-size)}.e-con{--container-widget-width:100%}.e-con-inner>.elementor-widget-spacer,.e-con>.elementor-widget-spacer{width:var(--container-widget-width,var(--spacer-size));--align-self:var(--container-widget-align-self,initial);--flex-shrink:0}.e-con-inner>.elementor-widget-spacer>.elementor-widget-container,.e-con>.elementor-widget-spacer>.elementor-widget-container{height:100%;width:100%}.e-con-inner>.elementor-widget-spacer>.elementor-widget-container>.elementor-spacer,.e-con>.elementor-widget-spacer>.elementor-widget-container>.elementor-spacer{height:100%}.e-con-inner>.elementor-widget-spacer>.elementor-widget-container>.elementor-spacer>.elementor-spacer-inner,.e-con>.elementor-widget-spacer>.elementor-widget-container>.elementor-spacer>.elementor-spacer-inner{height:var(--container-widget-height,var(--spacer-size))}.e-con-inner>.elementor-widget-spacer.elementor-widget-empty,.e-con>.elementor-widget-spacer.elementor-widget-empty{position:relative;min-height:22px;min-width:22px}.e-con-inner>.elementor-widget-spacer.elementor-widget-empty .elementor-widget-empty-icon,.e-con>.elementor-widget-spacer.elementor-widget-empty .elementor-widget-empty-icon{position:absolute;top:0;bottom:0;left:0;right:0;margin:auto;padding:0;width:22px;height:22px}<\/style>\t\t<div class=\"elementor-spacer\">\n\t\t\t<div class=\"elementor-spacer-inner\"><\/div>\n\t\t<\/div>\n\t\t\t\t<\/div>\n\t\t\t\t<\/div>\n\t\t\t\t\t<\/div>\n\t\t<\/div>\n\t\t\t\t\t<\/div>\n\t\t<\/section>\n\t\t\t\t<\/div>\n\t\t","protected":false},"excerpt":{"rendered":"<p>Thank you Your order has been received! Thank you for shopping at Sporty Heaven! An email with the order details has been sent to your email address. Szczeg\u00f3\u0142y Zam\u00f3wienia Numer Zam\u00f3wienia Status Zam\u00f3wienia Metoda P\u0142atno\u015bci Metoda Wysy\u0142ki Koszyk 3 Flying ninja 82,00&nbsp;&#122;&#322; 2 Gucci watch 82,00&nbsp;&#122;&#322; subtotal $164.00 shipping $10.00 discount $17.00 total $75.00 Adres [&hellip;]<\/p>\n","protected":false},"author":1,"featured_media":0,"parent":0,"menu_order":0,"comment_status":"closed","ping_status":"closed","template":"elementor_header_footer","meta":{"_acf_changed":false,"footnotes":""},"class_list":["post-4685","page","type-page","status-publish","hentry"],"acf":[],"_links":{"self":[{"href":"https:\/\/sportyheaven.pl\/en\/wp-json\/wp\/v2\/pages\/4685","targetHints":{"allow":["GET"]}}],"collection":[{"href":"https:\/\/sportyheaven.pl\/en\/wp-json\/wp\/v2\/pages"}],"about":[{"href":"https:\/\/sportyheaven.pl\/en\/wp-json\/wp\/v2\/types\/page"}],"author":[{"embeddable":true,"href":"https:\/\/sportyheaven.pl\/en\/wp-json\/wp\/v2\/users\/1"}],"replies":[{"embeddable":true,"href":"https:\/\/sportyheaven.pl\/en\/wp-json\/wp\/v2\/comments?post=4685"}],"version-history":[{"count":0,"href":"https:\/\/sportyheaven.pl\/en\/wp-json\/wp\/v2\/pages\/4685\/revisions"}],"wp:attachment":[{"href":"https:\/\/sportyheaven.pl\/en\/wp-json\/wp\/v2\/media?parent=4685"}],"curies":[{"name":"wp","href":"https:\/\/api.w.org\/{rel}","templated":true}]}}