{"id":5270,"date":"2024-02-13T19:41:55","date_gmt":"2024-02-13T18:41:55","guid":{"rendered":"https:\/\/sportyheaven.pl\/?post_type=product&#038;p=5266"},"modified":"2024-02-13T19:41:55","modified_gmt":"2024-02-13T18:41:55","slug":"trofeum-szklane-pilka-nozna-czarny-postument-vl1-soc1-2","status":"publish","type":"product","link":"http:\/\/sportyheaven.pl\/en\/sklep\/trofeum-szklane-pilka-nozna-czarny-postument-vl1-soc1-2\/","title":{"rendered":"Trofeum szklane Pi\u0142ka no\u017cna czarny postument VL1\/SOC1"},"content":{"rendered":"<p>Na wybranych przez Pa\u0144stwa trofeach oferujemy us\u0142ug\u0119 personalizacji napis\u00f3w.<\/p>\n<p>Prosimy o dodanie odpowiedniej ilo\u015bci napis\u00f3w do koszyka oraz podanie ich tre\u015bci w sekcji \u201eUwagi do produktu\u201d.<\/p>\n<p>Mo\u017cna r\u00f3wnie\u017c doda\u0107 napis klikaj\u0105c:<\/p>\n<h4><a href=\"http:\/\/sportyheaven.pl\/en\/product-category\/tablets\/trophy-plaques\/\"><em><strong>TABLICZKI<\/strong><\/em><\/a><\/h4>\n<p>&nbsp;<\/p>\n","protected":false},"excerpt":{"rendered":"<p>Na wybranych przez Pa\u0144stwa trofeach oferujemy us\u0142ug\u0119 personalizacji napis\u00f3w. Prosimy o dodanie odpowiedniej ilo\u015bci napis\u00f3w do koszyka oraz podanie ich tre\u015bci w sekcji \u201eUwagi do produktu\u201d. Mo\u017cna r\u00f3wnie\u017c doda\u0107 napis klikaj\u0105c: TABLICZKI &nbsp;<\/p>\n","protected":false},"featured_media":0,"template":"","meta":{"_acf_changed":false},"marka":[],"product_cat":[],"product_tag":[],"class_list":{"0":"post-5270","1":"product","2":"type-product","3":"status-publish","6":"first","7":"instock","8":"taxable","9":"shipping-taxable","10":"product-type-simple"},"acf":[],"_links":{"self":[{"href":"http:\/\/sportyheaven.pl\/en\/wp-json\/wp\/v2\/product\/5270","targetHints":{"allow":["GET"]}}],"collection":[{"href":"http:\/\/sportyheaven.pl\/en\/wp-json\/wp\/v2\/product"}],"about":[{"href":"http:\/\/sportyheaven.pl\/en\/wp-json\/wp\/v2\/types\/product"}],"version-history":[{"count":0,"href":"http:\/\/sportyheaven.pl\/en\/wp-json\/wp\/v2\/product\/5270\/revisions"}],"wp:attachment":[{"href":"http:\/\/sportyheaven.pl\/en\/wp-json\/wp\/v2\/media?parent=5270"}],"wp:term":[{"taxonomy":"marka","embeddable":true,"href":"http:\/\/sportyheaven.pl\/en\/wp-json\/wp\/v2\/marka?post=5270"},{"taxonomy":"product_cat","embeddable":true,"href":"http:\/\/sportyheaven.pl\/en\/wp-json\/wp\/v2\/product_cat?post=5270"},{"taxonomy":"product_tag","embeddable":true,"href":"http:\/\/sportyheaven.pl\/en\/wp-json\/wp\/v2\/product_tag?post=5270"}],"curies":[{"name":"wp","href":"https:\/\/api.w.org\/{rel}","templated":true}]}}