{"id":5230,"date":"2024-01-31T22:01:34","date_gmt":"2024-01-31T21:01:34","guid":{"rendered":"https:\/\/sportyheaven.pl\/?post_type=product&#038;p=5230"},"modified":"2024-01-31T22:05:09","modified_gmt":"2024-01-31T21:05:09","slug":"trofeum-szklane-tryumf-bramkarz-pilka-nozna-vl1-soc4-czarny-postument","status":"publish","type":"product","link":"http:\/\/sportyheaven.pl\/en\/sklep\/trofeum-szklane-tryumf-bramkarz-pilka-nozna-vl1-soc4-czarny-postument\/","title":{"rendered":"Trofeum szklane Tryumf Bramkarz Pi\u0142ka no\u017cna VL1\/SOC4 czarny postument"},"content":{"rendered":"<p><strong>Na wybranych przez Pa\u0144stwa trofeach wykonujemy napisy.<\/strong><\/p>\n<p><strong>Prosz\u0119 doda\u0107 odpowiedni\u0105 ilo\u015b\u0107 napis\u00f3w do koszyka i poda\u0107 ich tre\u015b\u0107 w uwagach do produktu.<\/strong><\/p>\n<p>Napisy mo\u017cna doda\u0107 klikaj\u0105c na:<\/p>\n<p><em><strong><a href=\"http:\/\/sportyheaven.pl\/en\/product-category\/tablets\/trophy-plaques\/\">TABLICZKI<\/a><\/strong><\/em><\/p>\n<p>&nbsp;<\/p>\n","protected":false},"excerpt":{"rendered":"<ul>\n<li>Materia\u0142 wykonania: szk\u0142o, marmur<\/li>\n<li>Grubo\u015b\u0107 szk\u0142a: 1 cm<\/li>\n<li>Wysoko\u015b\u0107:<\/li>\n<li>VL1-A &#8211; 22,5 cm<\/li>\n<li>VL1-B &#8211; 20,5 cm<\/li>\n<li>VL1-C &#8211; 17,5 cm<\/li>\n<li>VL1-D &#8211; 15 cm\n<div class=\"dictionary__param mb-4\" data-srp-price=\"true\"><\/div>\n<div class=\"dictionary__param mb-4\" data-producer=\"true\"><\/div>\n<div class=\"dictionary__param mb-4\" data-code=\"true\">\n<div class=\"dictionary__name mr-1\"><span class=\"dictionary__name_txt\">Symbol &#8211; <\/span>VL1-D\/SOC4\/BK<\/div>\n<\/div>\n<div class=\"dictionary__param mb-4\" data-waranty=\"true\">\n<div class=\"dictionary__name mr-1\"><span class=\"dictionary__name_txt\">Gwarancja &#8211; <\/span>Tak<\/div>\n<\/div>\n<div class=\"dictionary__param mb-4\">\n<div class=\"dictionary__name mr-1\"><\/div>\n<\/div>\n<\/li>\n<\/ul>\n","protected":false},"featured_media":5231,"template":"","meta":{"_acf_changed":false},"marka":[421],"product_cat":[252],"product_tag":[430,422,431,423,429],"class_list":{"0":"post-5230","1":"product","2":"type-product","3":"status-publish","4":"has-post-thumbnail","6":"marka-tryumf","7":"product_cat-trophies-football","8":"product_tag-pilka-nozna-puchary","9":"product_tag-puchary","10":"product_tag-szklane-puchary","11":"product_tag-trofea","12":"product_tag-tryufm","14":"first","15":"instock","16":"taxable","17":"shipping-taxable","18":"purchasable","19":"product-type-simple"},"acf":[],"_links":{"self":[{"href":"http:\/\/sportyheaven.pl\/en\/wp-json\/wp\/v2\/product\/5230","targetHints":{"allow":["GET"]}}],"collection":[{"href":"http:\/\/sportyheaven.pl\/en\/wp-json\/wp\/v2\/product"}],"about":[{"href":"http:\/\/sportyheaven.pl\/en\/wp-json\/wp\/v2\/types\/product"}],"version-history":[{"count":0,"href":"http:\/\/sportyheaven.pl\/en\/wp-json\/wp\/v2\/product\/5230\/revisions"}],"wp:featuredmedia":[{"embeddable":true,"href":"http:\/\/sportyheaven.pl\/en\/wp-json\/wp\/v2\/media\/5231"}],"wp:attachment":[{"href":"http:\/\/sportyheaven.pl\/en\/wp-json\/wp\/v2\/media?parent=5230"}],"wp:term":[{"taxonomy":"marka","embeddable":true,"href":"http:\/\/sportyheaven.pl\/en\/wp-json\/wp\/v2\/marka?post=5230"},{"taxonomy":"product_cat","embeddable":true,"href":"http:\/\/sportyheaven.pl\/en\/wp-json\/wp\/v2\/product_cat?post=5230"},{"taxonomy":"product_tag","embeddable":true,"href":"http:\/\/sportyheaven.pl\/en\/wp-json\/wp\/v2\/product_tag?post=5230"}],"curies":[{"name":"wp","href":"https:\/\/api.w.org\/{rel}","templated":true}]}}