{"id":5208,"date":"2024-01-29T20:52:25","date_gmt":"2024-01-29T19:52:25","guid":{"rendered":"https:\/\/sportyheaven.pl\/?post_type=product&#038;p=5208"},"modified":"2024-01-31T22:19:22","modified_gmt":"2024-01-31T21:19:22","slug":"puchar-tryumf-plastikowy-zloty-pilka-nozna","status":"publish","type":"product","link":"http:\/\/sportyheaven.pl\/en\/sklep\/puchar-tryumf-plastikowy-zloty-pilka-nozna\/","title":{"rendered":"Puchar Tryumf plastikowy z\u0142oty Pi\u0142ka no\u017cna 7243E"},"content":{"rendered":"<ul>\n<li><strong>Wysoko\u015b\u0107 pucharu:<\/strong> 32,5 cm<\/li>\n<li><strong>Materia\u0142:<\/strong> metal, plastik<\/li>\n<li><strong>Mo\u017cliwo\u015b\u0107 personalizacji:<\/strong> tabliczka z grawerem laserowym lub kolorowym nadrukiem<\/li>\n<\/ul>\n<p>Na wybranych przez Pa\u0144stwa trofeach dokonujemy indywidualnych napis\u00f3w.<\/p>\n<p>Prosimy o dodanie odpowiedniej ilo\u015bci napis\u00f3w do koszyka oraz podanie ich tre\u015bci w uwagach do produktu.<\/p>\n<p>Jest mo\u017cliwo\u015b\u0107 spersonalizowanego nadruku na ka\u017cdym pucharze.<\/p>\n<p>NADRUKI:<\/p>\n<p><a href=\"http:\/\/sportyheaven.pl\/en\/product-category\/tablets\/trophy-plaques\/\">Tabliczki<\/a><\/p>\n<p>&nbsp;<\/p>\n","protected":false},"excerpt":{"rendered":"<p>Wysoko\u015b\u0107 pucharu: 32,5 cm Materia\u0142: metal, plastik Mo\u017cliwo\u015b\u0107 personalizacji: tabliczka z grawerem laserowym lub kolorowym nadrukiem Na wybranych przez Pa\u0144stwa trofeach dokonujemy indywidualnych napis\u00f3w. Prosimy o dodanie odpowiedniej ilo\u015bci napis\u00f3w do koszyka oraz podanie ich tre\u015bci w uwagach do produktu. Jest mo\u017cliwo\u015b\u0107 spersonalizowanego nadruku na ka\u017cdym pucharze. NADRUKI: Tabliczki &nbsp;<\/p>\n","protected":false},"featured_media":5209,"template":"","meta":{"_acf_changed":false},"marka":[424],"product_cat":[191],"product_tag":[422,423],"class_list":{"0":"post-5208","1":"product","2":"type-product","3":"status-publish","4":"has-post-thumbnail","6":"marka-kajasport","7":"product_cat-trofea-pilka-nozna","8":"product_tag-puchary","9":"product_tag-trofea","11":"first","12":"instock","13":"taxable","14":"shipping-taxable","15":"purchasable","16":"product-type-simple"},"acf":[],"_links":{"self":[{"href":"http:\/\/sportyheaven.pl\/en\/wp-json\/wp\/v2\/product\/5208","targetHints":{"allow":["GET"]}}],"collection":[{"href":"http:\/\/sportyheaven.pl\/en\/wp-json\/wp\/v2\/product"}],"about":[{"href":"http:\/\/sportyheaven.pl\/en\/wp-json\/wp\/v2\/types\/product"}],"version-history":[{"count":0,"href":"http:\/\/sportyheaven.pl\/en\/wp-json\/wp\/v2\/product\/5208\/revisions"}],"wp:featuredmedia":[{"embeddable":true,"href":"http:\/\/sportyheaven.pl\/en\/wp-json\/wp\/v2\/media\/5209"}],"wp:attachment":[{"href":"http:\/\/sportyheaven.pl\/en\/wp-json\/wp\/v2\/media?parent=5208"}],"wp:term":[{"taxonomy":"marka","embeddable":true,"href":"http:\/\/sportyheaven.pl\/en\/wp-json\/wp\/v2\/marka?post=5208"},{"taxonomy":"product_cat","embeddable":true,"href":"http:\/\/sportyheaven.pl\/en\/wp-json\/wp\/v2\/product_cat?post=5208"},{"taxonomy":"product_tag","embeddable":true,"href":"http:\/\/sportyheaven.pl\/en\/wp-json\/wp\/v2\/product_tag?post=5208"}],"curies":[{"name":"wp","href":"https:\/\/api.w.org\/{rel}","templated":true}]}}