{"id":3614,"date":"2023-12-13T13:21:17","date_gmt":"2023-12-13T12:21:17","guid":{"rendered":"https:\/\/sportyheaven.pl\/produkty\/rekawice-bokserskie-feronia\/"},"modified":"2024-12-17T13:24:25","modified_gmt":"2024-12-17T12:24:25","slug":"rekawice-bokserskie-feronia","status":"publish","type":"product","link":"http:\/\/sportyheaven.pl\/en\/sklep\/rekawice-bokserskie-feronia\/","title":{"rendered":"R\u0119kawice bokserskie FERONIA"},"content":{"rendered":"<p><span style=\"font-family: tahoma, arial, helvetica, sans-serif; font-size: 10pt;\"><\/span><\/p>\n<div class=\"tw-data-text tw-text-large XcVN5d tw-ta\" style=\"text-align: justify;\" dir=\"ltr\">\n<div dir=\"ltr\" style=\"text-align: justify;\"><span style=\"font-family: tahoma, arial, helvetica, sans-serif; font-size: 10pt;\"><\/span><\/p>\n<div class=\"tw-data-text tw-text-large XcVN5d tw-ta\" style=\"text-align: justify;\" dir=\"ltr\">\n<div dir=\"ltr\" style=\"text-align: justify;\"><span style=\"font-size: 10pt; font-family: 'Open Sans', sans-serif;\"><strong>R\u0119kawice bokserskie FERONIA<\/strong><\/p>\n<p>Model dedykowany dla kobiet. Je\u015bli chcesz czu\u0107 si\u0119 kobieco bez wzgl\u0119du na form\u0119 aktywno\u015bci, mo\u017cesz si\u0119gn\u0105\u0107 po linie przeznaczone specjalnie dla pa\u0144.<br \/>R\u0119kawice s\u0105 produkowane z uwzgl\u0119dnieniem budowy damskiej d\u0142oni (kszta\u0142t i gabaryty) oraz wzgl\u0119d\u00f3w estetycznych (kolor\u00f3w).<br \/>Na pewno b\u0119dziesz si\u0119 w nich wyr\u00f3\u017cnia\u0107 na ringu.<\/p>\n<p><\/span><\/div>\n<div style=\"text-align: justify;\"><span style=\"font-family: 'Open Sans', sans-serif; font-size: 10pt;\">Model FERONIA ma wy\u015bci\u00f3\u0142k\u0119 z g\u0119stej pianki, najwy\u017cszej jako\u015bci ochrona d\u0142oni oraz du\u017cy pasek\/rzep na nadgarstku, aby utrzyma\u0107 i zablokowa\u0107 je w miejscu podczas treningu. Oddychaj\u0105ce wn\u0119trze. Bardzo silna konstrukcja oraz trwa\u0142o\u015b\u0107 w atrakcyjnej cenie. R\u0119kawice zapewniaj\u0105 d\u0142oni\u0105 poprawn\u0105, prawid\u0142ow\u0105 pozycj\u0119 podczas treningu.<\/p>\n<p><\/span><\/div>\n<p><span style=\"font-family: 'Open Sans', sans-serif; font-size: 10pt;\"><strong>Dane techniczne:<\/strong><\/span><\/p>\n<p><span style=\"font-size: 10pt; font-family: 'Open Sans', sans-serif;\">&#8211; Wysokiej jako\u015bci sk\u00f3ra syntetyczna.<br \/>&#8211; Pianka wielu g\u0119sto\u015bci o doskona\u0142ej absorpcji wstrz\u0105s\u00f3w.<br \/>&#8211; Du\u017ce zapi\u0119cie na rzep<br \/>&#8211; Pe\u0142ny do\u0142\u0105czony kciuk, aby zminimalizowa\u0107 ryzyko skr\u0119cania.<br \/>&#8211; Oddychaj\u0105ce wn\u0119trze<\/p>\n<p>kod: 100402<\/span><\/p>\n<\/div>\n<\/div>\n<\/div>\n","protected":false},"excerpt":{"rendered":"<p>YAKIMASPORT<br \/>\nEAN: 5903796711974<\/p>\n","protected":false},"featured_media":3612,"template":"","meta":{"_acf_changed":false},"marka":[],"product_cat":[339,338,367],"product_tag":[],"class_list":{"0":"post-3614","1":"product","2":"type-product","3":"status-publish","4":"has-post-thumbnail","6":"product_cat-combat-sports-accessories","7":"product_cat-combat-sports","8":"product_cat-yakimasport-en","10":"first","11":"instock","12":"featured","13":"taxable","14":"shipping-taxable","15":"purchasable","16":"product-type-simple"},"acf":[],"_links":{"self":[{"href":"http:\/\/sportyheaven.pl\/en\/wp-json\/wp\/v2\/product\/3614","targetHints":{"allow":["GET"]}}],"collection":[{"href":"http:\/\/sportyheaven.pl\/en\/wp-json\/wp\/v2\/product"}],"about":[{"href":"http:\/\/sportyheaven.pl\/en\/wp-json\/wp\/v2\/types\/product"}],"version-history":[{"count":1,"href":"http:\/\/sportyheaven.pl\/en\/wp-json\/wp\/v2\/product\/3614\/revisions"}],"predecessor-version":[{"id":5844,"href":"http:\/\/sportyheaven.pl\/en\/wp-json\/wp\/v2\/product\/3614\/revisions\/5844"}],"wp:featuredmedia":[{"embeddable":true,"href":"http:\/\/sportyheaven.pl\/en\/wp-json\/wp\/v2\/media\/3612"}],"wp:attachment":[{"href":"http:\/\/sportyheaven.pl\/en\/wp-json\/wp\/v2\/media?parent=3614"}],"wp:term":[{"taxonomy":"marka","embeddable":true,"href":"http:\/\/sportyheaven.pl\/en\/wp-json\/wp\/v2\/marka?post=3614"},{"taxonomy":"product_cat","embeddable":true,"href":"http:\/\/sportyheaven.pl\/en\/wp-json\/wp\/v2\/product_cat?post=3614"},{"taxonomy":"product_tag","embeddable":true,"href":"http:\/\/sportyheaven.pl\/en\/wp-json\/wp\/v2\/product_tag?post=3614"}],"curies":[{"name":"wp","href":"https:\/\/api.w.org\/{rel}","templated":true}]}}