{"id":3605,"date":"2023-12-13T13:21:14","date_gmt":"2023-12-13T12:21:14","guid":{"rendered":"https:\/\/sportyheaven.pl\/produkty\/rekawice-bokserskie-grand-skora-naturalna\/"},"modified":"2024-12-17T13:24:23","modified_gmt":"2024-12-17T12:24:23","slug":"rekawice-bokserskie-grand-skora-naturalna","status":"publish","type":"product","link":"http:\/\/sportyheaven.pl\/en\/sklep\/rekawice-bokserskie-grand-skora-naturalna\/","title":{"rendered":"R\u0119kawice bokserskie GRAND &#8211; sk\u00f3ra naturalna"},"content":{"rendered":"<div style=\"text-align: justify;\">\n<div style=\"text-align: justify;\">\n<div style=\"text-align: justify;\"><span style=\"font-size: 10pt; font-family: 'Open Sans', sans-serif;\"><strong>R\u0119kawice bokserskie GRAND<\/strong><\/span><\/p>\n<p><span style=\"font-size: 10pt; font-family: 'Open Sans', sans-serif;\">S\u0105 w 100% wykonane r\u0119cznie ze sk\u00f3ry naturalnej, z wyj\u0105tkowo d\u0142ugimi\u00a0rzepami i z niepowtarzaln\u0105 kolorystyk\u0105<br \/>S\u0105 anatomicznie zaprojektowane, z do\u0142\u0105czonymi kciukami i wodoodporn\u0105 podszewk\u0105 zapewniaj\u0105 najlepsz\u0105 ochron\u0119 i komfort.<br \/>R\u0119kawica jest dopasowana do d\u0142oni. Preferuje zawodnik\u00f3w lubi\u0105cych u\u017cywa\u0107 twardych r\u0119kawic.<br \/><\/span><\/div>\n<div style=\"text-align: justify;\"><span style=\"font-size: 10pt; font-family: 'Open Sans', sans-serif;\">\u00a0<\/span><\/div>\n<div style=\"text-align: justify;\"><span style=\"font-size: 10pt; font-family: 'Open Sans', sans-serif;\"><strong>Opis:<\/strong><\/span><\/div>\n<div style=\"text-align: justify;\"><span style=\"font-size: 10pt; font-family: 'Open Sans', sans-serif;\">&#8211; Wyprodukowane pod \u015bcis\u0142\u0105 kontrol\u0105 jako\u015bci ze sk\u00f3ry naturalnej<\/span><br \/><span style=\"font-size: 10pt; font-family: 'Open Sans', sans-serif;\">&#8211; Do\u0142\u0105czony kciuk zapewnia os\u0142on\u0119 przed skr\u0119ceniem czy wybiciem<\/span><br \/><span style=\"font-size: 10pt; font-family: 'Open Sans', sans-serif;\">&#8211; Wodoodporna podszewka zapobiega wchodzeniu wilgoci do wn\u0119trza i utrzymuje r\u0119kawice w czysto\u015bci<\/span><br \/><span style=\"font-size: 10pt; font-family: 'Open Sans', sans-serif;\">&#8211; Anatomicznie zaprojektowane.<\/span><br \/><span style=\"font-size: 11pt; font-family: sans-serif;\"><span style=\"font-size: 10pt; font-family: 'Open Sans', sans-serif;\">&#8211; D\u0142ugie rzepy.<\/span><\/p>\n<p><span style=\"font-size: 10pt; font-family: 'Open Sans', sans-serif;\">Opinie zawodowych pi\u0119\u015bciarzy o r\u0119kawicy GRAND:<\/span><\/p>\n<p><span style=\"font-size: 10pt; font-family: 'Open Sans', sans-serif;\"><em>&#8220;Niespotykany w innych modelach d\u0142ugi rzep pozwala owin\u0105\u0107 ca\u0142y nadgarstek. Powoduje to jego usztywnienie przez co utrzymuje d\u0142o\u0144 w optymalnej pozycji do wyprowadzania cios\u00f3w. Dodatkowo zapobiega niebezpiecznym wykr\u0119ceniom nadgarstka przy mocnych uderzeniach&#8221;<\/em><\/span><br \/><span style=\"font-size: 10pt; font-family: 'Open Sans', sans-serif;\"><em>&#8220;Ciekawa kolorystyka wyr\u00f3\u017cnia r\u0119kawice GRAND od wszystkich innych&#8221;<\/em><\/span><br \/><span style=\"font-size: 10pt; font-family: 'Open Sans', sans-serif;\"><em>&#8220;Lubi\u0119 trenowa\u0107 w r\u0119kawicach GRAND, poniewa\u017c maj\u0105 twardsz\u0105 piank\u0119 i lepiej czuj\u0119 ciosy&#8221;<\/em><\/span><\/p>\n<p><span style=\"font-size: 10pt; font-family: 'Open Sans', sans-serif;\">Zastosowanie: Walki amatorskie, trening na tarczach, trening na worku.<\/span><\/p>\n<p><\/span><\/div>\n<\/div>\n<\/div>\n","protected":false},"excerpt":{"rendered":"<p>YAKIMASPORT<br \/>\nEAN: 5903796711523<\/p>\n","protected":false},"featured_media":3603,"template":"","meta":{"_acf_changed":false},"marka":[],"product_cat":[339,338,367],"product_tag":[],"class_list":{"0":"post-3605","1":"product","2":"type-product","3":"status-publish","4":"has-post-thumbnail","6":"product_cat-combat-sports-accessories","7":"product_cat-combat-sports","8":"product_cat-yakimasport-en","10":"first","11":"instock","12":"taxable","13":"shipping-taxable","14":"purchasable","15":"product-type-simple"},"acf":{"informacje_o_zakupach":"Bezpieczne zakupy, 12 miesi\u0119czna gwarancja!","informacje_o_dostawie_ys":"Szybka realizacja zam\u00f3wienia i dostawa","informacje_o_zwrocie":"14-dniowa mo\u017cliwo\u015b\u0107 zwrotu!"},"_links":{"self":[{"href":"http:\/\/sportyheaven.pl\/en\/wp-json\/wp\/v2\/product\/3605","targetHints":{"allow":["GET"]}}],"collection":[{"href":"http:\/\/sportyheaven.pl\/en\/wp-json\/wp\/v2\/product"}],"about":[{"href":"http:\/\/sportyheaven.pl\/en\/wp-json\/wp\/v2\/types\/product"}],"version-history":[{"count":1,"href":"http:\/\/sportyheaven.pl\/en\/wp-json\/wp\/v2\/product\/3605\/revisions"}],"predecessor-version":[{"id":5842,"href":"http:\/\/sportyheaven.pl\/en\/wp-json\/wp\/v2\/product\/3605\/revisions\/5842"}],"wp:featuredmedia":[{"embeddable":true,"href":"http:\/\/sportyheaven.pl\/en\/wp-json\/wp\/v2\/media\/3603"}],"wp:attachment":[{"href":"http:\/\/sportyheaven.pl\/en\/wp-json\/wp\/v2\/media?parent=3605"}],"wp:term":[{"taxonomy":"marka","embeddable":true,"href":"http:\/\/sportyheaven.pl\/en\/wp-json\/wp\/v2\/marka?post=3605"},{"taxonomy":"product_cat","embeddable":true,"href":"http:\/\/sportyheaven.pl\/en\/wp-json\/wp\/v2\/product_cat?post=3605"},{"taxonomy":"product_tag","embeddable":true,"href":"http:\/\/sportyheaven.pl\/en\/wp-json\/wp\/v2\/product_tag?post=3605"}],"curies":[{"name":"wp","href":"https:\/\/api.w.org\/{rel}","templated":true}]}}