{"id":3578,"date":"2023-12-13T13:21:03","date_gmt":"2023-12-13T12:21:03","guid":{"rendered":"https:\/\/sportyheaven.pl\/produkty\/ochraniacze-stop-piszczeli-elite-black\/"},"modified":"2023-12-20T18:11:53","modified_gmt":"2023-12-20T17:11:53","slug":"ochraniacze-stop-piszczeli-elite-black","status":"publish","type":"product","link":"http:\/\/sportyheaven.pl\/en\/sklep\/ochraniacze-stop-piszczeli-elite-black\/","title":{"rendered":"Ochraniacze st\u00f3p, piszczeli Elite Black"},"content":{"rendered":"<p><span style=\"font-size:10pt;\"><strong><span style=\"font-family:'Open Sans', sans-serif;\">Ochraniacze piszczeli i st\u00f3p PRO Elite Black<br \/><\/span><\/strong><\/span><\/p>\n<p><span style=\"font-family:'Open Sans', sans-serif;font-size:10pt;\">Ochraniacze piszczeli wykonano ze specjalistycznej pianki o wysokiej g\u0119sto\u015bci dzi\u0119ki czemu ochraniacze s\u0105 lekkie ale jednocze\u015bnie doskonale absorbuj\u0105 uderzenia zapewniaj\u0105c komfort i bezpiecze\u0144stwo podczas treningu. <\/p>\n<p>Zastosowane wype\u0142nienie jest odporne na zbijanie si\u0119 i odkszta\u0142cenia dzi\u0119ki czemu ochraniacze zachowuj\u0105 swoje w\u0142a\u015bciwo\u015bci nawet po wielu latach ich u\u017cytkowania.\u00a0<\/p>\n<p><strong>Wymiary cz\u0119\u015bci na piszczel<\/strong>:<strong>\u00a0<\/strong>d\u0142ugo\u015b\u0107 &#8211; 39 cm, szeroko\u015b\u0107 &#8211;\u00a030 cm<br \/><strong>Wymiary cz\u0119\u015bci na stop\u0119<\/strong>:<strong>\u00a0<\/strong>d\u0142ugo\u015b\u0107 &#8211;\u00a018,5 cm, szeroko\u015b\u0107 &#8211; 20 cm<\/p>\n<p>Kod: 100511<\/span><\/p>\n","protected":false},"excerpt":{"rendered":"<p>YAKIMASPORT<br \/>\nEAN: 5903796713558<\/p>\n","protected":false},"featured_media":3576,"template":"","meta":{"_acf_changed":false},"marka":[],"product_cat":[339,338,367],"product_tag":[],"class_list":{"0":"post-3578","1":"product","2":"type-product","3":"status-publish","4":"has-post-thumbnail","6":"product_cat-combat-sports-accessories","7":"product_cat-combat-sports","8":"product_cat-yakimasport-en","10":"first","11":"instock","12":"taxable","13":"shipping-taxable","14":"purchasable","15":"product-type-simple"},"acf":{"informacje_o_zakupach":"Bezpieczne zakupy, 12 miesi\u0119czna gwarancja!","informacje_o_dostawie_ys":"Szybka realizacja zam\u00f3wienia i dostawa","informacje_o_zwrocie":"14-dniowa mo\u017cliwo\u015b\u0107 zwrotu!"},"_links":{"self":[{"href":"http:\/\/sportyheaven.pl\/en\/wp-json\/wp\/v2\/product\/3578","targetHints":{"allow":["GET"]}}],"collection":[{"href":"http:\/\/sportyheaven.pl\/en\/wp-json\/wp\/v2\/product"}],"about":[{"href":"http:\/\/sportyheaven.pl\/en\/wp-json\/wp\/v2\/types\/product"}],"version-history":[{"count":0,"href":"http:\/\/sportyheaven.pl\/en\/wp-json\/wp\/v2\/product\/3578\/revisions"}],"wp:featuredmedia":[{"embeddable":true,"href":"http:\/\/sportyheaven.pl\/en\/wp-json\/wp\/v2\/media\/3576"}],"wp:attachment":[{"href":"http:\/\/sportyheaven.pl\/en\/wp-json\/wp\/v2\/media?parent=3578"}],"wp:term":[{"taxonomy":"marka","embeddable":true,"href":"http:\/\/sportyheaven.pl\/en\/wp-json\/wp\/v2\/marka?post=3578"},{"taxonomy":"product_cat","embeddable":true,"href":"http:\/\/sportyheaven.pl\/en\/wp-json\/wp\/v2\/product_cat?post=3578"},{"taxonomy":"product_tag","embeddable":true,"href":"http:\/\/sportyheaven.pl\/en\/wp-json\/wp\/v2\/product_tag?post=3578"}],"curies":[{"name":"wp","href":"https:\/\/api.w.org\/{rel}","templated":true}]}}