{"id":3575,"date":"2023-12-13T13:21:02","date_gmt":"2023-12-13T12:21:02","guid":{"rendered":"https:\/\/sportyheaven.pl\/produkty\/ochraniacz-na-szczeke-czarny\/"},"modified":"2025-04-29T10:07:24","modified_gmt":"2025-04-29T08:07:24","slug":"ochraniacz-na-szczeke-czarny","status":"publish","type":"product","link":"http:\/\/sportyheaven.pl\/en\/sklep\/ochraniacz-na-szczeke-czarny\/","title":{"rendered":"Ochraniacz na szcz\u0119k\u0119 &#8211; czarny"},"content":{"rendered":"<div class=\"description\">\n<div class=\"item item-12\">\n<div class=\"description\">\n<div class=\"item item-12\">\n<p><span style=\"font-size:10pt;font-family:'Open Sans', sans-serif;\"><strong>Ochraniacz na szcz\u0119k\u0119<\/strong><\/p>\n<p>Dwuwarstwowy ochraniacz szcz\u0119ki do wszelkiego rodzaju sport\u00f3w walki. Dzi\u0119ki dwuwarstwowej konstrukcji idealnie chroni i jednocze\u015bnie zapewnia komfort u\u017cytkowania. \u00a0<\/span><\/p>\n<p><span style=\"font-size:10pt;font-family:'Open Sans', sans-serif;\">\u2022 Dwuwarstwowa konstrukcja<\/span><br \/><span style=\"font-size:10pt;font-family:'Open Sans', sans-serif;\">\u2022 Twarda zewn\u0119trzn\u0105 warstwa zapewnia idealn\u0105 ochron\u0119<\/span><br \/><span style=\"font-size:10pt;font-family:'Open Sans', sans-serif;\">\u2022 Wewn\u0119trzna warstwa \u015bci\u015ble dopasowuje si\u0119 do kszta\u0142tu szcz\u0119ki<\/span><br \/><span style=\"font-size:10pt;font-family:'Open Sans', sans-serif;\">\u2022 Specjalne kanaliki u\u0142atwiaj\u0105 oddychanie<\/span><br \/><span style=\"font-size:10pt;font-family:'Open Sans', sans-serif;\">\u2022 Do ka\u017cdego rodzaju sport\u00f3w kontaktowych<\/span><br \/><span style=\"font-size:10pt;font-family:'Open Sans', sans-serif;\">\u2022 Pojedynczy ochraniacz na g\u00f3rne z\u0119by<\/span><br \/><span style=\"font-size:10pt;font-family:'Open Sans', sans-serif;\">\u2022 Pude\u0142ko antybakteryjne w komplecie<\/p>\n<p>kod: 100358<\/span><span style=\"font-size:12pt;font-family:'Open Sans', sans-serif;\"><\/p>\n<p><\/span><\/p>\n<\/div>\n<\/div>\n<\/div>\n<\/div>\n","protected":false},"excerpt":{"rendered":"<p>YAKIMASPORT<br \/>\nEAN: 5903796710595<\/p>\n","protected":false},"featured_media":3573,"template":"","meta":{"_acf_changed":false},"marka":[],"product_cat":[119,118,123],"product_tag":[],"class_list":{"0":"post-3575","1":"product","2":"type-product","3":"status-publish","4":"has-post-thumbnail","6":"product_cat-akcesoria-do-sportow-walki","7":"product_cat-sporty-walki","8":"product_cat-yakimasport","10":"first","11":"instock","12":"taxable","13":"shipping-taxable","14":"purchasable","15":"product-type-simple"},"acf":[],"_links":{"self":[{"href":"http:\/\/sportyheaven.pl\/en\/wp-json\/wp\/v2\/product\/3575","targetHints":{"allow":["GET"]}}],"collection":[{"href":"http:\/\/sportyheaven.pl\/en\/wp-json\/wp\/v2\/product"}],"about":[{"href":"http:\/\/sportyheaven.pl\/en\/wp-json\/wp\/v2\/types\/product"}],"version-history":[{"count":0,"href":"http:\/\/sportyheaven.pl\/en\/wp-json\/wp\/v2\/product\/3575\/revisions"}],"wp:featuredmedia":[{"embeddable":true,"href":"http:\/\/sportyheaven.pl\/en\/wp-json\/wp\/v2\/media\/3573"}],"wp:attachment":[{"href":"http:\/\/sportyheaven.pl\/en\/wp-json\/wp\/v2\/media?parent=3575"}],"wp:term":[{"taxonomy":"marka","embeddable":true,"href":"http:\/\/sportyheaven.pl\/en\/wp-json\/wp\/v2\/marka?post=3575"},{"taxonomy":"product_cat","embeddable":true,"href":"http:\/\/sportyheaven.pl\/en\/wp-json\/wp\/v2\/product_cat?post=3575"},{"taxonomy":"product_tag","embeddable":true,"href":"http:\/\/sportyheaven.pl\/en\/wp-json\/wp\/v2\/product_tag?post=3575"}],"curies":[{"name":"wp","href":"https:\/\/api.w.org\/{rel}","templated":true}]}}