{"id":3569,"date":"2023-12-13T13:21:01","date_gmt":"2023-12-13T12:21:01","guid":{"rendered":"https:\/\/sportyheaven.pl\/produkty\/kask-bokserski-z-oslona-kosci-policzkowych\/"},"modified":"2025-04-29T10:07:24","modified_gmt":"2025-04-29T08:07:24","slug":"kask-bokserski-z-oslona-kosci-policzkowych","status":"publish","type":"product","link":"http:\/\/sportyheaven.pl\/en\/sklep\/kask-bokserski-z-oslona-kosci-policzkowych\/","title":{"rendered":"Kask bokserski z os\u0142on\u0105 ko\u015bci policzkowych"},"content":{"rendered":"<div class=\"description\">\n<div class=\"item item-12\">\n<div class=\"description\">\n<div class=\"item item-12\">\n<div>\n<div>\n<div>\n<div>\n<p><span style=\"font-family:'Open Sans', sans-serif;font-size:10pt;\"><strong>Kask bokserski z os\u0142on\u0105 ko\u015bci policzkowych<br \/><\/strong><br \/>&#8211; Kask bokserski zosta\u0142 zaprojektowany zgodnie z normami bezpiecze\u0144stwa zapewniaj\u0105c wysoki komfort treningu oraz bezpiecze\u0144stwo podczas sparing\u00f3w.<br \/><\/span><span style=\"font-family:'Open Sans', sans-serif;font-size:10pt;\"><strong>&#8211; Kszta\u0142t kasku zosta\u0142 zaprojektowany tak aby zas\u0142oni\u0107 ko\u015bci policzkowe chroni\u0105c oczy i nos przed silnymi uderzeniami.<br \/><\/strong><\/span><span style=\"font-family:'Open Sans', sans-serif;font-size:10pt;\">&#8211; Du\u017ca cze\u015b\u0107 czo\u0142owa kasku oraz dodatkowe os\u0142ony w okolicach uszu zapewniaj\u0105 w\u0142a\u015bciw\u0105 ochron\u0119 podczas \u0107wicze\u0144 i sparing\u00f3w.<br \/><\/span><span style=\"font-family:'Open Sans', sans-serif;font-size:10pt;\"><strong>&#8211; Wzmocnienie w okolicach szcz\u0119ki zapewnia jej dodatkow\u0105 stabilizacj\u0119 i chroni przed jej urazami.<br \/><\/strong><\/span><span style=\"font-family:'Open Sans', sans-serif;font-size:10pt;\">&#8211; Kask zosta\u0142 wype\u0142niony wysokiej jako\u015bci piank\u0105 o zwi\u0119kszonej g\u0119sto\u015bci, kt\u00f3ra doskonale si\u0142\u0119 uderze\u0144.<br \/><\/span><span style=\"font-family:'Open Sans', sans-serif;font-size:10pt;\">&#8211; Kask zosta\u0142 wykonany ze wzmocnionej sk\u00f3ry syntetycznej, kt\u00f3ra nie ch\u0142onie potu i jest \u0142atwa w utrzymaniu czysto\u015bci. Dzi\u0119ki zwi\u0119kszonej elastyczno\u015bci materia\u0142u jest on odporny na p\u0119kni\u0119cia i rozerwania.<br \/><\/span><span style=\"font-family:'Open Sans', sans-serif;font-size:10pt;\">&#8211; Konstrukcja kasku i trwa\u0142y rzep zapewniaj\u0105 mo\u017cliwo\u015b\u0107 p\u0142ynnego dopasowania rozmiaru kasku do indywidualnych potrzeb.<br \/><\/span><span style=\"font-family:'Open Sans', sans-serif;font-size:10pt;\">&#8211; Wype\u0142nienie: pianka poliuretanowa.<br \/><\/span><span style=\"font-family:'Open Sans', sans-serif;font-size:10pt;\">&#8211; Materia\u0142: wzmocniona sk\u00f3ra syntetyczna.<br \/><\/span><span style=\"font-family:'Open Sans', sans-serif;font-size:10pt;\">&#8211; Dost\u0119pny w dw\u00f3ch rozmiarach S oraz L<\/span><\/p>\n<p><span style=\"font-family:'Open Sans', sans-serif;font-size:10pt;\">Kod rozmiaru S: 100347<br \/><\/span><span style=\"font-family:'Open Sans', sans-serif;font-size:10pt;\">Kod rozmiaru L: 100346<\/span><\/p>\n<\/div>\n<\/div>\n<\/div>\n<\/div>\n<\/div>\n<\/div>\n<\/div>\n<\/div>\n","protected":false},"excerpt":{"rendered":"<p>YAKIMASPORT<br \/>\nEAN: 5903796710786<\/p>\n","protected":false},"featured_media":3567,"template":"","meta":{"_acf_changed":false},"marka":[],"product_cat":[119,118,123],"product_tag":[],"class_list":{"0":"post-3569","1":"product","2":"type-product","3":"status-publish","4":"has-post-thumbnail","6":"product_cat-akcesoria-do-sportow-walki","7":"product_cat-sporty-walki","8":"product_cat-yakimasport","10":"first","11":"instock","12":"taxable","13":"shipping-taxable","14":"purchasable","15":"product-type-simple"},"acf":[],"_links":{"self":[{"href":"http:\/\/sportyheaven.pl\/en\/wp-json\/wp\/v2\/product\/3569","targetHints":{"allow":["GET"]}}],"collection":[{"href":"http:\/\/sportyheaven.pl\/en\/wp-json\/wp\/v2\/product"}],"about":[{"href":"http:\/\/sportyheaven.pl\/en\/wp-json\/wp\/v2\/types\/product"}],"version-history":[{"count":0,"href":"http:\/\/sportyheaven.pl\/en\/wp-json\/wp\/v2\/product\/3569\/revisions"}],"wp:featuredmedia":[{"embeddable":true,"href":"http:\/\/sportyheaven.pl\/en\/wp-json\/wp\/v2\/media\/3567"}],"wp:attachment":[{"href":"http:\/\/sportyheaven.pl\/en\/wp-json\/wp\/v2\/media?parent=3569"}],"wp:term":[{"taxonomy":"marka","embeddable":true,"href":"http:\/\/sportyheaven.pl\/en\/wp-json\/wp\/v2\/marka?post=3569"},{"taxonomy":"product_cat","embeddable":true,"href":"http:\/\/sportyheaven.pl\/en\/wp-json\/wp\/v2\/product_cat?post=3569"},{"taxonomy":"product_tag","embeddable":true,"href":"http:\/\/sportyheaven.pl\/en\/wp-json\/wp\/v2\/product_tag?post=3569"}],"curies":[{"name":"wp","href":"https:\/\/api.w.org\/{rel}","templated":true}]}}