{"id":3539,"date":"2023-12-13T13:20:50","date_gmt":"2023-12-13T12:20:50","guid":{"rendered":"https:\/\/sportyheaven.pl\/produkty\/rekawice-bokserskie-damskie-forsythia\/"},"modified":"2025-04-29T09:55:44","modified_gmt":"2025-04-29T07:55:44","slug":"rekawice-bokserskie-damskie-forsythia","status":"publish","type":"product","link":"http:\/\/sportyheaven.pl\/en\/sklep\/rekawice-bokserskie-damskie-forsythia\/","title":{"rendered":"R\u0119kawice bokserskie damskie FORSYTHIA"},"content":{"rendered":"<p><span style=\"font-size: 10pt; font-family: 'Open Sans', sans-serif;\"><strong>R\u0119kawice bokserskie FORSYTHIA<\/strong><\/span><\/p>\n<p><span style=\"font-size: 10pt; font-family: 'Open Sans', sans-serif;\">Model dedykowany dla kobiet. Je\u015bli chcesz czu\u0107 si\u0119 kobieco bez wzgl\u0119du na form\u0119 aktywno\u015bci, mo\u017cesz si\u0119gn\u0105\u0107 po lini\u0119 przeznaczone specjalnie dla pa\u0144.<\/span><br \/><span style=\"font-size: 10pt; font-family: 'Open Sans', sans-serif;\">R\u0119kawice s\u0105 produkowane z uwzgl\u0119dnieniem budowy damskiej d\u0142oni (kszta\u0142t i gabaryty) oraz wzgl\u0119d\u00f3w estetycznych (kolor\u00f3w).<\/span><br \/><span style=\"font-size: 10pt; font-family: 'Open Sans', sans-serif;\">Na pewno b\u0119dziesz si\u0119 w nich wyr\u00f3\u017cnia\u0107 na ringu.<\/span><br \/><span style=\"font-size: 10pt; font-family: 'Open Sans', sans-serif;\">Model FORSYTHIA ma wy\u015bci\u00f3\u0142k\u0119 z g\u0119stej pianki , najwy\u017cszej jako\u015bci ochrona d\u0142oni oraz du\u017cy pasek\/rzep na nadgarstku, aby utrzyma\u0107 i zablokowa\u0107 je w miejscu podczas treningu. Oddychaj\u0105ce wn\u0119trze. Bardzo silna oraz trwa\u0142o\u015b\u0107 w atrakcyjnej cenie. R\u0119kawice zapewniaj\u0105 d\u0142oni\u0105 poprawn\u0105 , prawid\u0142ow\u0105 pozycj\u0119 podczas treningu.<\/span><br \/><span style=\"font-size: 10pt; font-family: 'Open Sans', sans-serif;\">Marka YAKIMASPORT zosta\u0142a wybrana jako dostawca r\u0119kawic zawodowym zawodniczkom m.in. Laurze Grzyb.<\/span><\/p>\n<p><span style=\"font-size: 10pt;\"><strong><span style=\"font-family: 'Open Sans', sans-serif;\">Dane techniczne:<\/span><\/strong><\/span><br \/><span style=\"font-size: 10pt; font-family: 'Open Sans', sans-serif;\">&#8211; Wysokiej jako\u015bci sk\u00f3ra syntetyczna.<\/span><br \/><span style=\"font-size: 10pt; font-family: 'Open Sans', sans-serif;\">&#8211; Pianka wielu g\u0119sto\u015bci o doskona\u0142ej absorpcji wstrz\u0105s\u00f3w.<\/span><br \/><span style=\"font-size: 10pt; font-family: 'Open Sans', sans-serif;\">&#8211; Du\u017ce zapi\u0119cie na rzep<\/span><br \/><span style=\"font-size: 10pt; font-family: 'Open Sans', sans-serif;\">&#8211; Pe\u0142ny do\u0142\u0105czony kciuk, aby zminimalizowa\u0107 ryzyko skr\u0119cania.<\/span><br \/><span style=\"font-size: 10pt; font-family: 'Open Sans', sans-serif;\">&#8211; Oddychaj\u0105ce wn\u0119trze<\/span><\/p>\n<p><span style=\"font-size: 10pt; font-family: 'Open Sans', sans-serif;\">Dost\u0119pne rozmiary: 6 oz, 8 oz, 10 oz, 12 oz<\/p>\n<p>kod: 100548<\/span><\/p>\n","protected":false},"excerpt":{"rendered":"<p>YAKIMASPORT<br \/>\nEAN: 5903796713206<\/p>\n","protected":false},"featured_media":3537,"template":"","meta":{"_acf_changed":false},"marka":[],"product_cat":[119,118,123],"product_tag":[],"class_list":{"0":"post-3539","1":"product","2":"type-product","3":"status-publish","4":"has-post-thumbnail","6":"product_cat-akcesoria-do-sportow-walki","7":"product_cat-sporty-walki","8":"product_cat-yakimasport","10":"first","11":"instock","12":"taxable","13":"shipping-taxable","14":"purchasable","15":"product-type-simple"},"acf":[],"_links":{"self":[{"href":"http:\/\/sportyheaven.pl\/en\/wp-json\/wp\/v2\/product\/3539","targetHints":{"allow":["GET"]}}],"collection":[{"href":"http:\/\/sportyheaven.pl\/en\/wp-json\/wp\/v2\/product"}],"about":[{"href":"http:\/\/sportyheaven.pl\/en\/wp-json\/wp\/v2\/types\/product"}],"version-history":[{"count":1,"href":"http:\/\/sportyheaven.pl\/en\/wp-json\/wp\/v2\/product\/3539\/revisions"}],"predecessor-version":[{"id":5841,"href":"http:\/\/sportyheaven.pl\/en\/wp-json\/wp\/v2\/product\/3539\/revisions\/5841"}],"wp:featuredmedia":[{"embeddable":true,"href":"http:\/\/sportyheaven.pl\/en\/wp-json\/wp\/v2\/media\/3537"}],"wp:attachment":[{"href":"http:\/\/sportyheaven.pl\/en\/wp-json\/wp\/v2\/media?parent=3539"}],"wp:term":[{"taxonomy":"marka","embeddable":true,"href":"http:\/\/sportyheaven.pl\/en\/wp-json\/wp\/v2\/marka?post=3539"},{"taxonomy":"product_cat","embeddable":true,"href":"http:\/\/sportyheaven.pl\/en\/wp-json\/wp\/v2\/product_cat?post=3539"},{"taxonomy":"product_tag","embeddable":true,"href":"http:\/\/sportyheaven.pl\/en\/wp-json\/wp\/v2\/product_tag?post=3539"}],"curies":[{"name":"wp","href":"https:\/\/api.w.org\/{rel}","templated":true}]}}