{"id":3527,"date":"2023-12-13T13:20:46","date_gmt":"2023-12-13T12:20:46","guid":{"rendered":"https:\/\/sportyheaven.pl\/produkty\/rekawice-bokserskie-skora-naturalna-pro-spider\/"},"modified":"2025-04-29T09:47:35","modified_gmt":"2025-04-29T07:47:35","slug":"rekawice-bokserskie-skora-naturalna-pro-spider","status":"publish","type":"product","link":"http:\/\/sportyheaven.pl\/en\/sklep\/rekawice-bokserskie-skora-naturalna-pro-spider\/","title":{"rendered":"R\u0119kawice bokserskie sk\u00f3ra naturalna PRO SPIDER"},"content":{"rendered":"<p><span style=\"font-size: 10pt;\"><strong><span style=\"font-family: 'Open Sans', sans-serif;\">R\u0119kawice bokserskie SPIDER<\/span><\/strong><\/span><\/p>\n<p><span style=\"font-family: 'Open Sans', sans-serif; font-size: 10pt;\">&#8211; S\u0105 w 100% wykonane r\u0119cznie ze sk\u00f3ry naturalnej. Bardzo wygodne, szybko dopasowuj\u0105 si\u0119 do d\u0142oni.<\/span><br \/><span style=\"font-family: 'Open Sans', sans-serif; font-size: 10pt;\">&#8211; Do\u0142\u0105czony kciuk i wodoodporna podszewka zapewniaj\u0105 najlepsz\u0105 ochron\u0119 i komfort.<\/span><br \/><span style=\"font-size: 10pt;\"><span style=\"font-family: 'Open Sans', sans-serif;\">&#8211; R\u0119kawica posiada specjalny system SWC (Special Wrist Closer) zapobiegaj\u0105cy wyginaniu si\u0119 nadgarstka przy mocnych uderzeniach. <br \/>&#8211; Preferuje\u00a0<\/span><span style=\"font-family: 'Open Sans', sans-serif;\">zawodnik\u00f3w lubi\u0105cych u\u017cywa\u0107 r\u0119kawic domykaj\u0105cych pi\u0119\u015bci.<\/span><\/span><br \/><span style=\"font-family: 'Open Sans', sans-serif; font-size: 10pt;\">\u00a0<\/span><br \/><span style=\"font-size: 10pt;\"><strong><span style=\"font-family: 'Open Sans', sans-serif;\">Opis:<\/span><\/strong><\/span><br \/><span style=\"font-size: 10pt;\"><span style=\"font-family: 'Open Sans', sans-serif;\">&#8211; 100% sk\u00f3ra naturalna<br \/><\/span><span style=\"font-family: 'Open Sans', sans-serif;\">&#8211; System SWC &#8211; Special Wrist Closer &#8211; umieszczony przy nadgarstkach<img decoding=\"async\" src=\"\/\/yakimasport.pl\/images\/special%20wrist%20closer.jpg\" alt=\"\" width=\"84\" height=\"44\" \/><br \/>&#8211; Wodoodporna podszewka zapobiega wchodzeniu wilgoci do wn\u0119trza i utrzymuje r\u0119kawice w czysto\u015bci<\/span><\/span><br \/><span style=\"font-family: 'Open Sans', sans-serif; font-size: 10pt;\">&#8211; Mi\u0119kki \u015brodek dopasowuje si\u0119 do d\u0142oni<\/span><br \/><span style=\"font-family: 'Open Sans', sans-serif; font-size: 10pt;\">&#8211; R\u0119kawice z serii PRO SERIES &#8211; przeznaczone dla profesjonalnych zawodnik\u00f3w jak i trenuj\u0105cych amatorsko<\/span><\/p>\n<p><span style=\"font-size: 10pt;\"><strong><span style=\"font-family: 'Open Sans', sans-serif;\">Opinie zawodowych pi\u0119\u015bciarzy o r\u0119kawicy SPIDER:<\/span><\/strong><\/span><br \/><span style=\"font-family: 'Open Sans', sans-serif; font-size: 10pt;\">&#8220;Zastosowany system SWC doskonale zabezpiecza nadgarstki przed urazami podczas treningu mocnych uderze\u0144&#8221;<\/span><br \/><span style=\"font-family: 'Open Sans', sans-serif; font-size: 10pt;\">&#8220;Konstrukcja domykaj\u0105ca pi\u0119\u015bci sprawia, \u017ce podczas sparing\u00f3w nie traci si\u0119 si\u0142y aby domyka\u0107 pi\u0119\u015b\u0107 przy wyprowadzaniu uderze\u0144&#8221;<\/span><br \/><span style=\"font-family: 'Open Sans', sans-serif; font-size: 10pt;\">&#8220;R\u0119kawice SPIDER s\u0105 bardzo wygodne niezale\u017cnie od wielko\u015bci d\u0142oni. Doskonale dopasowuj\u0105 si\u0119 do jej kszta\u0142tu&#8221;<\/span><br \/><span style=\"font-family: 'Open Sans', sans-serif; font-size: 10pt;\">&#8220;Wewn\u0119trzny materia\u0142 jest bardzo przyjemy dla d\u0142oni&#8221;<\/span><\/p>\n<p><span style=\"font-family: 'Open Sans', sans-serif; font-size: 10pt;\"><strong>Zastosowanie:<\/strong> Walki amatorskie, sparingi, trening na tarczach, trening na worku.<\/p>\n<p><iframe width=\"425\" height=\"350\" src=\"\/\/www.youtube.com\/embed\/IhnnzwtnhmU\"><\/iframe>\u00a0<\/span><\/p>\n","protected":false},"excerpt":{"rendered":"<p>YAKIMASPORT<br \/>\nEAN: 5906718236708<\/p>\n","protected":false},"featured_media":3525,"template":"","meta":{"_acf_changed":false},"marka":[],"product_cat":[119,118,123],"product_tag":[],"class_list":{"0":"post-3527","1":"product","2":"type-product","3":"status-publish","4":"has-post-thumbnail","6":"product_cat-akcesoria-do-sportow-walki","7":"product_cat-sporty-walki","8":"product_cat-yakimasport","10":"first","11":"instock","12":"taxable","13":"shipping-taxable","14":"purchasable","15":"product-type-simple"},"acf":[],"_links":{"self":[{"href":"http:\/\/sportyheaven.pl\/en\/wp-json\/wp\/v2\/product\/3527","targetHints":{"allow":["GET"]}}],"collection":[{"href":"http:\/\/sportyheaven.pl\/en\/wp-json\/wp\/v2\/product"}],"about":[{"href":"http:\/\/sportyheaven.pl\/en\/wp-json\/wp\/v2\/types\/product"}],"version-history":[{"count":1,"href":"http:\/\/sportyheaven.pl\/en\/wp-json\/wp\/v2\/product\/3527\/revisions"}],"predecessor-version":[{"id":5511,"href":"http:\/\/sportyheaven.pl\/en\/wp-json\/wp\/v2\/product\/3527\/revisions\/5511"}],"wp:featuredmedia":[{"embeddable":true,"href":"http:\/\/sportyheaven.pl\/en\/wp-json\/wp\/v2\/media\/3525"}],"wp:attachment":[{"href":"http:\/\/sportyheaven.pl\/en\/wp-json\/wp\/v2\/media?parent=3527"}],"wp:term":[{"taxonomy":"marka","embeddable":true,"href":"http:\/\/sportyheaven.pl\/en\/wp-json\/wp\/v2\/marka?post=3527"},{"taxonomy":"product_cat","embeddable":true,"href":"http:\/\/sportyheaven.pl\/en\/wp-json\/wp\/v2\/product_cat?post=3527"},{"taxonomy":"product_tag","embeddable":true,"href":"http:\/\/sportyheaven.pl\/en\/wp-json\/wp\/v2\/product_tag?post=3527"}],"curies":[{"name":"wp","href":"https:\/\/api.w.org\/{rel}","templated":true}]}}