{"id":3473,"date":"2023-12-13T13:20:24","date_gmt":"2023-12-13T12:20:24","guid":{"rendered":"https:\/\/sportyheaven.pl\/produkty\/wozek-do-oznaczani-linii-na-emulsje\/"},"modified":"2025-04-29T09:28:46","modified_gmt":"2025-04-29T07:28:46","slug":"wozek-do-oznaczani-linii-na-emulsje","status":"publish","type":"product","link":"http:\/\/sportyheaven.pl\/en\/sklep\/wozek-do-oznaczani-linii-na-emulsje\/","title":{"rendered":"W\u00f3zek do oznaczania linii na emulsj\u0119"},"content":{"rendered":"<p><span style=\"font-family: 'Open Sans', sans-serif; font-size: 10pt;\">\u2705 Regulacja szeroko\u015bci linii od 5 do 15 cm<\/span><br \/><span style=\"font-family: 'Open Sans', sans-serif; font-size: 10pt;\">\u2705 Pojemno\u015b\u0107 robocza zbiornika 11,0 dm3<\/span><br \/><span style=\"font-family: 'Open Sans', sans-serif; font-size: 10pt;\">\u2705 Malowanie\u00a0emulsj\u0105 to zwi\u0119kszona trwa\u0142o\u015b\u0107 linii oraz odporno\u015b\u0107 na warunki atmosferyczne<\/span><\/p>\n","protected":false},"excerpt":{"rendered":"<p>Yakima<br \/>\nEAN: <\/p>\n","protected":false},"featured_media":3471,"template":"","meta":{"_acf_changed":false},"marka":[],"product_cat":[123,74,80],"product_tag":[],"class_list":{"0":"post-3473","1":"product","2":"type-product","3":"status-publish","4":"has-post-thumbnail","6":"product_cat-yakimasport","7":"product_cat-pilka-nozna","8":"product_cat-akcesoria-pilkarskie","10":"first","11":"instock","12":"taxable","13":"shipping-taxable","14":"purchasable","15":"product-type-simple"},"acf":[],"_links":{"self":[{"href":"http:\/\/sportyheaven.pl\/en\/wp-json\/wp\/v2\/product\/3473","targetHints":{"allow":["GET"]}}],"collection":[{"href":"http:\/\/sportyheaven.pl\/en\/wp-json\/wp\/v2\/product"}],"about":[{"href":"http:\/\/sportyheaven.pl\/en\/wp-json\/wp\/v2\/types\/product"}],"version-history":[{"count":3,"href":"http:\/\/sportyheaven.pl\/en\/wp-json\/wp\/v2\/product\/3473\/revisions"}],"predecessor-version":[{"id":5919,"href":"http:\/\/sportyheaven.pl\/en\/wp-json\/wp\/v2\/product\/3473\/revisions\/5919"}],"wp:featuredmedia":[{"embeddable":true,"href":"http:\/\/sportyheaven.pl\/en\/wp-json\/wp\/v2\/media\/3471"}],"wp:attachment":[{"href":"http:\/\/sportyheaven.pl\/en\/wp-json\/wp\/v2\/media?parent=3473"}],"wp:term":[{"taxonomy":"marka","embeddable":true,"href":"http:\/\/sportyheaven.pl\/en\/wp-json\/wp\/v2\/marka?post=3473"},{"taxonomy":"product_cat","embeddable":true,"href":"http:\/\/sportyheaven.pl\/en\/wp-json\/wp\/v2\/product_cat?post=3473"},{"taxonomy":"product_tag","embeddable":true,"href":"http:\/\/sportyheaven.pl\/en\/wp-json\/wp\/v2\/product_tag?post=3473"}],"curies":[{"name":"wp","href":"https:\/\/api.w.org\/{rel}","templated":true}]}}