{"id":3470,"date":"2023-12-13T13:20:24","date_gmt":"2023-12-13T12:20:24","guid":{"rendered":"https:\/\/sportyheaven.pl\/produkty\/slupki-do-siatkowki-stalowe-lakierowane\/"},"modified":"2025-04-29T09:28:46","modified_gmt":"2025-04-29T07:28:46","slug":"slupki-do-siatkowki-stalowe-lakierowane","status":"publish","type":"product","link":"http:\/\/sportyheaven.pl\/en\/sklep\/slupki-do-siatkowki-stalowe-lakierowane\/","title":{"rendered":"S\u0142upki do siatk\u00f3wki stalowe, lakierowane"},"content":{"rendered":"<div><span style=\"font-family:arial, helvetica, sans-serif;font-size:10pt;\"><strong>S\u0142upki do siatk\u00f3wki stalowe, lakierowane<\/strong><\/p>\n<p>&#8211; Wysoko\u015b\u0107 s\u0142upka &#8211; ok. 2,8 5m;<br \/>&#8211; S\u0142upki wykonane z profili stalowych fi 76 mm, malowane proszkowo;<br \/>&#8211; S\u0142upki mocowane w tulejach;<br \/>&#8211; Komplet sk\u0142ada si\u0119 z dw\u00f3ch s\u0142upk\u00f3w, jeden z napinaczem \u015brubowym siatki, drugi z elementami zaczepowymi siatki;<br \/>&#8211; Bezstopniowa regulacja zawieszenia siatki w zakresie 1,07-2,43 m umo\u017cliwia wykorzystanie ich do gry w siatk\u00f3wk\u0119, tenisa oraz badmintona;<br \/>&#8211; S\u0142upki mog\u0105 by\u0107 stosowane do siatk\u00f3wki pla\u017cowej;<br \/>&#8211; Zgodno\u015b\u0107 z przepisami PZPS oraz norm\u0105 PN-EN 1271:2006 p.4<br \/>&#8211; Certyfikat bezpiecze\u0144stwa wydany przez Instytut Sportu.<br \/>&#8211; Kolor s\u0142upk\u00f3w na zdj\u0119ciu jest przyk\u0142adowy, po z\u0142o\u017ceniu zam\u00f3wienia prosimy o podanie koloru, w przeciwnym razie\u00a0 zostan\u0105 dostarczone losowo.<\/span><br \/><span style=\"font-family:arial, helvetica, sans-serif;font-size:10pt;\">&#8211;\u00a0Cena obejmuje komplet 2 s\u0142upk\u00f3w bez tulei i siatki.<\/span><\/div>\n<div><span style=\"font-family:arial, helvetica, sans-serif;font-size:10pt;\">&#8211; Koszt transportu 246,00\u00a0z\u0142 brutto<\/p>\n<p>wymiary paczki:\u00a0300x20x30 \u2013 40kg <\/span><\/div>\n","protected":false},"excerpt":{"rendered":"<p>Yakima<br \/>\nEAN: <\/p>\n","protected":false},"featured_media":3468,"template":"","meta":{"_acf_changed":false},"marka":[],"product_cat":[112,123],"product_tag":[],"class_list":{"0":"post-3470","1":"product","2":"type-product","3":"status-publish","4":"has-post-thumbnail","6":"product_cat-akcesoria-siatkarskie","7":"product_cat-yakimasport","9":"first","10":"instock","11":"taxable","12":"shipping-taxable","13":"purchasable","14":"product-type-simple"},"acf":[],"_links":{"self":[{"href":"http:\/\/sportyheaven.pl\/en\/wp-json\/wp\/v2\/product\/3470","targetHints":{"allow":["GET"]}}],"collection":[{"href":"http:\/\/sportyheaven.pl\/en\/wp-json\/wp\/v2\/product"}],"about":[{"href":"http:\/\/sportyheaven.pl\/en\/wp-json\/wp\/v2\/types\/product"}],"version-history":[{"count":0,"href":"http:\/\/sportyheaven.pl\/en\/wp-json\/wp\/v2\/product\/3470\/revisions"}],"wp:featuredmedia":[{"embeddable":true,"href":"http:\/\/sportyheaven.pl\/en\/wp-json\/wp\/v2\/media\/3468"}],"wp:attachment":[{"href":"http:\/\/sportyheaven.pl\/en\/wp-json\/wp\/v2\/media?parent=3470"}],"wp:term":[{"taxonomy":"marka","embeddable":true,"href":"http:\/\/sportyheaven.pl\/en\/wp-json\/wp\/v2\/marka?post=3470"},{"taxonomy":"product_cat","embeddable":true,"href":"http:\/\/sportyheaven.pl\/en\/wp-json\/wp\/v2\/product_cat?post=3470"},{"taxonomy":"product_tag","embeddable":true,"href":"http:\/\/sportyheaven.pl\/en\/wp-json\/wp\/v2\/product_tag?post=3470"}],"curies":[{"name":"wp","href":"https:\/\/api.w.org\/{rel}","templated":true}]}}