{"id":3458,"date":"2023-12-13T13:20:19","date_gmt":"2023-12-13T12:20:19","guid":{"rendered":"https:\/\/sportyheaven.pl\/produkty\/obciaznik-worek-obciazeniowy-podwojny-bramek-przenosnych-sand-bag\/"},"modified":"2025-03-09T22:42:57","modified_gmt":"2025-03-09T21:42:57","slug":"obciaznik-worek-obciazeniowy-podwojny-bramek-przenosnych-sand-bag","status":"publish","type":"product","link":"http:\/\/sportyheaven.pl\/en\/sklep\/obciaznik-worek-obciazeniowy-podwojny-bramek-przenosnych-sand-bag\/","title":{"rendered":"Obci\u0105\u017cnik, worek obci\u0105\u017ceniowy podw\u00f3jny bramek przeno\u015bnych &#8211; Sand bag"},"content":{"rendered":"<p><span style=\"font-family: 'Open Sans', sans-serif; font-size: 10pt;\"><strong>Obci\u0105\u017cnik do bramek przeno\u015bnych\u00a0podw\u00f3jny<br \/><\/strong><\/span><br \/><span style=\"font-family: 'Open Sans', sans-serif; font-size: 10pt;\">&#8211; Obci\u0105\u017cnik posiada dwie komory do w\u0142o\u017cenia dowolnej wagi ci\u0119\u017cark\u00f3w<\/span><br \/><span style=\"font-family: 'Open Sans', sans-serif; font-size: 10pt;\">&#8211; Idealnie nadaje si\u0119 na boiska typu Orlik lub na hal\u0119.<br \/>&#8211; Stabilizuje bramk\u0119 i powoduje, \u017ce przy strzale lub silnym wietrze bramka nie przesuwa si\u0119.<\/span><\/p>\n<p><span style=\"font-family: 'Open Sans', sans-serif; font-size: 10pt;\">Kod produktu:\u00a0100416<\/span><\/p>\n","protected":false},"excerpt":{"rendered":"<p>YAKIMASPORT<br \/>\nEAN: 5903796712254<\/p>\n","protected":false},"featured_media":5351,"template":"","meta":{"_acf_changed":false},"marka":[],"product_cat":[123,74,76],"product_tag":[],"class_list":{"0":"post-3458","1":"product","2":"type-product","3":"status-publish","4":"has-post-thumbnail","6":"product_cat-yakimasport","7":"product_cat-pilka-nozna","8":"product_cat-bramki-pilka-nozna","10":"first","11":"instock","12":"taxable","13":"shipping-taxable","14":"purchasable","15":"product-type-simple"},"acf":[],"_links":{"self":[{"href":"http:\/\/sportyheaven.pl\/en\/wp-json\/wp\/v2\/product\/3458","targetHints":{"allow":["GET"]}}],"collection":[{"href":"http:\/\/sportyheaven.pl\/en\/wp-json\/wp\/v2\/product"}],"about":[{"href":"http:\/\/sportyheaven.pl\/en\/wp-json\/wp\/v2\/types\/product"}],"version-history":[{"count":1,"href":"http:\/\/sportyheaven.pl\/en\/wp-json\/wp\/v2\/product\/3458\/revisions"}],"predecessor-version":[{"id":5509,"href":"http:\/\/sportyheaven.pl\/en\/wp-json\/wp\/v2\/product\/3458\/revisions\/5509"}],"wp:featuredmedia":[{"embeddable":true,"href":"http:\/\/sportyheaven.pl\/en\/wp-json\/wp\/v2\/media\/5351"}],"wp:attachment":[{"href":"http:\/\/sportyheaven.pl\/en\/wp-json\/wp\/v2\/media?parent=3458"}],"wp:term":[{"taxonomy":"marka","embeddable":true,"href":"http:\/\/sportyheaven.pl\/en\/wp-json\/wp\/v2\/marka?post=3458"},{"taxonomy":"product_cat","embeddable":true,"href":"http:\/\/sportyheaven.pl\/en\/wp-json\/wp\/v2\/product_cat?post=3458"},{"taxonomy":"product_tag","embeddable":true,"href":"http:\/\/sportyheaven.pl\/en\/wp-json\/wp\/v2\/product_tag?post=3458"}],"curies":[{"name":"wp","href":"https:\/\/api.w.org\/{rel}","templated":true}]}}