{"id":3434,"date":"2023-12-13T13:20:10","date_gmt":"2023-12-13T12:20:10","guid":{"rendered":"https:\/\/sportyheaven.pl\/produkty\/bramka-pilkarska-giza-zak-3m-x-155m-300cm-x-155cm-unifikacja\/"},"modified":"2025-04-29T08:39:22","modified_gmt":"2025-04-29T06:39:22","slug":"bramka-pilkarska-giza-zak-3m-x-155m-300cm-x-155cm-unifikacja","status":"publish","type":"product","link":"http:\/\/sportyheaven.pl\/en\/sklep\/bramka-pilkarska-giza-zak-3m-x-155m-300cm-x-155cm-unifikacja\/","title":{"rendered":"Bramka pi\u0142karska GIZA \u017bAK 3m x 1,55m | 300cm x 155cm Unifikacja"},"content":{"rendered":"<p><span style=\"font-family:'Open Sans', sans-serif;font-size:10pt;\"><strong>\u2705\u00a0<\/strong>Bramka zaakceptowana przez PZPN do rozgrywek w kategorii wiekowej \u017bak\u00a0(bezproblemowe przyznawanie gwiazdek w procesie certyfikacji) <strong><br \/>\u2705\u00a0<\/strong>Wymiary wynosz\u0105ce 300cm \u00d7155cm \u00d7100cm;\u00a0\u00a0<strong><br \/><\/strong><strong>\u2705\u00a0<\/strong>Mo\u017cliwo\u015b\u0107 zakupu maty celowniczej<br \/>\u2705 Mo\u017cliwo\u015b\u0107 zakupu siatki w innym kolorze.<\/span><strong><br \/><\/strong><\/p>\n","protected":false},"excerpt":{"rendered":"<p>YAKIMASPORT<br \/>\nEAN: 5906718236517<\/p>\n","protected":false},"featured_media":5322,"template":"","meta":{"_acf_changed":false},"marka":[],"product_cat":[123,74,76],"product_tag":[],"class_list":{"0":"post-3434","1":"product","2":"type-product","3":"status-publish","4":"has-post-thumbnail","6":"product_cat-yakimasport","7":"product_cat-pilka-nozna","8":"product_cat-bramki-pilka-nozna","10":"first","11":"instock","12":"taxable","13":"shipping-taxable","14":"purchasable","15":"product-type-simple"},"acf":[],"_links":{"self":[{"href":"http:\/\/sportyheaven.pl\/en\/wp-json\/wp\/v2\/product\/3434","targetHints":{"allow":["GET"]}}],"collection":[{"href":"http:\/\/sportyheaven.pl\/en\/wp-json\/wp\/v2\/product"}],"about":[{"href":"http:\/\/sportyheaven.pl\/en\/wp-json\/wp\/v2\/types\/product"}],"version-history":[{"count":4,"href":"http:\/\/sportyheaven.pl\/en\/wp-json\/wp\/v2\/product\/3434\/revisions"}],"predecessor-version":[{"id":5944,"href":"http:\/\/sportyheaven.pl\/en\/wp-json\/wp\/v2\/product\/3434\/revisions\/5944"}],"wp:featuredmedia":[{"embeddable":true,"href":"http:\/\/sportyheaven.pl\/en\/wp-json\/wp\/v2\/media\/5322"}],"wp:attachment":[{"href":"http:\/\/sportyheaven.pl\/en\/wp-json\/wp\/v2\/media?parent=3434"}],"wp:term":[{"taxonomy":"marka","embeddable":true,"href":"http:\/\/sportyheaven.pl\/en\/wp-json\/wp\/v2\/marka?post=3434"},{"taxonomy":"product_cat","embeddable":true,"href":"http:\/\/sportyheaven.pl\/en\/wp-json\/wp\/v2\/product_cat?post=3434"},{"taxonomy":"product_tag","embeddable":true,"href":"http:\/\/sportyheaven.pl\/en\/wp-json\/wp\/v2\/product_tag?post=3434"}],"curies":[{"name":"wp","href":"https:\/\/api.w.org\/{rel}","templated":true}]}}