{"id":3404,"date":"2023-12-13T13:19:53","date_gmt":"2023-12-13T12:19:53","guid":{"rendered":"https:\/\/sportyheaven.pl\/produkty\/haczyk-zaczep-standard-do-mocowania-siatki\/"},"modified":"2025-04-29T08:57:43","modified_gmt":"2025-04-29T06:57:43","slug":"haczyk-zaczep-standard-do-mocowania-siatki","status":"publish","type":"product","link":"http:\/\/sportyheaven.pl\/en\/sklep\/haczyk-zaczep-standard-do-mocowania-siatki\/","title":{"rendered":"Haczyk zaczep STANDARD do mocowania siatki"},"content":{"rendered":"<p><span style=\"font-family: 'Open Sans', sans-serif; font-size: 11pt;\"><span style=\"font-size: 12pt;\"><strong>Haczyk standard\u00a0<\/strong><\/span><\/p>\n<p>&#8211; Haczyk do mocowania siatki<\/span><br \/><span style=\"font-family: 'Open Sans', sans-serif; font-size: 11pt;\">&#8211; Wykonany z tworzywa sztucznego<\/span><br \/><span style=\"font-family: 'Open Sans', sans-serif; font-size: 11pt;\">&#8211; Wymiary 32x23x16 mm (wysoko\u015b\u0107 x szeroko\u015b\u0107 x grubo\u015b\u0107)<\/span><\/p>\n<p><span style=\"font-family: 'Open Sans', sans-serif; font-size: 11pt;\">Kod produktu:\u00a0100245<\/span><\/p>\n","protected":false},"excerpt":{"rendered":"<p>Yakima<br \/>\nEAN: <\/p>\n","protected":false},"featured_media":5341,"template":"","meta":{"_acf_changed":false},"marka":[],"product_cat":[123,74,77],"product_tag":[],"class_list":{"0":"post-3404","1":"product","2":"type-product","3":"status-publish","4":"has-post-thumbnail","6":"product_cat-yakimasport","7":"product_cat-pilka-nozna","8":"product_cat-siatki-pilka-nozna","10":"first","11":"instock","12":"taxable","13":"shipping-taxable","14":"purchasable","15":"product-type-simple"},"acf":[],"_links":{"self":[{"href":"http:\/\/sportyheaven.pl\/en\/wp-json\/wp\/v2\/product\/3404","targetHints":{"allow":["GET"]}}],"collection":[{"href":"http:\/\/sportyheaven.pl\/en\/wp-json\/wp\/v2\/product"}],"about":[{"href":"http:\/\/sportyheaven.pl\/en\/wp-json\/wp\/v2\/types\/product"}],"version-history":[{"count":2,"href":"http:\/\/sportyheaven.pl\/en\/wp-json\/wp\/v2\/product\/3404\/revisions"}],"predecessor-version":[{"id":5914,"href":"http:\/\/sportyheaven.pl\/en\/wp-json\/wp\/v2\/product\/3404\/revisions\/5914"}],"wp:featuredmedia":[{"embeddable":true,"href":"http:\/\/sportyheaven.pl\/en\/wp-json\/wp\/v2\/media\/5341"}],"wp:attachment":[{"href":"http:\/\/sportyheaven.pl\/en\/wp-json\/wp\/v2\/media?parent=3404"}],"wp:term":[{"taxonomy":"marka","embeddable":true,"href":"http:\/\/sportyheaven.pl\/en\/wp-json\/wp\/v2\/marka?post=3404"},{"taxonomy":"product_cat","embeddable":true,"href":"http:\/\/sportyheaven.pl\/en\/wp-json\/wp\/v2\/product_cat?post=3404"},{"taxonomy":"product_tag","embeddable":true,"href":"http:\/\/sportyheaven.pl\/en\/wp-json\/wp\/v2\/product_tag?post=3404"}],"curies":[{"name":"wp","href":"https:\/\/api.w.org\/{rel}","templated":true}]}}