{"id":3401,"date":"2023-12-13T13:19:52","date_gmt":"2023-12-13T12:19:52","guid":{"rendered":"https:\/\/sportyheaven.pl\/produkty\/obciaznik-do-bramki\/"},"modified":"2025-04-29T08:57:42","modified_gmt":"2025-04-29T06:57:42","slug":"obciaznik-do-bramki","status":"publish","type":"product","link":"http:\/\/sportyheaven.pl\/en\/sklep\/obciaznik-do-bramki\/","title":{"rendered":"Obci\u0105\u017cnik do bramki 50kg"},"content":{"rendered":"<p style=\"text-align: left; margin: 0pt 0pt 0pt 0pt;\"><span style=\"font-size: 10pt; font-family: 'Open Sans', sans-serif;\"><strong>Obci\u0105\u017cenie bramki &#8211; 50 kg\u00a0<\/strong><\/span><\/p>\n<p style=\"text-align: left; margin: 0pt 0pt 0pt 0pt;\"><span style=\"font-family: 'Open Sans', sans-serif; font-size: 10pt;\">\u00a0<\/span><\/p>\n<div style=\"margin: 0pt; text-align: justify;\"><span style=\"font-family: 'Open Sans', sans-serif; font-size: 10pt;\">&#8211; Obci\u0105\u017cenie bramki zapewnia bezpiecze\u0144stwo podczas u\u017cytkowania bramek przestawnych na sztucznych nawierzchniach!<br \/>&#8211; Ocynkowane ogniowo, z k\u00f3\u0142kiem umo\u017cliwiaj\u0105cym przetaczanie i uchwytem do prowadzenia.<br \/>&#8211; Posiada uchwyty umo\u017cliwiaj\u0105ce zaczepienie do podstawy szkieletu bramki.<\/span><br \/><span style=\"font-family: 'Open Sans', sans-serif; font-size: 10pt;\">&#8211; Obci\u0105\u017cniki posiadaj\u0105 deklaracj\u0119 zgodno\u015bci z polskimi normami PN-EN 748<\/span><\/div>\n<div style=\"margin: 0pt; text-align: justify;\"><span style=\"font-family: 'Open Sans', sans-serif; font-size: 10pt;\">&#8211; Waga 50 kg<\/span><\/div>\n<div style=\"margin: 0pt; text-align: justify;\"><span style=\"font-family: 'Open Sans', sans-serif; font-size: 10pt;\">\u00a0<\/span><\/div>\n<div style=\"margin: 0pt; text-align: justify;\"><span style=\"font-family: 'Open Sans', sans-serif; font-size: 10pt;\">Bramka 5&#215;2 m &#8211; zalecane 3 obci\u0105\u017cenia (150 kg)<\/span><\/div>\n<div style=\"margin: 0pt; text-align: justify;\"><span style=\"font-family: 'Open Sans', sans-serif; font-size: 10pt;\">\u00a0<\/span><\/div>\n<div style=\"margin: 0pt; text-align: justify;\"><span style=\"font-family: 'Open Sans', sans-serif; font-size: 10pt;\">Bramka 7.32&#215;2.44 m &#8211; zalecane 4 obci\u0105\u017cenia (200 kg)<\/p>\n<p>Koszt transportu wyceniany indywidualnie.<\/p>\n<p>Kod produktu:\u00a0100080<\/span><\/div>\n","protected":false},"excerpt":{"rendered":"<p>Yakima<br \/>\nEAN: <\/p>\n","protected":false},"featured_media":5339,"template":"","meta":{"_acf_changed":false},"marka":[],"product_cat":[123,74,76],"product_tag":[],"class_list":{"0":"post-3401","1":"product","2":"type-product","3":"status-publish","4":"has-post-thumbnail","6":"product_cat-yakimasport","7":"product_cat-pilka-nozna","8":"product_cat-bramki-pilka-nozna","10":"first","11":"instock","12":"taxable","13":"shipping-taxable","14":"purchasable","15":"product-type-simple"},"acf":[],"_links":{"self":[{"href":"http:\/\/sportyheaven.pl\/en\/wp-json\/wp\/v2\/product\/3401","targetHints":{"allow":["GET"]}}],"collection":[{"href":"http:\/\/sportyheaven.pl\/en\/wp-json\/wp\/v2\/product"}],"about":[{"href":"http:\/\/sportyheaven.pl\/en\/wp-json\/wp\/v2\/types\/product"}],"version-history":[{"count":1,"href":"http:\/\/sportyheaven.pl\/en\/wp-json\/wp\/v2\/product\/3401\/revisions"}],"predecessor-version":[{"id":5653,"href":"http:\/\/sportyheaven.pl\/en\/wp-json\/wp\/v2\/product\/3401\/revisions\/5653"}],"wp:featuredmedia":[{"embeddable":true,"href":"http:\/\/sportyheaven.pl\/en\/wp-json\/wp\/v2\/media\/5339"}],"wp:attachment":[{"href":"http:\/\/sportyheaven.pl\/en\/wp-json\/wp\/v2\/media?parent=3401"}],"wp:term":[{"taxonomy":"marka","embeddable":true,"href":"http:\/\/sportyheaven.pl\/en\/wp-json\/wp\/v2\/marka?post=3401"},{"taxonomy":"product_cat","embeddable":true,"href":"http:\/\/sportyheaven.pl\/en\/wp-json\/wp\/v2\/product_cat?post=3401"},{"taxonomy":"product_tag","embeddable":true,"href":"http:\/\/sportyheaven.pl\/en\/wp-json\/wp\/v2\/product_tag?post=3401"}],"curies":[{"name":"wp","href":"https:\/\/api.w.org\/{rel}","templated":true}]}}