{"id":3398,"date":"2023-12-13T13:19:51","date_gmt":"2023-12-13T12:19:51","guid":{"rendered":"https:\/\/sportyheaven.pl\/produkty\/siatka-na-bramke-732-x-244-m-plaster-miodu\/"},"modified":"2025-04-29T08:51:08","modified_gmt":"2025-04-29T06:51:08","slug":"siatka-na-bramke-732-x-244-m-plaster-miodu","status":"publish","type":"product","link":"http:\/\/sportyheaven.pl\/en\/sklep\/siatka-na-bramke-732-x-244-m-plaster-miodu\/","title":{"rendered":"Siatka na bramk\u0119 7,32 x 2,44 m &#8211; plaster miodu 4mm"},"content":{"rendered":"<p><span style=\"font-family: 'Open Sans', sans-serif; font-size: 10pt;\">\u2705 Oczko siatki w kszta\u0142cie sze\u015bcianu. Bardzo \u0142adnie prezentuje si\u0119 na bramce<\/span><br \/><span style=\"font-family: 'Open Sans', sans-serif; font-size: 10pt;\">\u2705 Grubo\u015b\u0107 sploty a\u017c 4mm. Siatka bardzo trwa\u0142a<\/span><br \/><span style=\"font-family: 'Open Sans', sans-serif; font-size: 10pt;\">\u2705 Siatka pasuje na bramki o wymiarach 7,32m x 2,44m z odci\u0105gami\u00a0<\/span><br \/><span style=\"font-family: 'Open Sans', sans-serif; font-size: 10pt;\">\u2705\u00a0Stosowana na bramkach m.in w Ekstraklasie<\/span><br \/><span style=\"font-family: 'Open Sans', sans-serif; font-size: 10pt;\">\u2705 G\u0142\u0119boko\u015b\u0107 2m g\u00f3ra i d\u00f3\u0142<\/span><\/p>\n","protected":false},"excerpt":{"rendered":"<p>YAKIMASPORT<br \/>\nEAN: 5903796716238<\/p>\n","protected":false},"featured_media":3396,"template":"","meta":{"_acf_changed":false},"marka":[],"product_cat":[123,74,77],"product_tag":[],"class_list":{"0":"post-3398","1":"product","2":"type-product","3":"status-publish","4":"has-post-thumbnail","6":"product_cat-yakimasport","7":"product_cat-pilka-nozna","8":"product_cat-siatki-pilka-nozna","10":"first","11":"instock","12":"taxable","13":"shipping-taxable","14":"purchasable","15":"product-type-simple"},"acf":[],"_links":{"self":[{"href":"http:\/\/sportyheaven.pl\/en\/wp-json\/wp\/v2\/product\/3398","targetHints":{"allow":["GET"]}}],"collection":[{"href":"http:\/\/sportyheaven.pl\/en\/wp-json\/wp\/v2\/product"}],"about":[{"href":"http:\/\/sportyheaven.pl\/en\/wp-json\/wp\/v2\/types\/product"}],"version-history":[{"count":5,"href":"http:\/\/sportyheaven.pl\/en\/wp-json\/wp\/v2\/product\/3398\/revisions"}],"predecessor-version":[{"id":5789,"href":"http:\/\/sportyheaven.pl\/en\/wp-json\/wp\/v2\/product\/3398\/revisions\/5789"}],"wp:featuredmedia":[{"embeddable":true,"href":"http:\/\/sportyheaven.pl\/en\/wp-json\/wp\/v2\/media\/3396"}],"wp:attachment":[{"href":"http:\/\/sportyheaven.pl\/en\/wp-json\/wp\/v2\/media?parent=3398"}],"wp:term":[{"taxonomy":"marka","embeddable":true,"href":"http:\/\/sportyheaven.pl\/en\/wp-json\/wp\/v2\/marka?post=3398"},{"taxonomy":"product_cat","embeddable":true,"href":"http:\/\/sportyheaven.pl\/en\/wp-json\/wp\/v2\/product_cat?post=3398"},{"taxonomy":"product_tag","embeddable":true,"href":"http:\/\/sportyheaven.pl\/en\/wp-json\/wp\/v2\/product_tag?post=3398"}],"curies":[{"name":"wp","href":"https:\/\/api.w.org\/{rel}","templated":true}]}}