{"id":3389,"date":"2023-12-13T13:19:48","date_gmt":"2023-12-13T12:19:48","guid":{"rendered":"https:\/\/sportyheaven.pl\/produkty\/siatka-na-bramke-5x2-m-3-mm\/"},"modified":"2025-04-29T08:51:08","modified_gmt":"2025-04-29T06:51:08","slug":"siatka-na-bramke-5x2-m-3-mm","status":"publish","type":"product","link":"http:\/\/sportyheaven.pl\/en\/sklep\/siatka-na-bramke-5x2-m-3-mm\/","title":{"rendered":"Siatka na bramk\u0119 5&#215;2 m 3 mm"},"content":{"rendered":"<p><span style=\"font-family: 'Open Sans', sans-serif; font-size: 10pt;\">\u2705 Grubo\u015b\u0107 sploty 3mm. Siatka bardzo trwa\u0142a<\/span><br \/><span style=\"font-family: 'Open Sans', sans-serif; font-size: 10pt;\">\u2705 Siatka pasuje na bramki o wymiarach 5m x 2m (typowa bramka do pi\u0142ki no\u017cnej spotykana na Orlikach)<\/span><br \/><span style=\"font-family: 'Open Sans', sans-serif; font-size: 10pt;\">\u2705 Pasuje do wielu modeli bramek pi\u0142karskich o podobnych rozmiarach<\/span><br \/><span style=\"font-family: 'Open Sans', sans-serif; font-size: 10pt;\">\u2705 \u0141atwy monta\u017c\u00a0<\/span><\/p>\n","protected":false},"excerpt":{"rendered":"<p>YAKIMASPORT<br \/>\nEAN: 5906718236647<\/p>\n","protected":false},"featured_media":3387,"template":"","meta":{"_acf_changed":false},"marka":[],"product_cat":[123,74,77],"product_tag":[],"class_list":{"0":"post-3389","1":"product","2":"type-product","3":"status-publish","4":"has-post-thumbnail","6":"product_cat-yakimasport","7":"product_cat-pilka-nozna","8":"product_cat-siatki-pilka-nozna","10":"first","11":"instock","12":"taxable","13":"shipping-taxable","14":"purchasable","15":"product-type-simple"},"acf":[],"_links":{"self":[{"href":"http:\/\/sportyheaven.pl\/en\/wp-json\/wp\/v2\/product\/3389","targetHints":{"allow":["GET"]}}],"collection":[{"href":"http:\/\/sportyheaven.pl\/en\/wp-json\/wp\/v2\/product"}],"about":[{"href":"http:\/\/sportyheaven.pl\/en\/wp-json\/wp\/v2\/types\/product"}],"version-history":[{"count":1,"href":"http:\/\/sportyheaven.pl\/en\/wp-json\/wp\/v2\/product\/3389\/revisions"}],"predecessor-version":[{"id":5786,"href":"http:\/\/sportyheaven.pl\/en\/wp-json\/wp\/v2\/product\/3389\/revisions\/5786"}],"wp:featuredmedia":[{"embeddable":true,"href":"http:\/\/sportyheaven.pl\/en\/wp-json\/wp\/v2\/media\/3387"}],"wp:attachment":[{"href":"http:\/\/sportyheaven.pl\/en\/wp-json\/wp\/v2\/media?parent=3389"}],"wp:term":[{"taxonomy":"marka","embeddable":true,"href":"http:\/\/sportyheaven.pl\/en\/wp-json\/wp\/v2\/marka?post=3389"},{"taxonomy":"product_cat","embeddable":true,"href":"http:\/\/sportyheaven.pl\/en\/wp-json\/wp\/v2\/product_cat?post=3389"},{"taxonomy":"product_tag","embeddable":true,"href":"http:\/\/sportyheaven.pl\/en\/wp-json\/wp\/v2\/product_tag?post=3389"}],"curies":[{"name":"wp","href":"https:\/\/api.w.org\/{rel}","templated":true}]}}