{"id":3380,"date":"2023-12-13T13:19:44","date_gmt":"2023-12-13T12:19:44","guid":{"rendered":"https:\/\/sportyheaven.pl\/produkty\/bramka-do-pilki-noznej-732x244-m-przenosna\/"},"modified":"2025-04-29T08:49:34","modified_gmt":"2025-04-29T06:49:34","slug":"bramka-do-pilki-noznej-732x244-m-przenosna","status":"publish","type":"product","link":"http:\/\/sportyheaven.pl\/en\/sklep\/bramka-do-pilki-noznej-732x244-m-przenosna\/","title":{"rendered":"Bramka do pi\u0142ki no\u017cnej 7,32&#215;2,44 m przeno\u015bna"},"content":{"rendered":"<p><span style=\"font-family: 'Open Sans', sans-serif; font-size: 10pt;\"><strong>\u2705<\/strong> Wymiary bramki: \u00a07,32&#215;2,44 m, g\u0142\u0119boko\u015b\u0107 80\/200cm (g\u00f3ra\/d\u00f3\u0142)<\/span><br \/><span style=\"font-family: 'Open Sans', sans-serif; font-size: 10pt;\"><strong>\u2705<\/strong> Bramka przestawna, mo\u017cliwo\u015b\u0107 ustawienia na ka\u017cdej powierzchni<\/span><\/p>\n","protected":false},"excerpt":{"rendered":"<p>Yakima<br \/>\nEAN: <\/p>\n","protected":false},"featured_media":5333,"template":"","meta":{"_acf_changed":false},"marka":[],"product_cat":[123,74,76],"product_tag":[],"class_list":{"0":"post-3380","1":"product","2":"type-product","3":"status-publish","4":"has-post-thumbnail","6":"product_cat-yakimasport","7":"product_cat-pilka-nozna","8":"product_cat-bramki-pilka-nozna","10":"first","11":"instock","12":"taxable","13":"shipping-taxable","14":"purchasable","15":"product-type-simple"},"acf":[],"_links":{"self":[{"href":"http:\/\/sportyheaven.pl\/en\/wp-json\/wp\/v2\/product\/3380","targetHints":{"allow":["GET"]}}],"collection":[{"href":"http:\/\/sportyheaven.pl\/en\/wp-json\/wp\/v2\/product"}],"about":[{"href":"http:\/\/sportyheaven.pl\/en\/wp-json\/wp\/v2\/types\/product"}],"version-history":[{"count":1,"href":"http:\/\/sportyheaven.pl\/en\/wp-json\/wp\/v2\/product\/3380\/revisions"}],"predecessor-version":[{"id":5652,"href":"http:\/\/sportyheaven.pl\/en\/wp-json\/wp\/v2\/product\/3380\/revisions\/5652"}],"wp:featuredmedia":[{"embeddable":true,"href":"http:\/\/sportyheaven.pl\/en\/wp-json\/wp\/v2\/media\/5333"}],"wp:attachment":[{"href":"http:\/\/sportyheaven.pl\/en\/wp-json\/wp\/v2\/media?parent=3380"}],"wp:term":[{"taxonomy":"marka","embeddable":true,"href":"http:\/\/sportyheaven.pl\/en\/wp-json\/wp\/v2\/marka?post=3380"},{"taxonomy":"product_cat","embeddable":true,"href":"http:\/\/sportyheaven.pl\/en\/wp-json\/wp\/v2\/product_cat?post=3380"},{"taxonomy":"product_tag","embeddable":true,"href":"http:\/\/sportyheaven.pl\/en\/wp-json\/wp\/v2\/product_tag?post=3380"}],"curies":[{"name":"wp","href":"https:\/\/api.w.org\/{rel}","templated":true}]}}