{"id":3377,"date":"2023-12-13T13:19:44","date_gmt":"2023-12-13T12:19:44","guid":{"rendered":"https:\/\/sportyheaven.pl\/produkty\/bramka-aluminiowa-do-pilki-noznej-5-x-2-m-przenosna\/"},"modified":"2025-04-29T08:48:22","modified_gmt":"2025-04-29T06:48:22","slug":"bramka-aluminiowa-do-pilki-noznej-5-x-2-m-przenosna","status":"publish","type":"product","link":"http:\/\/sportyheaven.pl\/en\/sklep\/bramka-aluminiowa-do-pilki-noznej-5-x-2-m-przenosna\/","title":{"rendered":"Bramka aluminiowa do pi\u0142ki no\u017cnej 5 x 2 m przeno\u015bna"},"content":{"rendered":"<p><span style=\"font-family: 'Open Sans', sans-serif; font-size: 10pt;\">\u2705 Wymiary 5m x 2m<\/span><br \/><span style=\"font-family: 'Open Sans', sans-serif; font-size: 10pt;\">\u2705\u00a0Certyfikat bezpiecze\u0144stwa wydany przez Instytut Sportu <\/span><br \/><span style=\"font-family: 'Open Sans', sans-serif; font-size: 10pt;\">\u2705\u00a0Zgodno\u015b\u0107 z przepisami FIFA, PZPN oraz norm\u0105 PN-EN 748-2006<br \/>\u2705 Owalny profil aluminiowy 100x120mm<br \/>\u2705 W zestawie elementy mocuj\u0105ce do murawy<br \/><\/span><\/p>\n","protected":false},"excerpt":{"rendered":"<p>Yakima<br \/>\nEAN: <\/p>\n","protected":false},"featured_media":5330,"template":"","meta":{"_acf_changed":false},"marka":[],"product_cat":[123,74,76],"product_tag":[],"class_list":{"0":"post-3377","1":"product","2":"type-product","3":"status-publish","4":"has-post-thumbnail","6":"product_cat-yakimasport","7":"product_cat-pilka-nozna","8":"product_cat-bramki-pilka-nozna","10":"first","11":"instock","12":"taxable","13":"shipping-taxable","14":"purchasable","15":"product-type-simple"},"acf":[],"_links":{"self":[{"href":"http:\/\/sportyheaven.pl\/en\/wp-json\/wp\/v2\/product\/3377","targetHints":{"allow":["GET"]}}],"collection":[{"href":"http:\/\/sportyheaven.pl\/en\/wp-json\/wp\/v2\/product"}],"about":[{"href":"http:\/\/sportyheaven.pl\/en\/wp-json\/wp\/v2\/types\/product"}],"version-history":[{"count":2,"href":"http:\/\/sportyheaven.pl\/en\/wp-json\/wp\/v2\/product\/3377\/revisions"}],"predecessor-version":[{"id":5774,"href":"http:\/\/sportyheaven.pl\/en\/wp-json\/wp\/v2\/product\/3377\/revisions\/5774"}],"wp:featuredmedia":[{"embeddable":true,"href":"http:\/\/sportyheaven.pl\/en\/wp-json\/wp\/v2\/media\/5330"}],"wp:attachment":[{"href":"http:\/\/sportyheaven.pl\/en\/wp-json\/wp\/v2\/media?parent=3377"}],"wp:term":[{"taxonomy":"marka","embeddable":true,"href":"http:\/\/sportyheaven.pl\/en\/wp-json\/wp\/v2\/marka?post=3377"},{"taxonomy":"product_cat","embeddable":true,"href":"http:\/\/sportyheaven.pl\/en\/wp-json\/wp\/v2\/product_cat?post=3377"},{"taxonomy":"product_tag","embeddable":true,"href":"http:\/\/sportyheaven.pl\/en\/wp-json\/wp\/v2\/product_tag?post=3377"}],"curies":[{"name":"wp","href":"https:\/\/api.w.org\/{rel}","templated":true}]}}