{"id":3347,"date":"2023-12-13T13:19:30","date_gmt":"2023-12-13T12:19:30","guid":{"rendered":"https:\/\/sportyheaven.pl\/produkty\/pilka-lekarska-5-kg\/"},"modified":"2025-04-29T08:37:38","modified_gmt":"2025-04-29T06:37:38","slug":"pilka-lekarska-5-kg","status":"publish","type":"product","link":"http:\/\/sportyheaven.pl\/en\/sklep\/pilka-lekarska-5-kg\/","title":{"rendered":"Pi\u0142ka lekarska 5 kg"},"content":{"rendered":"<div style=\"text-align:justify;\"><span style=\"font-family:'Open Sans', sans-serif;font-size:10pt;\">\u2705 Wytrzyma\u0142o\u015b\u0107: Wykonana z wysokiej jako\u015bci materia\u0142\u00f3w jest odporna na p\u0119kanie i \u015bcieranie nawet podczas intensywnych trening\u00f3w<\/span><\/div>\n<div style=\"text-align:justify;\"><span style=\"font-family:'Open Sans', sans-serif;font-size:10pt;\">\u2705 Antypo\u015blizgowa powierzchnia: Zapewnia pewny chwyt, co zwi\u0119ksza bezpiecze\u0144stwo podczas \u0107wicze\u0144 i pozwala na wykonywanie ruch\u00f3w z pe\u0142n\u0105 kontrol\u0105.<\/span><\/div>\n<div style=\"text-align:justify;\"><span style=\"font-family:'Open Sans', sans-serif;font-size:10pt;\">\u2705Wszechstronno\u015b\u0107: Umo\u017cliwia wykonywanie szerokiej gamy \u0107wicze\u0144, od treningu si\u0142owego po rehabilitacj\u0119, rozwijaj\u0105c si\u0142\u0119, wytrzyma\u0142o\u015b\u0107, koordynacj\u0119 i szybko\u015b\u0107.<\/span><\/div>\n<div style=\"text-align:justify;\"><span style=\"font-family:'Open Sans', sans-serif;font-size:10pt;\">\u2705Bezpiecze\u0144stwo: Cz\u0119sto zaprojektowana z my\u015bl\u0105 o absorbowaniu wstrz\u0105s\u00f3w, co minimalizuje ryzyko uraz\u00f3w podczas dynamicznych \u0107wicze\u0144.<\/span><\/div>\n<div style=\"text-align:justify;\"><span style=\"font-family:'Open Sans', sans-serif;font-size:10pt;\">\u2705\u0141atwo\u015b\u0107 utrzymania w czysto\u015bci: Materia\u0142 pozwalaj\u0105cy na \u0142atwe czyszczenie i konserwacj\u0119, co jest wa\u017cne w \u015brodowiskach z intensywnym u\u017cytkowaniem, jak si\u0142ownie czy o\u015brodki sportowe<\/span><\/div>\n","protected":false},"excerpt":{"rendered":"<p>YAKIMASPORT<br \/>\nEAN: 5906718236562<\/p>\n","protected":false},"featured_media":3345,"template":"","meta":{"_acf_changed":false},"marka":[],"product_cat":[127,128,123],"product_tag":[],"class_list":{"0":"post-3347","1":"product","2":"type-product","3":"status-publish","4":"has-post-thumbnail","6":"product_cat-pilki","7":"product_cat-pilki-lekarskie","8":"product_cat-yakimasport","10":"first","11":"instock","12":"taxable","13":"shipping-taxable","14":"purchasable","15":"product-type-simple"},"acf":{"informacje_o_zakupach":"Bezpieczne zakupy, 12 miesi\u0119czna gwarancja!","informacje_o_dostawie_ys":"Szybka realizacja zam\u00f3wienia i dostawa","informacje_o_zwrocie":"14-dniowa mo\u017cliwo\u015b\u0107 zwrotu!"},"_links":{"self":[{"href":"http:\/\/sportyheaven.pl\/en\/wp-json\/wp\/v2\/product\/3347","targetHints":{"allow":["GET"]}}],"collection":[{"href":"http:\/\/sportyheaven.pl\/en\/wp-json\/wp\/v2\/product"}],"about":[{"href":"http:\/\/sportyheaven.pl\/en\/wp-json\/wp\/v2\/types\/product"}],"version-history":[{"count":1,"href":"http:\/\/sportyheaven.pl\/en\/wp-json\/wp\/v2\/product\/3347\/revisions"}],"predecessor-version":[{"id":5909,"href":"http:\/\/sportyheaven.pl\/en\/wp-json\/wp\/v2\/product\/3347\/revisions\/5909"}],"wp:featuredmedia":[{"embeddable":true,"href":"http:\/\/sportyheaven.pl\/en\/wp-json\/wp\/v2\/media\/3345"}],"wp:attachment":[{"href":"http:\/\/sportyheaven.pl\/en\/wp-json\/wp\/v2\/media?parent=3347"}],"wp:term":[{"taxonomy":"marka","embeddable":true,"href":"http:\/\/sportyheaven.pl\/en\/wp-json\/wp\/v2\/marka?post=3347"},{"taxonomy":"product_cat","embeddable":true,"href":"http:\/\/sportyheaven.pl\/en\/wp-json\/wp\/v2\/product_cat?post=3347"},{"taxonomy":"product_tag","embeddable":true,"href":"http:\/\/sportyheaven.pl\/en\/wp-json\/wp\/v2\/product_tag?post=3347"}],"curies":[{"name":"wp","href":"https:\/\/api.w.org\/{rel}","templated":true}]}}