{"id":3317,"date":"2023-12-13T13:19:13","date_gmt":"2023-12-13T12:19:13","guid":{"rendered":"https:\/\/sportyheaven.pl\/produkty\/platforma-balansowa-rehabilitacyjna-dysk\/"},"modified":"2025-04-29T08:28:47","modified_gmt":"2025-04-29T06:28:47","slug":"platforma-balansowa-rehabilitacyjna-dysk","status":"publish","type":"product","link":"http:\/\/sportyheaven.pl\/en\/sklep\/platforma-balansowa-rehabilitacyjna-dysk\/","title":{"rendered":"Platforma balansowa rehabilitacyjna dysk"},"content":{"rendered":"<p><span style=\"font-family: 'Open Sans', sans-serif; font-size: 10pt;\">\u2705 Wzmocnienie mi\u0119\u015bni g\u0142\u0119bokich i stabilizator\u00f3w.<\/span><br \/><span style=\"font-family: 'Open Sans', sans-serif; font-size: 10pt;\">\u2705 Poprawa postawy i koordynacji ruchowej.<\/span><br \/><span style=\"font-family: 'Open Sans', sans-serif; font-size: 10pt;\">\u2705 Zwi\u0119kszenie mobilno\u015bci i elastyczno\u015bci staw\u00f3w.<\/span><br \/><span style=\"font-family: 'Open Sans', sans-serif; font-size: 10pt;\">\u2705 Idealne uzupe\u0142nienie treningu funkcjonalnego i rehabilitacyjnego<\/span><\/p>\n","protected":false},"excerpt":{"rendered":"<p>YAKIMASPORT<br \/>\nEAN: 5903137554253<\/p>\n","protected":false},"featured_media":3315,"template":"","meta":{"_acf_changed":false},"marka":[145],"product_cat":[367,324,325],"product_tag":[],"class_list":{"0":"post-3317","1":"product","2":"type-product","3":"status-publish","4":"has-post-thumbnail","6":"marka-yakimasport","7":"product_cat-yakimasport-en","8":"product_cat-gym-fitness","9":"product_cat-fitness-accessories","11":"first","12":"instock","13":"taxable","14":"shipping-taxable","15":"purchasable","16":"product-type-simple"},"acf":{"informacje_o_zakupach":"Bezpieczne zakupy, 12 miesi\u0119czna gwarancja!","informacje_o_dostawie_ys":"Szybka realizacja zam\u00f3wienia i dostawa","informacje_o_zwrocie":"14-dniowa mo\u017cliwo\u015b\u0107 zwrotu!"},"_links":{"self":[{"href":"http:\/\/sportyheaven.pl\/en\/wp-json\/wp\/v2\/product\/3317","targetHints":{"allow":["GET"]}}],"collection":[{"href":"http:\/\/sportyheaven.pl\/en\/wp-json\/wp\/v2\/product"}],"about":[{"href":"http:\/\/sportyheaven.pl\/en\/wp-json\/wp\/v2\/types\/product"}],"version-history":[{"count":1,"href":"http:\/\/sportyheaven.pl\/en\/wp-json\/wp\/v2\/product\/3317\/revisions"}],"predecessor-version":[{"id":5906,"href":"http:\/\/sportyheaven.pl\/en\/wp-json\/wp\/v2\/product\/3317\/revisions\/5906"}],"wp:featuredmedia":[{"embeddable":true,"href":"http:\/\/sportyheaven.pl\/en\/wp-json\/wp\/v2\/media\/3315"}],"wp:attachment":[{"href":"http:\/\/sportyheaven.pl\/en\/wp-json\/wp\/v2\/media?parent=3317"}],"wp:term":[{"taxonomy":"marka","embeddable":true,"href":"http:\/\/sportyheaven.pl\/en\/wp-json\/wp\/v2\/marka?post=3317"},{"taxonomy":"product_cat","embeddable":true,"href":"http:\/\/sportyheaven.pl\/en\/wp-json\/wp\/v2\/product_cat?post=3317"},{"taxonomy":"product_tag","embeddable":true,"href":"http:\/\/sportyheaven.pl\/en\/wp-json\/wp\/v2\/product_tag?post=3317"}],"curies":[{"name":"wp","href":"https:\/\/api.w.org\/{rel}","templated":true}]}}