{"id":3311,"date":"2023-12-13T13:19:11","date_gmt":"2023-12-13T12:19:11","guid":{"rendered":"https:\/\/sportyheaven.pl\/produkty\/polkule-sensoryczne-jezyk\/"},"modified":"2025-04-29T08:28:47","modified_gmt":"2025-04-29T06:28:47","slug":"polkule-sensoryczne-jezyk","status":"publish","type":"product","link":"http:\/\/sportyheaven.pl\/en\/sklep\/polkule-sensoryczne-jezyk\/","title":{"rendered":"P\u00f3\u0142kule sensoryczne, je\u017cyk"},"content":{"rendered":"<p><span style=\"font-family: 'Open Sans', sans-serif; font-size: 10pt;\">\u2705 Przy p\u0142askostopiu lub ostrodze pi\u0119towej\u00a0<\/span><br \/><span style=\"font-family: 'Open Sans', sans-serif; font-size: 10pt;\">\u2705 Po przebytych urazach st\u00f3p i n\u00f3g<\/span><br \/><span style=\"font-family: 'Open Sans', sans-serif; font-size: 10pt;\">\u2705 Przy problemach z integracj\u0105 sensoryczn\u0105\u00a0<\/span><br \/><span style=\"font-family: 'Open Sans', sans-serif; font-size: 10pt;\">\u2705 Do \u0107wicze\u0144 korekcyjnych dla dzieci\u00a0<\/span><br \/><span style=\"font-family: 'Open Sans', sans-serif; font-size: 10pt;\">\u2705 Podczas pracy siedz\u0105cej\u00a0<\/span><br \/><span style=\"font-family: 'Open Sans', sans-serif; font-size: 10pt;\">\u2705 Przy napi\u0119ciu mi\u0119\u015bni plec\u00f3w, szyi i bark\u00f3w<\/span><\/p>\n","protected":false},"excerpt":{"rendered":"<p>YAKIMASPORT<br \/>\nEAN: 5903796712452<\/p>\n","protected":false},"featured_media":3309,"template":"","meta":{"_acf_changed":false},"marka":[145],"product_cat":[123,61,72],"product_tag":[],"class_list":{"0":"post-3311","1":"product","2":"type-product","3":"status-publish","4":"has-post-thumbnail","6":"marka-yakimasport","7":"product_cat-yakimasport","8":"product_cat-silownia-fitness","9":"product_cat-akcesoria-fitness","11":"first","12":"instock","13":"taxable","14":"shipping-taxable","15":"purchasable","16":"product-type-simple"},"acf":[],"_links":{"self":[{"href":"http:\/\/sportyheaven.pl\/en\/wp-json\/wp\/v2\/product\/3311","targetHints":{"allow":["GET"]}}],"collection":[{"href":"http:\/\/sportyheaven.pl\/en\/wp-json\/wp\/v2\/product"}],"about":[{"href":"http:\/\/sportyheaven.pl\/en\/wp-json\/wp\/v2\/types\/product"}],"version-history":[{"count":1,"href":"http:\/\/sportyheaven.pl\/en\/wp-json\/wp\/v2\/product\/3311\/revisions"}],"predecessor-version":[{"id":5894,"href":"http:\/\/sportyheaven.pl\/en\/wp-json\/wp\/v2\/product\/3311\/revisions\/5894"}],"wp:featuredmedia":[{"embeddable":true,"href":"http:\/\/sportyheaven.pl\/en\/wp-json\/wp\/v2\/media\/3309"}],"wp:attachment":[{"href":"http:\/\/sportyheaven.pl\/en\/wp-json\/wp\/v2\/media?parent=3311"}],"wp:term":[{"taxonomy":"marka","embeddable":true,"href":"http:\/\/sportyheaven.pl\/en\/wp-json\/wp\/v2\/marka?post=3311"},{"taxonomy":"product_cat","embeddable":true,"href":"http:\/\/sportyheaven.pl\/en\/wp-json\/wp\/v2\/product_cat?post=3311"},{"taxonomy":"product_tag","embeddable":true,"href":"http:\/\/sportyheaven.pl\/en\/wp-json\/wp\/v2\/product_tag?post=3311"}],"curies":[{"name":"wp","href":"https:\/\/api.w.org\/{rel}","templated":true}]}}