{"id":3299,"date":"2023-12-13T13:19:07","date_gmt":"2023-12-13T12:19:07","guid":{"rendered":"https:\/\/sportyheaven.pl\/produkty\/apteczka-sportowa-torba-medyczna\/"},"modified":"2025-04-29T08:27:44","modified_gmt":"2025-04-29T06:27:44","slug":"apteczka-sportowa-torba-medyczna","status":"publish","type":"product","link":"http:\/\/sportyheaven.pl\/en\/sklep\/apteczka-sportowa-torba-medyczna\/","title":{"rendered":"Apteczka sportowa, torba medyczna"},"content":{"rendered":"<p><span style=\"font-family: 'Open Sans', sans-serif; font-size: 10pt;\">\u2705 D\u0142ugo\u015b\u0107 &#8211; 37 cm, szeroko\u015b\u0107 -15 cm, wysoko\u015b\u0107 &#8211; 28 cm<\/span><br \/><span style=\"font-family: 'Open Sans', sans-serif; font-size: 10pt;\">\u2705 Wodoodporny materia\u0142<\/span><br \/><span style=\"font-family: 'Open Sans', sans-serif; font-size: 10pt;\">\u2705 Wyra\u017ane oznaczenia medyczne<\/span><\/p>\n","protected":false},"excerpt":{"rendered":"<p>YAKIMASPORT<br \/>\nEAN: 5903137554123<\/p>\n","protected":false},"featured_media":3297,"template":"","meta":{"_acf_changed":false},"marka":[],"product_cat":[130,131,137,136,123,74,80],"product_tag":[],"class_list":{"0":"post-3299","1":"product","2":"type-product","3":"status-publish","4":"has-post-thumbnail","6":"product_cat-akcesoria-dla-szkol","7":"product_cat-pozostale-akcesoria-dla-szkol","8":"product_cat-pozostale-wyposazenie","9":"product_cat-wyposazenie","10":"product_cat-yakimasport","11":"product_cat-pilka-nozna","12":"product_cat-akcesoria-pilkarskie","14":"first","15":"instock","16":"taxable","17":"shipping-taxable","18":"purchasable","19":"product-type-simple"},"acf":[],"_links":{"self":[{"href":"http:\/\/sportyheaven.pl\/en\/wp-json\/wp\/v2\/product\/3299","targetHints":{"allow":["GET"]}}],"collection":[{"href":"http:\/\/sportyheaven.pl\/en\/wp-json\/wp\/v2\/product"}],"about":[{"href":"http:\/\/sportyheaven.pl\/en\/wp-json\/wp\/v2\/types\/product"}],"version-history":[{"count":2,"href":"http:\/\/sportyheaven.pl\/en\/wp-json\/wp\/v2\/product\/3299\/revisions"}],"predecessor-version":[{"id":5892,"href":"http:\/\/sportyheaven.pl\/en\/wp-json\/wp\/v2\/product\/3299\/revisions\/5892"}],"wp:featuredmedia":[{"embeddable":true,"href":"http:\/\/sportyheaven.pl\/en\/wp-json\/wp\/v2\/media\/3297"}],"wp:attachment":[{"href":"http:\/\/sportyheaven.pl\/en\/wp-json\/wp\/v2\/media?parent=3299"}],"wp:term":[{"taxonomy":"marka","embeddable":true,"href":"http:\/\/sportyheaven.pl\/en\/wp-json\/wp\/v2\/marka?post=3299"},{"taxonomy":"product_cat","embeddable":true,"href":"http:\/\/sportyheaven.pl\/en\/wp-json\/wp\/v2\/product_cat?post=3299"},{"taxonomy":"product_tag","embeddable":true,"href":"http:\/\/sportyheaven.pl\/en\/wp-json\/wp\/v2\/product_tag?post=3299"}],"curies":[{"name":"wp","href":"https:\/\/api.w.org\/{rel}","templated":true}]}}